{"id":15762,"date":"2021-01-04T14:32:06","date_gmt":"2021-01-04T14:32:06","guid":{"rendered":"https:\/\/www.esterpartners.com\/?page_id=15762"},"modified":"2025-06-18T17:38:32","modified_gmt":"2025-06-18T17:38:32","slug":"gazdasagi-es-penzugyi-munkatars","status":"publish","type":"page","link":"https:\/\/www.esterpartners.com\/en\/gazdasagi-es-penzugyi-munkatars\/","title":{"rendered":"Gazdas\u00e1gi \u00e9s p\u00e9nz\u00fcgyi munkat\u00e1rs"},"content":{"rendered":"\t\t<div data-elementor-type=\"wp-page\" data-elementor-id=\"15762\" class=\"elementor elementor-15762\" data-elementor-post-type=\"page\">\n\t\t\t\t\t\t<section class=\"elementor-section elementor-top-section elementor-element elementor-element-65f6cfbe elementor-section-content-middle elementor-section-boxed elementor-section-height-default elementor-section-height-default\" data-id=\"65f6cfbe\" data-element_type=\"section\" data-e-type=\"section\">\n\t\t\t\t\t\t<div class=\"elementor-container elementor-column-gap-default\">\n\t\t\t\t\t<div class=\"elementor-column elementor-col-100 elementor-top-column elementor-element elementor-element-5f86e66b\" data-id=\"5f86e66b\" data-element_type=\"column\" data-e-type=\"column\">\n\t\t\t<div class=\"elementor-widget-wrap elementor-element-populated\">\n\t\t\t\t\t\t<div class=\"elementor-element elementor-element-4806f193 elementor-widget elementor-widget-heading\" data-id=\"4806f193\" data-element_type=\"widget\" data-e-type=\"widget\" data-widget_type=\"heading.default\">\n\t\t\t\t<div class=\"elementor-widget-container\">\n\t\t\t\t\t<h2 class=\"elementor-heading-title elementor-size-small\">Operat\u00edv p\u00e9nz\u00fcgyi munkat\u00e1rs<\/h2>\t\t\t\t<\/div>\n\t\t\t\t<\/div>\n\t\t\t\t<div class=\"elementor-element elementor-element-3642cf19 elementor-widget elementor-widget-text-editor\" data-id=\"3642cf19\" data-element_type=\"widget\" data-e-type=\"widget\" data-widget_type=\"text-editor.default\">\n\t\t\t\t<div class=\"elementor-widget-container\">\n\t\t\t\t\t\t\t\t\t<p>A szentendrei <strong>este\u2019r partners<\/strong>\u00a0Magyarorsz\u00e1g egyik meghat\u00e1roz\u00f3 st\u00fadi\u00f3ja az \u00e9p\u00edt\u00e9szet, bels\u0151\u00e9p\u00edt\u00e9szet \u00e9s kivitelez\u00e9s ter\u00fclet\u00e9n. Munk\u00e1ink k\u00f6z\u00f6tt szerepelnek eleg\u00e1ns sz\u00e1llod\u00e1k, \u00e9ttermek, vill\u00e1k, luxuslak\u00e1sok \u00e9s m\u0171eml\u00e9k-fel\u00faj\u00edt\u00e1sok. Hossz\u00fat\u00e1v\u00fa strat\u00e9gi\u00e1nknak\u00a0k\u00f6sz\u00f6nhet\u0151en c\u00e9g\u00fcnk dinamikusan fejl\u0151dik, sz\u00e1mos hazai \u00e9s k\u00fclf\u00f6ldi megrendel\u0151nek dolgozunk.\u00a0\u00a0<\/p><p>Amennyiben az al\u00e1bbi felt\u00e9teleknek \u00fagy \u00e9rzi, hogy \u00d6n megfelel, v\u00e1rjuk jelentkez\u00e9s\u00e9t.\u00a0<\/p><p><em><u>F\u0151bb feladatok:<\/u><\/em><\/p><ul><li>Napi adminisztrat\u00edv, sz\u00e1ml\u00e1z\u00e1si \u00e9s kontrolling feladatokat<\/li><li>Szerz\u0151d\u00e9sek el\u0151k\u00e9sz\u00edt\u00e9se, menedzsel\u00e9se<\/li><li>Kapcsolattart\u00e1s \u00fcgyfelekkel, partnerekkel<\/li><li>Elektronikus sz\u00e1ml\u00e1z\u00e1s<\/li><li>Sz\u00e1ml\u00e1kkal kapcsolatos megkeres\u00e9sek, reklam\u00e1ci\u00f3k kezel\u00e9se<\/li><li>Egy\u00e9b p\u00e9nz\u00fcgyi \u00e9s sz\u00e1mviteli adminisztrat\u00edv feladatok ell\u00e1t\u00e1sa<\/li><li>\u00dczleti levelez\u00e9s<\/li><li>Egy\u00fcttm\u0171k\u00f6d\u00e9s a k\u00f6nyvel\u0151vel \u00e9s k\u00f6nyvvizsg\u00e1l\u00f3val, hat\u00f3s\u00e1gokkal, bankokkal<\/li><\/ul><p><em><u>Alapvet\u0151 felt\u00e9telek:<\/u><\/em><\/p><ul><li>Fels\u0151fok\u00fa k\u00f6zgazdas\u00e1gi vagy kereskedelmi v\u00e9gzetts\u00e9g<\/li><li>K\u00f6nyvel\u00e9si \u00e9s sz\u00e1mviteli ismeretek<\/li><li>MS Excel magas szint\u0171 ismerete<\/li><li>Kiv\u00e1l\u00f3 MS Office ismeretek (Word, Teams)<\/li><li>Alapvet\u0151 p\u00e9nz\u00fcgyi \u00e9s banki ismeretek<\/li><li>K\u00f6z\u00e9pfok\u00fa, akt\u00edv angol nyelvtud\u00e1s<\/li><\/ul><p><em><u>Egy\u00e9b elv\u00e1r\u00e1sok:<\/u><\/em><\/p><ul><li>Minimum 2-3 \u00e9v gazdas\u00e1gi ter\u00fcleten szerzett szakmai tapasztalat<\/li><li>Pontos, prec\u00edz munkav\u00e9gz\u00e9s, hat\u00e1rid\u0151k betart\u00e1sa<\/li><li>J\u00f3 kommunik\u00e1ci\u00f3s k\u00e9pess\u00e9g, nyitotts\u00e1g<\/li><li>Gyors probl\u00e9mamegold\u00f3 k\u00e9pess\u00e9g<\/li><li>Gyakorlatiass\u00e1g, flexibilit\u00e1s<\/li><\/ul><p><em><u>El\u0151nynek sz\u00e1m\u00edt:<\/u><\/em><\/p><ul><li>\u00c9p\u00edt\u0151iparban szerzett tapasztalat<\/li><li>Kereskedelemben szerzett tapasztalat<\/li><li>Olasz \u00e9s\/vagy n\u00e9met nyelvtud\u00e1s<\/li><\/ul><p><em><u>A k\u00f6vetkez\u0151ket aj\u00e1nljuk mi: <\/u><\/em><\/p><ul><li>Versenyk\u00e9pes fizet\u00e9s<\/li><li>B\u00f3nusz eredm\u00e9ny alapj\u00e1n<\/li><li>Szakmai fejl\u0151d\u00e9si lehet\u0151s\u00e9g<\/li><li>Empatikus, kreat\u00edv \u00e9s eleg\u00e1ns munkak\u00f6rnyezet<\/li><li>\u00d6sszetart\u00f3, lend\u00fcletes csapat<\/li><\/ul><p><strong>V\u00e1rjuk \u00f6n\u00e9letrajz\u00e1t \u00e9s motiv\u00e1ci\u00f3s level\u00e9t az <\/strong><a href=\"mailto:office@esterpartners.com%20\"><strong>office<\/strong><strong>@esterpartners.com<\/strong> <\/a><strong>\u00a0email c\u00edmre. Tov\u00e1bbi k\u00e9rd\u00e9s eset\u00e9n sz\u00edvesen \u00e1llunk rendelkez\u00e9sre telefonon \u00e9s szem\u00e9lyesen is.<\/strong><\/p><p>2025.06.13.<\/p>\t\t\t\t\t\t\t\t<\/div>\n\t\t\t\t<\/div>\n\t\t\t\t\t<\/div>\n\t\t<\/div>\n\t\t\t\t\t<\/div>\n\t\t<\/section>\n\t\t\t\t<footer class=\"elementor-section elementor-top-section elementor-element elementor-element-49318136 elementor-section-stretched elementor-section-boxed elementor-section-height-default elementor-section-height-default\" data-id=\"49318136\" data-element_type=\"section\" data-e-type=\"section\" data-settings=\"{&quot;background_background&quot;:&quot;classic&quot;,&quot;stretch_section&quot;:&quot;section-stretched&quot;}\">\n\t\t\t\t\t\t\t<div class=\"elementor-background-overlay\"><\/div>\n\t\t\t\t\t\t\t<div class=\"elementor-container elementor-column-gap-default\">\n\t\t\t\t\t<div class=\"elementor-column elementor-col-50 elementor-top-column elementor-element elementor-element-4e3fc48e\" data-id=\"4e3fc48e\" data-element_type=\"column\" data-e-type=\"column\">\n\t\t\t<div class=\"elementor-widget-wrap elementor-element-populated\">\n\t\t\t\t\t\t<div class=\"elementor-element elementor-element-3455f8 elementor-widget elementor-widget-image\" data-id=\"3455f8\" data-element_type=\"widget\" data-e-type=\"widget\" data-widget_type=\"image.default\">\n\t\t\t\t<div class=\"elementor-widget-container\">\n\t\t\t\t\t\t\t\t\t\t\t\t\t\t\t<img decoding=\"async\" src=\"https:\/\/www.esterpartners.com\/wp-content\/uploads\/2020\/11\/ESTERPARTNERS_logo_small_white_screen.png\" title=\"\" alt=\"\" loading=\"lazy\" \/>\t\t\t\t\t\t\t\t\t\t\t\t\t\t\t<\/div>\n\t\t\t\t<\/div>\n\t\t\t\t<div class=\"elementor-element elementor-element-68bdcbe2 elementor-widget elementor-widget-text-editor\" data-id=\"68bdcbe2\" data-element_type=\"widget\" data-e-type=\"widget\" data-widget_type=\"text-editor.default\">\n\t\t\t\t<div class=\"elementor-widget-container\">\n\t\t\t\t\t\t\t\t\t<div><p>* este\u2019r partners is the archtectural and interior design brand of Sani-World Ltd.<\/p><p>Our Hungarian and international portfolio consists of wide-ranging architectural and interior design works which, upon request, are executed by our team. Our activities cover residential and corporate commissions. Besides flats, lofts and houses our portfolio is formed of the reconstruction works of heritage buildings and castles as well.<\/p><\/div>\t\t\t\t\t\t\t\t<\/div>\n\t\t\t\t<\/div>\n\t\t\t\t\t<\/div>\n\t\t<\/div>\n\t\t\t\t<div class=\"elementor-column elementor-col-50 elementor-top-column elementor-element elementor-element-70de1b67\" data-id=\"70de1b67\" data-element_type=\"column\" data-e-type=\"column\">\n\t\t\t<div class=\"elementor-widget-wrap elementor-element-populated\">\n\t\t\t\t\t\t<div class=\"elementor-element elementor-element-2ca1e304 elementor-widget elementor-widget-heading\" data-id=\"2ca1e304\" data-element_type=\"widget\" data-e-type=\"widget\" data-widget_type=\"heading.default\">\n\t\t\t\t<div class=\"elementor-widget-container\">\n\t\t\t\t\t<h5 class=\"elementor-heading-title elementor-size-default\">CONTACT<\/h5>\t\t\t\t<\/div>\n\t\t\t\t<\/div>\n\t\t\t\t<div class=\"elementor-element elementor-element-25e4b47b elementor-align-start elementor-icon-list--layout-traditional elementor-list-item-link-full_width elementor-widget elementor-widget-icon-list\" data-id=\"25e4b47b\" data-element_type=\"widget\" data-e-type=\"widget\" data-widget_type=\"icon-list.default\">\n\t\t\t\t<div class=\"elementor-widget-container\">\n\t\t\t\t\t\t\t<ul class=\"elementor-icon-list-items\">\n\t\t\t\t\t\t\t<li class=\"elementor-icon-list-item\">\n\t\t\t\t\t\t\t\t\t\t<span class=\"elementor-icon-list-text\">2000 Szentendre, Kert\u00e9sz utca 10.<\/span>\n\t\t\t\t\t\t\t\t\t<\/li>\n\t\t\t\t\t\t\t\t<li class=\"elementor-icon-list-item\">\n\t\t\t\t\t\t\t\t\t\t\t<span class=\"elementor-icon-list-icon\">\n\t\t\t\t\t\t\t<i aria-hidden=\"true\" class=\"fas fa-phone-alt\"><\/i>\t\t\t\t\t\t<\/span>\n\t\t\t\t\t\t\t\t\t\t<span class=\"elementor-icon-list-text\">TELEFON  +36 26 500 205<\/span>\n\t\t\t\t\t\t\t\t\t<\/li>\n\t\t\t\t\t\t\t\t<li class=\"elementor-icon-list-item\">\n\t\t\t\t\t\t\t\t\t\t\t<span class=\"elementor-icon-list-icon\">\n\t\t\t\t\t\t\t<i aria-hidden=\"true\" class=\"fas fa-mobile-alt\"><\/i>\t\t\t\t\t\t<\/span>\n\t\t\t\t\t\t\t\t\t\t<span class=\"elementor-icon-list-text\">MOBIL        +36 30 955 3118<\/span>\n\t\t\t\t\t\t\t\t\t<\/li>\n\t\t\t\t\t\t\t\t<li class=\"elementor-icon-list-item\">\n\t\t\t\t\t\t\t\t\t\t\t<span class=\"elementor-icon-list-icon\">\n\t\t\t\t\t\t\t<i aria-hidden=\"true\" class=\"fas fa-mobile-alt\"><\/i>\t\t\t\t\t\t<\/span>\n\t\t\t\t\t\t\t\t\t\t<span class=\"elementor-icon-list-text\">MOBIL        +36 20 322 9015<\/span>\n\t\t\t\t\t\t\t\t\t<\/li>\n\t\t\t\t\t\t<\/ul>\n\t\t\t\t\t\t<\/div>\n\t\t\t\t<\/div>\n\t\t\t\t<div class=\"elementor-element elementor-element-f49e64c elementor-align-start elementor-icon-list--layout-traditional elementor-list-item-link-full_width elementor-widget elementor-widget-icon-list\" data-id=\"f49e64c\" data-element_type=\"widget\" data-e-type=\"widget\" data-widget_type=\"icon-list.default\">\n\t\t\t\t<div class=\"elementor-widget-container\">\n\t\t\t\t\t\t\t<ul class=\"elementor-icon-list-items\">\n\t\t\t\t\t\t\t<li class=\"elementor-icon-list-item\">\n\t\t\t\t\t\t\t\t\t\t<span class=\"elementor-icon-list-text\">Via Bernardino Telesio, 18, 20145 Milano MI, Olaszorsz\u00e1g<\/span>\n\t\t\t\t\t\t\t\t\t<\/li>\n\t\t\t\t\t\t\t\t<li class=\"elementor-icon-list-item\">\n\t\t\t\t\t\t\t\t\t\t\t<span class=\"elementor-icon-list-icon\">\n\t\t\t\t\t\t\t<i aria-hidden=\"true\" class=\"fas fa-phone-alt\"><\/i>\t\t\t\t\t\t<\/span>\n\t\t\t\t\t\t\t\t\t\t<span class=\"elementor-icon-list-text\">MOBIL  +39 02 3657 300<\/span>\n\t\t\t\t\t\t\t\t\t<\/li>\n\t\t\t\t\t\t<\/ul>\n\t\t\t\t\t\t<\/div>\n\t\t\t\t<\/div>\n\t\t\t\t\t<\/div>\n\t\t<\/div>\n\t\t\t\t\t<\/div>\n\t\t<\/footer>\n\t\t\t\t<section class=\"elementor-section elementor-top-section elementor-element elementor-element-37c50f3a elementor-section-height-min-height elementor-section-content-middle elementor-section-full_width elementor-section-height-default elementor-section-items-middle\" data-id=\"37c50f3a\" data-element_type=\"section\" data-e-type=\"section\" data-settings=\"{&quot;background_background&quot;:&quot;classic&quot;}\">\n\t\t\t\t\t\t<div class=\"elementor-container elementor-column-gap-default\">\n\t\t\t\t\t<div class=\"elementor-column elementor-col-50 elementor-top-column elementor-element elementor-element-41276625\" data-id=\"41276625\" data-element_type=\"column\" data-e-type=\"column\">\n\t\t\t<div class=\"elementor-widget-wrap elementor-element-populated\">\n\t\t\t\t\t\t<div class=\"elementor-element elementor-element-62515447 elementor-widget elementor-widget-heading\" data-id=\"62515447\" data-element_type=\"widget\" data-e-type=\"widget\" data-widget_type=\"heading.default\">\n\t\t\t\t<div class=\"elementor-widget-container\">\n\t\t\t\t\t<p class=\"elementor-heading-title elementor-size-default\">\u00a9 Copyright 2018. - este'r partners<\/p>\t\t\t\t<\/div>\n\t\t\t\t<\/div>\n\t\t\t\t\t<\/div>\n\t\t<\/div>\n\t\t\t\t<div class=\"elementor-column elementor-col-50 elementor-top-column elementor-element elementor-element-61f83a4\" data-id=\"61f83a4\" data-element_type=\"column\" data-e-type=\"column\">\n\t\t\t<div class=\"elementor-widget-wrap elementor-element-populated\">\n\t\t\t\t\t\t<div class=\"elementor-element elementor-element-425663ba e-grid-align-right elementor-shape-circle e-grid-align-mobile-center elementor-grid-0 elementor-widget elementor-widget-social-icons\" data-id=\"425663ba\" data-element_type=\"widget\" data-e-type=\"widget\" data-widget_type=\"social-icons.default\">\n\t\t\t\t<div class=\"elementor-widget-container\">\n\t\t\t\t\t\t\t<div class=\"elementor-social-icons-wrapper elementor-grid\" role=\"list\">\n\t\t\t\t\t\t\t<span class=\"elementor-grid-item\" role=\"listitem\">\n\t\t\t\t\t<a class=\"elementor-icon elementor-social-icon elementor-social-icon-facebook elementor-repeater-item-8a42994\" href=\"https:\/\/www.facebook.com\/esterpartners\" target=\"_blank\">\n\t\t\t\t\t\t<span class=\"elementor-screen-only\">Facebook<\/span>\n\t\t\t\t\t\t<i aria-hidden=\"true\" class=\"fab fa-facebook\"><\/i>\t\t\t\t\t<\/a>\n\t\t\t\t<\/span>\n\t\t\t\t\t\t\t<span class=\"elementor-grid-item\" role=\"listitem\">\n\t\t\t\t\t<a class=\"elementor-icon elementor-social-icon elementor-social-icon-instagram elementor-repeater-item-169ea60\" href=\"https:\/\/www.instagram.com\/esterpartners\/?hl=hu\" target=\"_blank\">\n\t\t\t\t\t\t<span class=\"elementor-screen-only\">Instagram<\/span>\n\t\t\t\t\t\t<i aria-hidden=\"true\" class=\"fab fa-instagram\"><\/i>\t\t\t\t\t<\/a>\n\t\t\t\t<\/span>\n\t\t\t\t\t\t\t<span class=\"elementor-grid-item\" role=\"listitem\">\n\t\t\t\t\t<a class=\"elementor-icon elementor-social-icon elementor-social-icon-behance elementor-repeater-item-a162d44\" href=\"https:\/\/www.behance.net\/esterpartners\" target=\"_blank\">\n\t\t\t\t\t\t<span class=\"elementor-screen-only\">Behance<\/span>\n\t\t\t\t\t\t<i aria-hidden=\"true\" class=\"fab fa-behance\"><\/i>\t\t\t\t\t<\/a>\n\t\t\t\t<\/span>\n\t\t\t\t\t\t\t<span class=\"elementor-grid-item\" role=\"listitem\">\n\t\t\t\t\t<a class=\"elementor-icon elementor-social-icon elementor-social-icon-linkedin elementor-repeater-item-84f7dbe\" href=\"https:\/\/www.linkedin.com\/company\/esterpartners\" target=\"_blank\">\n\t\t\t\t\t\t<span class=\"elementor-screen-only\">Linkedin<\/span>\n\t\t\t\t\t\t<i aria-hidden=\"true\" class=\"fab fa-linkedin\"><\/i>\t\t\t\t\t<\/a>\n\t\t\t\t<\/span>\n\t\t\t\t\t<\/div>\n\t\t\t\t\t\t<\/div>\n\t\t\t\t<\/div>\n\t\t\t\t\t<\/div>\n\t\t<\/div>\n\t\t\t\t\t<\/div>\n\t\t<\/section>\n\t\t\t\t<\/div>\n\t\t","protected":false},"excerpt":{"rendered":"<p>Operat\u00edv p\u00e9nz\u00fcgyi munkat\u00e1rs A szentendrei este\u2019r partners\u00a0Magyarorsz\u00e1g egyik meghat\u00e1roz\u00f3 st\u00fadi\u00f3ja az \u00e9p\u00edt\u00e9szet, bels\u0151\u00e9p\u00edt\u00e9szet \u00e9s kivitelez\u00e9s ter\u00fclet\u00e9n. Munk\u00e1ink k\u00f6z\u00f6tt szerepelnek eleg\u00e1ns sz\u00e1llod\u00e1k, \u00e9ttermek, vill\u00e1k, luxuslak\u00e1sok \u00e9s m\u0171eml\u00e9k-fel\u00faj\u00edt\u00e1sok. Hossz\u00fat\u00e1v\u00fa strat\u00e9gi\u00e1nknak\u00a0k\u00f6sz\u00f6nhet\u0151en c\u00e9g\u00fcnk dinamikusan fejl\u0151dik, sz\u00e1mos hazai \u00e9s k\u00fclf\u00f6ldi megrendel\u0151nek dolgozunk. Amennyiben az al\u00e1bbi felt\u00e9teleknek \u00fagy \u00e9rzi, hogy \u00d6n megfelel, v\u00e1rjuk jelentkez\u00e9s\u00e9t. F\u0151bb feladatok: Napi adminisztrat\u00edv, sz\u00e1ml\u00e1z\u00e1si \u00e9s kontrolling [&hellip;]<\/p>\n","protected":false},"author":2,"featured_media":0,"parent":0,"menu_order":0,"comment_status":"closed","ping_status":"closed","template":"elementor_header_footer","meta":{"footnotes":""},"class_list":["post-15762","page","type-page","status-publish","hentry"],"yoast_head":"<!-- This site is optimized with the Yoast SEO plugin v27.5 - https:\/\/yoast.com\/product\/yoast-seo-wordpress\/ -->\n<title>Gazdas\u00e1gi \u00e9s p\u00e9nz\u00fcgyi munkat\u00e1rs - esterpartners<\/title>\n<meta name=\"robots\" content=\"index, follow, max-snippet:-1, max-image-preview:large, max-video-preview:-1\" \/>\n<link rel=\"canonical\" href=\"https:\/\/www.esterpartners.com\/en\/gazdasagi-es-penzugyi-munkatars\/\" \/>\n<meta property=\"og:locale\" content=\"en_US\" \/>\n<meta property=\"og:type\" content=\"article\" \/>\n<meta property=\"og:title\" content=\"Gazdas\u00e1gi \u00e9s p\u00e9nz\u00fcgyi munkat\u00e1rs - esterpartners\" \/>\n<meta property=\"og:description\" content=\"Operat\u00edv p\u00e9nz\u00fcgyi munkat\u00e1rs A szentendrei este\u2019r partners\u00a0Magyarorsz\u00e1g egyik meghat\u00e1roz\u00f3 st\u00fadi\u00f3ja az \u00e9p\u00edt\u00e9szet, bels\u0151\u00e9p\u00edt\u00e9szet \u00e9s kivitelez\u00e9s ter\u00fclet\u00e9n. Munk\u00e1ink k\u00f6z\u00f6tt szerepelnek eleg\u00e1ns sz\u00e1llod\u00e1k, \u00e9ttermek, vill\u00e1k, luxuslak\u00e1sok \u00e9s m\u0171eml\u00e9k-fel\u00faj\u00edt\u00e1sok. Hossz\u00fat\u00e1v\u00fa strat\u00e9gi\u00e1nknak\u00a0k\u00f6sz\u00f6nhet\u0151en c\u00e9g\u00fcnk dinamikusan fejl\u0151dik, sz\u00e1mos hazai \u00e9s k\u00fclf\u00f6ldi megrendel\u0151nek dolgozunk. Amennyiben az al\u00e1bbi felt\u00e9teleknek \u00fagy \u00e9rzi, hogy \u00d6n megfelel, v\u00e1rjuk jelentkez\u00e9s\u00e9t. F\u0151bb feladatok: Napi adminisztrat\u00edv, sz\u00e1ml\u00e1z\u00e1si \u00e9s kontrolling [&hellip;]\" \/>\n<meta property=\"og:url\" content=\"https:\/\/www.esterpartners.com\/en\/gazdasagi-es-penzugyi-munkatars\/\" \/>\n<meta property=\"og:site_name\" content=\"esterpartners\" \/>\n<meta property=\"article:publisher\" content=\"https:\/\/www.facebook.com\/esterpartners\" \/>\n<meta property=\"article:modified_time\" content=\"2025-06-18T17:38:32+00:00\" \/>\n<meta property=\"og:image\" content=\"https:\/\/www.esterpartners.com\/wp-content\/uploads\/2020\/11\/ESTERPARTNERS_logo_small_white_screen.png\" \/>\n<meta name=\"twitter:card\" content=\"summary_large_image\" \/>\n<meta name=\"twitter:label1\" content=\"Est. reading time\" \/>\n\t<meta name=\"twitter:data1\" content=\"2 minutes\" \/>\n<script type=\"application\/ld+json\" class=\"yoast-schema-graph\">{\"@context\":\"https:\\\/\\\/schema.org\",\"@graph\":[{\"@type\":\"WebPage\",\"@id\":\"https:\\\/\\\/www.esterpartners.com\\\/gazdasagi-es-penzugyi-munkatars\\\/\",\"url\":\"https:\\\/\\\/www.esterpartners.com\\\/gazdasagi-es-penzugyi-munkatars\\\/\",\"name\":\"Gazdas\u00e1gi \u00e9s p\u00e9nz\u00fcgyi munkat\u00e1rs - esterpartners\",\"isPartOf\":{\"@id\":\"https:\\\/\\\/www.esterpartners.com\\\/#website\"},\"primaryImageOfPage\":{\"@id\":\"https:\\\/\\\/www.esterpartners.com\\\/gazdasagi-es-penzugyi-munkatars\\\/#primaryimage\"},\"image\":{\"@id\":\"https:\\\/\\\/www.esterpartners.com\\\/gazdasagi-es-penzugyi-munkatars\\\/#primaryimage\"},\"thumbnailUrl\":\"https:\\\/\\\/www.esterpartners.com\\\/wp-content\\\/uploads\\\/2020\\\/11\\\/ESTERPARTNERS_logo_small_white_screen.png\",\"datePublished\":\"2021-01-04T14:32:06+00:00\",\"dateModified\":\"2025-06-18T17:38:32+00:00\",\"breadcrumb\":{\"@id\":\"https:\\\/\\\/www.esterpartners.com\\\/gazdasagi-es-penzugyi-munkatars\\\/#breadcrumb\"},\"inLanguage\":\"en-US\",\"potentialAction\":[{\"@type\":\"ReadAction\",\"target\":[\"https:\\\/\\\/www.esterpartners.com\\\/gazdasagi-es-penzugyi-munkatars\\\/\"]}]},{\"@type\":\"ImageObject\",\"inLanguage\":\"en-US\",\"@id\":\"https:\\\/\\\/www.esterpartners.com\\\/gazdasagi-es-penzugyi-munkatars\\\/#primaryimage\",\"url\":\"https:\\\/\\\/www.esterpartners.com\\\/wp-content\\\/uploads\\\/2020\\\/11\\\/ESTERPARTNERS_logo_small_white_screen.png\",\"contentUrl\":\"https:\\\/\\\/www.esterpartners.com\\\/wp-content\\\/uploads\\\/2020\\\/11\\\/ESTERPARTNERS_logo_small_white_screen.png\"},{\"@type\":\"BreadcrumbList\",\"@id\":\"https:\\\/\\\/www.esterpartners.com\\\/gazdasagi-es-penzugyi-munkatars\\\/#breadcrumb\",\"itemListElement\":[{\"@type\":\"ListItem\",\"position\":1,\"name\":\"Home\",\"item\":\"https:\\\/\\\/www.esterpartners.com\\\/\"},{\"@type\":\"ListItem\",\"position\":2,\"name\":\"Gazdas\u00e1gi \u00e9s p\u00e9nz\u00fcgyi munkat\u00e1rs\"}]},{\"@type\":\"WebSite\",\"@id\":\"https:\\\/\\\/www.esterpartners.com\\\/#website\",\"url\":\"https:\\\/\\\/www.esterpartners.com\\\/\",\"name\":\"esterpartners\",\"description\":\"interior architecture\",\"publisher\":{\"@id\":\"https:\\\/\\\/www.esterpartners.com\\\/#organization\"},\"potentialAction\":[{\"@type\":\"SearchAction\",\"target\":{\"@type\":\"EntryPoint\",\"urlTemplate\":\"https:\\\/\\\/www.esterpartners.com\\\/?s={search_term_string}\"},\"query-input\":{\"@type\":\"PropertyValueSpecification\",\"valueRequired\":true,\"valueName\":\"search_term_string\"}}],\"inLanguage\":\"en-US\"},{\"@type\":\"Organization\",\"@id\":\"https:\\\/\\\/www.esterpartners.com\\\/#organization\",\"name\":\"esterpartners\",\"url\":\"https:\\\/\\\/www.esterpartners.com\\\/\",\"logo\":{\"@type\":\"ImageObject\",\"inLanguage\":\"en-US\",\"@id\":\"https:\\\/\\\/www.esterpartners.com\\\/#\\\/schema\\\/logo\\\/image\\\/\",\"url\":\"https:\\\/\\\/www.esterpartners.com\\\/wp-content\\\/uploads\\\/2023\\\/04\\\/ESTERPARTNERS__logo_full_black.png\",\"contentUrl\":\"https:\\\/\\\/www.esterpartners.com\\\/wp-content\\\/uploads\\\/2023\\\/04\\\/ESTERPARTNERS__logo_full_black.png\",\"width\":2354,\"height\":911,\"caption\":\"esterpartners\"},\"image\":{\"@id\":\"https:\\\/\\\/www.esterpartners.com\\\/#\\\/schema\\\/logo\\\/image\\\/\"},\"sameAs\":[\"https:\\\/\\\/www.facebook.com\\\/esterpartners\"]}]}<\/script>\n<!-- \/ Yoast SEO plugin. -->","yoast_head_json":{"title":"Gazdas\u00e1gi \u00e9s p\u00e9nz\u00fcgyi munkat\u00e1rs - esterpartners","robots":{"index":"index","follow":"follow","max-snippet":"max-snippet:-1","max-image-preview":"max-image-preview:large","max-video-preview":"max-video-preview:-1"},"canonical":"https:\/\/www.esterpartners.com\/en\/gazdasagi-es-penzugyi-munkatars\/","og_locale":"en_US","og_type":"article","og_title":"Gazdas\u00e1gi \u00e9s p\u00e9nz\u00fcgyi munkat\u00e1rs - esterpartners","og_description":"Operat\u00edv p\u00e9nz\u00fcgyi munkat\u00e1rs A szentendrei este\u2019r partners\u00a0Magyarorsz\u00e1g egyik meghat\u00e1roz\u00f3 st\u00fadi\u00f3ja az \u00e9p\u00edt\u00e9szet, bels\u0151\u00e9p\u00edt\u00e9szet \u00e9s kivitelez\u00e9s ter\u00fclet\u00e9n. Munk\u00e1ink k\u00f6z\u00f6tt szerepelnek eleg\u00e1ns sz\u00e1llod\u00e1k, \u00e9ttermek, vill\u00e1k, luxuslak\u00e1sok \u00e9s m\u0171eml\u00e9k-fel\u00faj\u00edt\u00e1sok. Hossz\u00fat\u00e1v\u00fa strat\u00e9gi\u00e1nknak\u00a0k\u00f6sz\u00f6nhet\u0151en c\u00e9g\u00fcnk dinamikusan fejl\u0151dik, sz\u00e1mos hazai \u00e9s k\u00fclf\u00f6ldi megrendel\u0151nek dolgozunk. Amennyiben az al\u00e1bbi felt\u00e9teleknek \u00fagy \u00e9rzi, hogy \u00d6n megfelel, v\u00e1rjuk jelentkez\u00e9s\u00e9t. F\u0151bb feladatok: Napi adminisztrat\u00edv, sz\u00e1ml\u00e1z\u00e1si \u00e9s kontrolling [&hellip;]","og_url":"https:\/\/www.esterpartners.com\/en\/gazdasagi-es-penzugyi-munkatars\/","og_site_name":"esterpartners","article_publisher":"https:\/\/www.facebook.com\/esterpartners","article_modified_time":"2025-06-18T17:38:32+00:00","og_image":[{"url":"https:\/\/www.esterpartners.com\/wp-content\/uploads\/2020\/11\/ESTERPARTNERS_logo_small_white_screen.png","type":"","width":"","height":""}],"twitter_card":"summary_large_image","twitter_misc":{"Est. reading time":"2 minutes"},"schema":{"@context":"https:\/\/schema.org","@graph":[{"@type":"WebPage","@id":"https:\/\/www.esterpartners.com\/gazdasagi-es-penzugyi-munkatars\/","url":"https:\/\/www.esterpartners.com\/gazdasagi-es-penzugyi-munkatars\/","name":"Gazdas\u00e1gi \u00e9s p\u00e9nz\u00fcgyi munkat\u00e1rs - esterpartners","isPartOf":{"@id":"https:\/\/www.esterpartners.com\/#website"},"primaryImageOfPage":{"@id":"https:\/\/www.esterpartners.com\/gazdasagi-es-penzugyi-munkatars\/#primaryimage"},"image":{"@id":"https:\/\/www.esterpartners.com\/gazdasagi-es-penzugyi-munkatars\/#primaryimage"},"thumbnailUrl":"https:\/\/www.esterpartners.com\/wp-content\/uploads\/2020\/11\/ESTERPARTNERS_logo_small_white_screen.png","datePublished":"2021-01-04T14:32:06+00:00","dateModified":"2025-06-18T17:38:32+00:00","breadcrumb":{"@id":"https:\/\/www.esterpartners.com\/gazdasagi-es-penzugyi-munkatars\/#breadcrumb"},"inLanguage":"en-US","potentialAction":[{"@type":"ReadAction","target":["https:\/\/www.esterpartners.com\/gazdasagi-es-penzugyi-munkatars\/"]}]},{"@type":"ImageObject","inLanguage":"en-US","@id":"https:\/\/www.esterpartners.com\/gazdasagi-es-penzugyi-munkatars\/#primaryimage","url":"https:\/\/www.esterpartners.com\/wp-content\/uploads\/2020\/11\/ESTERPARTNERS_logo_small_white_screen.png","contentUrl":"https:\/\/www.esterpartners.com\/wp-content\/uploads\/2020\/11\/ESTERPARTNERS_logo_small_white_screen.png"},{"@type":"BreadcrumbList","@id":"https:\/\/www.esterpartners.com\/gazdasagi-es-penzugyi-munkatars\/#breadcrumb","itemListElement":[{"@type":"ListItem","position":1,"name":"Home","item":"https:\/\/www.esterpartners.com\/"},{"@type":"ListItem","position":2,"name":"Gazdas\u00e1gi \u00e9s p\u00e9nz\u00fcgyi munkat\u00e1rs"}]},{"@type":"WebSite","@id":"https:\/\/www.esterpartners.com\/#website","url":"https:\/\/www.esterpartners.com\/","name":"esterpartners","description":"interior architecture","publisher":{"@id":"https:\/\/www.esterpartners.com\/#organization"},"potentialAction":[{"@type":"SearchAction","target":{"@type":"EntryPoint","urlTemplate":"https:\/\/www.esterpartners.com\/?s={search_term_string}"},"query-input":{"@type":"PropertyValueSpecification","valueRequired":true,"valueName":"search_term_string"}}],"inLanguage":"en-US"},{"@type":"Organization","@id":"https:\/\/www.esterpartners.com\/#organization","name":"esterpartners","url":"https:\/\/www.esterpartners.com\/","logo":{"@type":"ImageObject","inLanguage":"en-US","@id":"https:\/\/www.esterpartners.com\/#\/schema\/logo\/image\/","url":"https:\/\/www.esterpartners.com\/wp-content\/uploads\/2023\/04\/ESTERPARTNERS__logo_full_black.png","contentUrl":"https:\/\/www.esterpartners.com\/wp-content\/uploads\/2023\/04\/ESTERPARTNERS__logo_full_black.png","width":2354,"height":911,"caption":"esterpartners"},"image":{"@id":"https:\/\/www.esterpartners.com\/#\/schema\/logo\/image\/"},"sameAs":["https:\/\/www.facebook.com\/esterpartners"]}]}},"_links":{"self":[{"href":"https:\/\/www.esterpartners.com\/en\/wp-json\/wp\/v2\/pages\/15762","targetHints":{"allow":["GET"]}}],"collection":[{"href":"https:\/\/www.esterpartners.com\/en\/wp-json\/wp\/v2\/pages"}],"about":[{"href":"https:\/\/www.esterpartners.com\/en\/wp-json\/wp\/v2\/types\/page"}],"author":[{"embeddable":true,"href":"https:\/\/www.esterpartners.com\/en\/wp-json\/wp\/v2\/users\/2"}],"replies":[{"embeddable":true,"href":"https:\/\/www.esterpartners.com\/en\/wp-json\/wp\/v2\/comments?post=15762"}],"version-history":[{"count":0,"href":"https:\/\/www.esterpartners.com\/en\/wp-json\/wp\/v2\/pages\/15762\/revisions"}],"wp:attachment":[{"href":"https:\/\/www.esterpartners.com\/en\/wp-json\/wp\/v2\/media?parent=15762"}],"curies":[{"name":"wp","href":"https:\/\/api.w.org\/{rel}","templated":true}]}}