{"id":1617,"date":"2020-06-22T14:52:49","date_gmt":"2020-06-22T14:52:49","guid":{"rendered":"http:\/\/tuzvedelem.tangula.hu\/?page_id=1617"},"modified":"2026-03-20T14:26:16","modified_gmt":"2026-03-20T13:26:16","slug":"karrier","status":"publish","type":"page","link":"https:\/\/www.esterpartners.com\/en\/karrier\/","title":{"rendered":"KARRIER"},"content":{"rendered":"\t\t<div data-elementor-type=\"wp-page\" data-elementor-id=\"1617\" class=\"elementor elementor-1617\" data-elementor-post-type=\"page\">\n\t\t\t\t\t\t<section class=\"elementor-section elementor-top-section elementor-element elementor-element-7e20251 elementor-section-boxed elementor-section-height-default elementor-section-height-default\" data-id=\"7e20251\" data-element_type=\"section\" data-e-type=\"section\">\n\t\t\t\t\t\t<div class=\"elementor-container elementor-column-gap-default\">\n\t\t\t\t\t<div class=\"elementor-column elementor-col-50 elementor-top-column elementor-element elementor-element-1dd1671\" data-id=\"1dd1671\" data-element_type=\"column\" data-e-type=\"column\">\n\t\t\t<div class=\"elementor-widget-wrap elementor-element-populated\">\n\t\t\t\t\t\t<div class=\"elementor-element elementor-element-66d68bb content-align-cta-center elementor-widget elementor-widget-eael-cta-box\" data-id=\"66d68bb\" data-element_type=\"widget\" data-e-type=\"widget\" data-widget_type=\"eael-cta-box.default\">\n\t\t\t\t<div class=\"elementor-widget-container\">\n\t\t\t\t\t\t\t<div class=\"eael-call-to-action cta-basic bg-lite cta-preset-1\">\n        <h2 class=\"title eael-cta-heading\">Junior <br>\u00e9p\u00edt\u00e9sz\/bels\u0151\u00e9p\u00edt\u00e9sz <\/h2><a href=\"https:\/\/www.esterpartners.com\/en\/juniorbelsoepitesz\/\" class=\"cta-button cta-preset-1  \">Tudjon meg t\u00f6bbet!<\/a>\t<\/div>\n\t\t\t\t\t\t\t\t<\/div>\n\t\t\t\t<\/div>\n\t\t\t\t\t<\/div>\n\t\t<\/div>\n\t\t\t\t<div class=\"elementor-column elementor-col-50 elementor-top-column elementor-element elementor-element-a6251d8\" data-id=\"a6251d8\" data-element_type=\"column\" data-e-type=\"column\">\n\t\t\t<div class=\"elementor-widget-wrap elementor-element-populated\">\n\t\t\t\t\t\t<div class=\"elementor-element elementor-element-94054fa content-align-cta-center elementor-widget elementor-widget-eael-cta-box\" data-id=\"94054fa\" data-element_type=\"widget\" data-e-type=\"widget\" data-widget_type=\"eael-cta-box.default\">\n\t\t\t\t<div class=\"elementor-widget-container\">\n\t\t\t\t\t\t\t<div class=\"eael-call-to-action cta-basic bg-lite cta-preset-1\">\n        <h2 class=\"title eael-cta-heading\">SENIOR <br>\u00e9p\u00edt\u00e9sz\/bels\u0151\u00e9p\u00edt\u00e9sz <\/h2><a href=\"https:\/\/www.esterpartners.com\/senior-belsoepitesz\/\" class=\"cta-button cta-preset-1  \">Tudjon meg t\u00f6bbet!<\/a>\t<\/div>\n\t\t\t\t\t\t\t\t<\/div>\n\t\t\t\t<\/div>\n\t\t\t\t\t<\/div>\n\t\t<\/div>\n\t\t\t\t\t<\/div>\n\t\t<\/section>\n\t\t\t\t<section class=\"elementor-section elementor-top-section elementor-element elementor-element-fad721c elementor-section-boxed elementor-section-height-default elementor-section-height-default\" data-id=\"fad721c\" data-element_type=\"section\" data-e-type=\"section\">\n\t\t\t\t\t\t<div class=\"elementor-container elementor-column-gap-default\">\n\t\t\t\t\t<div class=\"elementor-column elementor-col-50 elementor-top-column elementor-element elementor-element-196795b\" data-id=\"196795b\" data-element_type=\"column\" data-e-type=\"column\">\n\t\t\t<div class=\"elementor-widget-wrap elementor-element-populated\">\n\t\t\t\t\t\t<div class=\"elementor-element elementor-element-182ea13 content-align-cta-center elementor-widget elementor-widget-eael-cta-box\" data-id=\"182ea13\" data-element_type=\"widget\" data-e-type=\"widget\" data-widget_type=\"eael-cta-box.default\">\n\t\t\t\t<div class=\"elementor-widget-container\">\n\t\t\t\t\t\t\t<div class=\"eael-call-to-action cta-basic bg-lite cta-preset-1\">\n        <h2 class=\"title eael-cta-heading\">operat\u00edv P\u00c9NZ\u00dcGYI MUNKAT\u00c1RS<\/h2><a href=\"https:\/\/www.esterpartners.com\/en\/gazdasagi-es-penzugyi-munkatars\/\" class=\"cta-button cta-preset-1  \">Tudjon meg t\u00f6bbet!<\/a>\t<\/div>\n\t\t\t\t\t\t\t\t<\/div>\n\t\t\t\t<\/div>\n\t\t\t\t\t<\/div>\n\t\t<\/div>\n\t\t\t\t<div class=\"elementor-column elementor-col-50 elementor-top-column elementor-element elementor-element-223bbfa\" data-id=\"223bbfa\" data-element_type=\"column\" data-e-type=\"column\">\n\t\t\t<div class=\"elementor-widget-wrap elementor-element-populated\">\n\t\t\t\t\t\t<div class=\"elementor-element elementor-element-09aee44 content-align-cta-center elementor-widget elementor-widget-eael-cta-box\" data-id=\"09aee44\" data-element_type=\"widget\" data-e-type=\"widget\" data-widget_type=\"eael-cta-box.default\">\n\t\t\t\t<div class=\"elementor-widget-container\">\n\t\t\t\t\t\t\t<div class=\"eael-call-to-action cta-basic bg-lite cta-preset-1\">\n        <h2 class=\"title eael-cta-heading\">Enteri\u0151r designer<\/h2><a href=\"https:\/\/www.esterpartners.com\/enteriordesigner\/\" class=\"cta-button cta-preset-1  \">Tudjon meg t\u00f6bbet!<\/a>\t<\/div>\n\t\t\t\t\t\t\t\t<\/div>\n\t\t\t\t<\/div>\n\t\t\t\t\t<\/div>\n\t\t<\/div>\n\t\t\t\t\t<\/div>\n\t\t<\/section>\n\t\t\t\t<section class=\"elementor-section elementor-top-section elementor-element elementor-element-c8d8d2e elementor-section-boxed elementor-section-height-default elementor-section-height-default\" data-id=\"c8d8d2e\" data-element_type=\"section\" data-e-type=\"section\">\n\t\t\t\t\t\t<div class=\"elementor-container elementor-column-gap-default\">\n\t\t\t\t\t<div class=\"elementor-column elementor-col-100 elementor-top-column elementor-element elementor-element-ed3a92d\" data-id=\"ed3a92d\" data-element_type=\"column\" data-e-type=\"column\">\n\t\t\t<div class=\"elementor-widget-wrap elementor-element-populated\">\n\t\t\t\t\t\t<div class=\"elementor-element elementor-element-5f25e59 elementor-widget__width-initial elementor-widget elementor-widget-text-editor\" data-id=\"5f25e59\" data-element_type=\"widget\" data-e-type=\"widget\" data-widget_type=\"text-editor.default\">\n\t\t\t\t<div class=\"elementor-widget-container\">\n\t\t\t\t\t\t\t\t\t<p style=\"text-align: center;\">Jelenleg nem keres\u00fcnk akt\u00edvan \u00faj koll\u00e9g\u00e1kat, ugyanakkor a meghirdetett poz\u00edci\u00f3kra nyitottan fogadjuk a jelentkez\u00e9seket. Ha \u00fagy \u00e9rzi, hogy tapasztalat\u00e1val, szeml\u00e9let\u00e9vel \u00e9s hozz\u00e1\u00e1ll\u00e1s\u00e1val \u00e9rt\u00e9kes tagja lehetne csapatunknak, \u00f6r\u00f6mmel v\u00e1rjuk jelentkez\u00e9s\u00e9t.<\/p>\t\t\t\t\t\t\t\t<\/div>\n\t\t\t\t<\/div>\n\t\t\t\t\t<\/div>\n\t\t<\/div>\n\t\t\t\t\t<\/div>\n\t\t<\/section>\n\t\t\t\t<\/div>\n\t\t","protected":false},"excerpt":{"rendered":"<p>Junior \u00e9p\u00edt\u00e9sz\/bels\u0151\u00e9p\u00edt\u00e9sz Tudjon meg t\u00f6bbet! SENIOR \u00e9p\u00edt\u00e9sz\/bels\u0151\u00e9p\u00edt\u00e9sz Tudjon meg t\u00f6bbet! operat\u00edv P\u00c9NZ\u00dcGYI MUNKAT\u00c1RS Tudjon meg t\u00f6bbet! Enteri\u0151r designer Tudjon meg t\u00f6bbet! Jelenleg nem keres\u00fcnk akt\u00edvan \u00faj koll\u00e9g\u00e1kat, ugyanakkor a meghirdetett poz\u00edci\u00f3kra nyitottan fogadjuk a jelentkez\u00e9seket. Ha \u00fagy \u00e9rzi, hogy tapasztalat\u00e1val, szeml\u00e9let\u00e9vel \u00e9s hozz\u00e1\u00e1ll\u00e1s\u00e1val \u00e9rt\u00e9kes tagja lehetne csapatunknak, \u00f6r\u00f6mmel v\u00e1rjuk jelentkez\u00e9s\u00e9t.<\/p>\n","protected":false},"author":1,"featured_media":0,"parent":0,"menu_order":0,"comment_status":"closed","ping_status":"closed","template":"elementor_header_footer","meta":{"footnotes":""},"class_list":["post-1617","page","type-page","status-publish","hentry"],"yoast_head":"<!-- This site is optimized with the Yoast SEO plugin v27.5 - https:\/\/yoast.com\/product\/yoast-seo-wordpress\/ -->\n<title>KARRIER - esterpartners<\/title>\n<meta name=\"description\" content=\"A szentendrei este\u2019r partners Magyarorsz\u00e1g egyik meghat\u00e1roz\u00f3 st\u00fadi\u00f3ja az \u00e9p\u00edt\u00e9szet, bels\u0151\u00e9p\u00edt\u00e9szet \u00e9s kivitelez\u00e9s ter\u00fclet\u00e9n.\" \/>\n<meta name=\"robots\" content=\"index, follow, max-snippet:-1, max-image-preview:large, max-video-preview:-1\" \/>\n<link rel=\"canonical\" href=\"https:\/\/www.esterpartners.com\/en\/karrier\/\" \/>\n<meta property=\"og:locale\" content=\"en_US\" \/>\n<meta property=\"og:type\" content=\"article\" \/>\n<meta property=\"og:title\" content=\"KARRIER - esterpartners\" \/>\n<meta property=\"og:description\" content=\"A szentendrei este\u2019r partners Magyarorsz\u00e1g egyik meghat\u00e1roz\u00f3 st\u00fadi\u00f3ja az \u00e9p\u00edt\u00e9szet, bels\u0151\u00e9p\u00edt\u00e9szet \u00e9s kivitelez\u00e9s ter\u00fclet\u00e9n.\" \/>\n<meta property=\"og:url\" content=\"https:\/\/www.esterpartners.com\/en\/karrier\/\" \/>\n<meta property=\"og:site_name\" content=\"esterpartners\" \/>\n<meta property=\"article:publisher\" content=\"https:\/\/www.facebook.com\/esterpartners\" \/>\n<meta property=\"article:modified_time\" content=\"2026-03-20T13:26:16+00:00\" \/>\n<meta name=\"twitter:card\" content=\"summary_large_image\" \/>\n<meta name=\"twitter:label1\" content=\"Est. reading time\" \/>\n\t<meta name=\"twitter:data1\" content=\"1 minute\" \/>\n<script type=\"application\/ld+json\" class=\"yoast-schema-graph\">{\"@context\":\"https:\\\/\\\/schema.org\",\"@graph\":[{\"@type\":\"WebPage\",\"@id\":\"https:\\\/\\\/www.esterpartners.com\\\/karrier\\\/\",\"url\":\"https:\\\/\\\/www.esterpartners.com\\\/karrier\\\/\",\"name\":\"KARRIER - esterpartners\",\"isPartOf\":{\"@id\":\"https:\\\/\\\/www.esterpartners.com\\\/#website\"},\"datePublished\":\"2020-06-22T14:52:49+00:00\",\"dateModified\":\"2026-03-20T13:26:16+00:00\",\"description\":\"A szentendrei este\u2019r partners Magyarorsz\u00e1g egyik meghat\u00e1roz\u00f3 st\u00fadi\u00f3ja az \u00e9p\u00edt\u00e9szet, bels\u0151\u00e9p\u00edt\u00e9szet \u00e9s kivitelez\u00e9s ter\u00fclet\u00e9n.\",\"breadcrumb\":{\"@id\":\"https:\\\/\\\/www.esterpartners.com\\\/karrier\\\/#breadcrumb\"},\"inLanguage\":\"en-US\",\"potentialAction\":[{\"@type\":\"ReadAction\",\"target\":[\"https:\\\/\\\/www.esterpartners.com\\\/karrier\\\/\"]}]},{\"@type\":\"BreadcrumbList\",\"@id\":\"https:\\\/\\\/www.esterpartners.com\\\/karrier\\\/#breadcrumb\",\"itemListElement\":[{\"@type\":\"ListItem\",\"position\":1,\"name\":\"Home\",\"item\":\"https:\\\/\\\/www.esterpartners.com\\\/\"},{\"@type\":\"ListItem\",\"position\":2,\"name\":\"KARRIER\"}]},{\"@type\":\"WebSite\",\"@id\":\"https:\\\/\\\/www.esterpartners.com\\\/#website\",\"url\":\"https:\\\/\\\/www.esterpartners.com\\\/\",\"name\":\"esterpartners\",\"description\":\"interior architecture\",\"publisher\":{\"@id\":\"https:\\\/\\\/www.esterpartners.com\\\/#organization\"},\"potentialAction\":[{\"@type\":\"SearchAction\",\"target\":{\"@type\":\"EntryPoint\",\"urlTemplate\":\"https:\\\/\\\/www.esterpartners.com\\\/?s={search_term_string}\"},\"query-input\":{\"@type\":\"PropertyValueSpecification\",\"valueRequired\":true,\"valueName\":\"search_term_string\"}}],\"inLanguage\":\"en-US\"},{\"@type\":\"Organization\",\"@id\":\"https:\\\/\\\/www.esterpartners.com\\\/#organization\",\"name\":\"esterpartners\",\"url\":\"https:\\\/\\\/www.esterpartners.com\\\/\",\"logo\":{\"@type\":\"ImageObject\",\"inLanguage\":\"en-US\",\"@id\":\"https:\\\/\\\/www.esterpartners.com\\\/#\\\/schema\\\/logo\\\/image\\\/\",\"url\":\"https:\\\/\\\/www.esterpartners.com\\\/wp-content\\\/uploads\\\/2023\\\/04\\\/ESTERPARTNERS__logo_full_black.png\",\"contentUrl\":\"https:\\\/\\\/www.esterpartners.com\\\/wp-content\\\/uploads\\\/2023\\\/04\\\/ESTERPARTNERS__logo_full_black.png\",\"width\":2354,\"height\":911,\"caption\":\"esterpartners\"},\"image\":{\"@id\":\"https:\\\/\\\/www.esterpartners.com\\\/#\\\/schema\\\/logo\\\/image\\\/\"},\"sameAs\":[\"https:\\\/\\\/www.facebook.com\\\/esterpartners\"]}]}<\/script>\n<!-- \/ Yoast SEO plugin. -->","yoast_head_json":{"title":"KARRIER - esterpartners","description":"A szentendrei este\u2019r partners Magyarorsz\u00e1g egyik meghat\u00e1roz\u00f3 st\u00fadi\u00f3ja az \u00e9p\u00edt\u00e9szet, bels\u0151\u00e9p\u00edt\u00e9szet \u00e9s kivitelez\u00e9s ter\u00fclet\u00e9n.","robots":{"index":"index","follow":"follow","max-snippet":"max-snippet:-1","max-image-preview":"max-image-preview:large","max-video-preview":"max-video-preview:-1"},"canonical":"https:\/\/www.esterpartners.com\/en\/karrier\/","og_locale":"en_US","og_type":"article","og_title":"KARRIER - esterpartners","og_description":"A szentendrei este\u2019r partners Magyarorsz\u00e1g egyik meghat\u00e1roz\u00f3 st\u00fadi\u00f3ja az \u00e9p\u00edt\u00e9szet, bels\u0151\u00e9p\u00edt\u00e9szet \u00e9s kivitelez\u00e9s ter\u00fclet\u00e9n.","og_url":"https:\/\/www.esterpartners.com\/en\/karrier\/","og_site_name":"esterpartners","article_publisher":"https:\/\/www.facebook.com\/esterpartners","article_modified_time":"2026-03-20T13:26:16+00:00","twitter_card":"summary_large_image","twitter_misc":{"Est. reading time":"1 minute"},"schema":{"@context":"https:\/\/schema.org","@graph":[{"@type":"WebPage","@id":"https:\/\/www.esterpartners.com\/karrier\/","url":"https:\/\/www.esterpartners.com\/karrier\/","name":"KARRIER - esterpartners","isPartOf":{"@id":"https:\/\/www.esterpartners.com\/#website"},"datePublished":"2020-06-22T14:52:49+00:00","dateModified":"2026-03-20T13:26:16+00:00","description":"A szentendrei este\u2019r partners Magyarorsz\u00e1g egyik meghat\u00e1roz\u00f3 st\u00fadi\u00f3ja az \u00e9p\u00edt\u00e9szet, bels\u0151\u00e9p\u00edt\u00e9szet \u00e9s kivitelez\u00e9s ter\u00fclet\u00e9n.","breadcrumb":{"@id":"https:\/\/www.esterpartners.com\/karrier\/#breadcrumb"},"inLanguage":"en-US","potentialAction":[{"@type":"ReadAction","target":["https:\/\/www.esterpartners.com\/karrier\/"]}]},{"@type":"BreadcrumbList","@id":"https:\/\/www.esterpartners.com\/karrier\/#breadcrumb","itemListElement":[{"@type":"ListItem","position":1,"name":"Home","item":"https:\/\/www.esterpartners.com\/"},{"@type":"ListItem","position":2,"name":"KARRIER"}]},{"@type":"WebSite","@id":"https:\/\/www.esterpartners.com\/#website","url":"https:\/\/www.esterpartners.com\/","name":"esterpartners","description":"interior architecture","publisher":{"@id":"https:\/\/www.esterpartners.com\/#organization"},"potentialAction":[{"@type":"SearchAction","target":{"@type":"EntryPoint","urlTemplate":"https:\/\/www.esterpartners.com\/?s={search_term_string}"},"query-input":{"@type":"PropertyValueSpecification","valueRequired":true,"valueName":"search_term_string"}}],"inLanguage":"en-US"},{"@type":"Organization","@id":"https:\/\/www.esterpartners.com\/#organization","name":"esterpartners","url":"https:\/\/www.esterpartners.com\/","logo":{"@type":"ImageObject","inLanguage":"en-US","@id":"https:\/\/www.esterpartners.com\/#\/schema\/logo\/image\/","url":"https:\/\/www.esterpartners.com\/wp-content\/uploads\/2023\/04\/ESTERPARTNERS__logo_full_black.png","contentUrl":"https:\/\/www.esterpartners.com\/wp-content\/uploads\/2023\/04\/ESTERPARTNERS__logo_full_black.png","width":2354,"height":911,"caption":"esterpartners"},"image":{"@id":"https:\/\/www.esterpartners.com\/#\/schema\/logo\/image\/"},"sameAs":["https:\/\/www.facebook.com\/esterpartners"]}]}},"_links":{"self":[{"href":"https:\/\/www.esterpartners.com\/en\/wp-json\/wp\/v2\/pages\/1617","targetHints":{"allow":["GET"]}}],"collection":[{"href":"https:\/\/www.esterpartners.com\/en\/wp-json\/wp\/v2\/pages"}],"about":[{"href":"https:\/\/www.esterpartners.com\/en\/wp-json\/wp\/v2\/types\/page"}],"author":[{"embeddable":true,"href":"https:\/\/www.esterpartners.com\/en\/wp-json\/wp\/v2\/users\/1"}],"replies":[{"embeddable":true,"href":"https:\/\/www.esterpartners.com\/en\/wp-json\/wp\/v2\/comments?post=1617"}],"version-history":[{"count":6,"href":"https:\/\/www.esterpartners.com\/en\/wp-json\/wp\/v2\/pages\/1617\/revisions"}],"predecessor-version":[{"id":33633,"href":"https:\/\/www.esterpartners.com\/en\/wp-json\/wp\/v2\/pages\/1617\/revisions\/33633"}],"wp:attachment":[{"href":"https:\/\/www.esterpartners.com\/en\/wp-json\/wp\/v2\/media?parent=1617"}],"curies":[{"name":"wp","href":"https:\/\/api.w.org\/{rel}","templated":true}]}}