{"id":15667,"date":"2021-01-04T13:31:21","date_gmt":"2021-01-04T13:31:21","guid":{"rendered":"https:\/\/www.esterpartners.com\/?page_id=15667"},"modified":"2025-06-16T13:09:25","modified_gmt":"2025-06-16T13:09:25","slug":"juniorbelsoepitesz","status":"publish","type":"page","link":"https:\/\/www.esterpartners.com\/hu\/juniorbelsoepitesz\/","title":{"rendered":"junior bels\u0151\u00e9p\u00edt\u00e9sz"},"content":{"rendered":"<div data-elementor-type=\"wp-page\" data-elementor-id=\"15667\" class=\"elementor elementor-15667\" data-elementor-post-type=\"page\">\n\t\t\t\t\t\t<section class=\"elementor-section elementor-top-section elementor-element elementor-element-132ef4cd elementor-section-content-middle elementor-section-boxed elementor-section-height-default elementor-section-height-default\" data-id=\"132ef4cd\" data-element_type=\"section\" data-e-type=\"section\">\n\t\t\t\t\t\t<div class=\"elementor-container elementor-column-gap-default\">\n\t\t\t\t\t<div class=\"elementor-column elementor-col-100 elementor-top-column elementor-element elementor-element-1858c8f\" data-id=\"1858c8f\" data-element_type=\"column\" data-e-type=\"column\">\n\t\t\t<div class=\"elementor-widget-wrap elementor-element-populated\">\n\t\t\t\t\t\t<div class=\"elementor-element elementor-element-9423a7d elementor-widget elementor-widget-spacer\" data-id=\"9423a7d\" data-element_type=\"widget\" data-e-type=\"widget\" data-widget_type=\"spacer.default\">\n\t\t\t\t<div class=\"elementor-widget-container\">\n\t\t\t\t\t\t\t<div class=\"elementor-spacer\">\n\t\t\t<div class=\"elementor-spacer-inner\"><\/div>\n\t\t<\/div>\n\t\t\t\t\t\t<\/div>\n\t\t\t\t<\/div>\n\t\t\t\t<div class=\"elementor-element elementor-element-6627aeb6 elementor-widget elementor-widget-heading\" data-id=\"6627aeb6\" data-element_type=\"widget\" data-e-type=\"widget\" data-widget_type=\"heading.default\">\n\t\t\t\t<div class=\"elementor-widget-container\">\n\t\t\t\t\t<h2 class=\"elementor-heading-title elementor-size-small\">Junior \u00e9p\u00edt\u00e9sz\/bels\u0151\u00e9p\u00edt\u00e9sz koll\u00e9g\u00e1t keres\u00fcnk <\/h2>\t\t\t\t<\/div>\n\t\t\t\t<\/div>\n\t\t\t\t<div class=\"elementor-element elementor-element-2d142d22 elementor-widget elementor-widget-text-editor\" data-id=\"2d142d22\" data-element_type=\"widget\" data-e-type=\"widget\" data-widget_type=\"text-editor.default\">\n\t\t\t\t<div class=\"elementor-widget-container\">\n\t\t\t\t\t\t\t\t\t<p>A szentendrei <strong>az este'r partners<\/strong>\u00a0Magyarorsz\u00e1g egyik meghat\u00e1roz\u00f3 st\u00fadi\u00f3ja az \u00e9p\u00edt\u00e9szet, bels\u0151\u00e9p\u00edt\u00e9szet \u00e9s kivitelez\u00e9s ter\u00fclet\u00e9n. Munk\u00e1ink k\u00f6z\u00f6tt szerepelnek eleg\u00e1ns sz\u00e1llod\u00e1k, \u00e9ttermek, vill\u00e1k, luxuslak\u00e1sok \u00e9s m\u0171eml\u00e9k-fel\u00faj\u00edt\u00e1sok. Hossz\u00fat\u00e1v\u00fa strat\u00e9gi\u00e1nknak\u00a0k\u00f6sz\u00f6nhet\u0151en c\u00e9g\u00fcnk dinamikusan fejl\u0151dik, sz\u00e1mos hazai \u00e9s k\u00fclf\u00f6ldi megrendel\u0151nek dolgozunk.\u00a0\u00a0<\/p><p>A projekteket a kezdeti tervez\u00e9si folyamatt\u00f3l a kivitelez\u00e9s lebonyol\u00edt\u00e1s\u00e1ig, legt\u00f6bbsz\u00f6r \u00e1tad\u00e1sig v\u00e9gig k\u00eds\u00e9rj\u00fck. Csapatunk jelenleg 15 \u00e1lland\u00f3 munkat\u00e1rsb\u00f3l \u00e1ll. \u00daj feladatainkhoz, a csapat er\u0151s\u00edt\u00e9s\u00e9hez tov\u00e1bbi felel\u0151s tervez\u0151t keres\u00fcnk.<\/p><p>Amennyiben az al\u00e1bbi felt\u00e9teleknek \u00fagy \u00e9rzi, hogy \u00d6n megfelel, v\u00e1rjuk jelentkez\u00e9s\u00e9t. \u00a0<strong>\u00a0<\/strong><\/p><p><strong><em><u>Alapvet\u0151 felt\u00e9telek:<\/u><\/em><\/strong><\/p><ul><li>\u00c9p\u00edt\u00e9sz \u00e9s\/vagy diplom\u00e1s bels\u0151\u00e9p\u00edt\u00e9sz tervez\u0151i v\u00e9gzetts\u00e9g<\/li><li>R\u00e9szv\u00e9tel \u00e9s hozz\u00e1j\u00e1rul\u00e1s egy dinamikusan fejl\u0151d\u0151 tervez\u0151iroda sikereihez<\/li><li>Lend\u00fcletes \u00e9s kitart\u00f3 munkav\u00e9gz\u00e9s<\/li><li>K\u00f6z\u00e9pfok\u00fa, akt\u00edv angol nyelvtud\u00e1s<\/li><li>Motiv\u00e1lts\u00e1g a kreat\u00edv \u00e9s \u00e9rdekes feladatok megold\u00e1s\u00e1hoz<\/li><li>Prec\u00edz \u00e9s pontos m\u0171szaki rajzol\u00e1s, t\u00e9rbeli, komplex probl\u00e9m\u00e1k megold\u00e1sa \u00e9s \u00e1br\u00e1zol\u00e1sa<\/li><li>Ig\u00e9ny eset\u00e9n helysz\u00edni munkav\u00e9gz\u00e9s<\/li><\/ul><p><strong><em><u>Tov\u00e1bbi elv\u00e1r\u00e1sok \u00f6n\u00e1ll\u00f3 tervez\u0151k\u00e9nt:<\/u><\/em><\/strong><\/p><ul><li>\u00c9p\u00edt\u00e9sz \u00e9s\/vagy bels\u0151\u00e9p\u00edt\u00e9sz tervez\u0151i munkak\u00f6rben szerzett legal\u00e1bb 2-3 \u00e9ves tapasztalat<\/li><li>ArchiCAD program magas szint\u0171 ismerete \u00e9s haszn\u00e1lata<\/li><li>Komplex probl\u00e9ma megold\u00e1s \u00e9s koordin\u00e1ci\u00f3s k\u00e9pess\u00e9g<\/li><li>Csapatmunka \u00e9s j\u00f3 kommunik\u00e1ci\u00f3s k\u00e9pess\u00e9g<\/li><li>Kreativit\u00e1s \u00e9s j\u00f3 probl\u00e9mamegold\u00f3 k\u00e9pess\u00e9g<\/li><li>\u00dcgyf\u00e9lk\u00f6zpont\u00fas\u00e1g<\/li><li>Ig\u00e9nyes \u00e9s pontos munkav\u00e9gz\u00e9s<\/li><\/ul><p><strong><em><u>El\u0151nynek sz\u00e1m\u00edt:<\/u><\/em><\/strong><\/p><ul><li>AutoCAD haszn\u00e1lata<\/li><li>SketchUp, 3D, \u00e9s l\u00e1tv\u00e1nytervez\u0151 programok ismerete<\/li><li>Olasz \u00e9s\/vagy n\u00e9met nyelvtud\u00e1s<\/li><li>Jogos\u00edtv\u00e1ny<\/li><li>MS Office programok haszn\u00e1lata<\/li><\/ul><p><strong><em><u>\u00a0<\/u><\/em><em><u>A k\u00f6vetkez\u0151ket aj\u00e1nljuk: <\/u><\/em><\/strong><\/p><ul><li>Versenyk\u00e9pes fix j\u00f6vedelem<\/li><li>B\u00f3nusz eredm\u00e9ny alapj\u00e1n<\/li><li>Izgalmas helysz\u00ednek \u00e9s sokoldal\u00fa \u00fcgyfelek<\/li><li>V\u00e1ltozatos tervez\u00e9si feladatok<\/li><li>\u00daj tapasztalat az \u00e9p\u00edt\u0151ipar \u00e9s design szegmenseib\u0151l<\/li><li>Inspir\u00e1l\u00f3 munkak\u00f6rnyezet<\/li><li>K\u00fclf\u00f6ldi szakmai utak \u00e9s szakmai ki\u00e1ll\u00edt\u00e1sok<\/li><li>Partnereink \u00e1ltal szervezett el\u0151ad\u00e1sokon, tov\u00e1bbk\u00e9pz\u00e9seken val\u00f3 r\u00e9szv\u00e9tel<\/li><\/ul><p><strong>V\u00e1rjuk \u00f6n\u00e9letrajz\u00e1t \u00e9s motiv\u00e1ci\u00f3s level\u00e9t a <\/strong><a href=\"mailto:office@esterpartners.com\"><strong>office<\/strong>@<strong>esterpartners.com<\/strong><\/a><strong> email c\u00edmre. Tov\u00e1bbi k\u00e9rd\u00e9s eset\u00e9n sz\u00edvesen \u00e1llunk rendelkez\u00e9sre telefonon \u00e9s szem\u00e9lyesen is.<\/strong><\/p><p>\u00a0<\/p><p>Szentendre, 2025.06.13.<\/p>\t\t\t\t\t\t\t\t<\/div>\n\t\t\t\t<\/div>\n\t\t\t\t\t<\/div>\n\t\t<\/div>\n\t\t\t\t\t<\/div>\n\t\t<\/section>\n\t\t\t\t<\/div>","protected":false},"excerpt":{"rendered":"<p>Junior \u00e9p\u00edt\u00e9sz\/bels\u0151\u00e9p\u00edt\u00e9sz koll\u00e9g\u00e1t keres\u00fcnk A szentendrei este\u2019r partners\u00a0Magyarorsz\u00e1g egyik meghat\u00e1roz\u00f3 st\u00fadi\u00f3ja az \u00e9p\u00edt\u00e9szet, bels\u0151\u00e9p\u00edt\u00e9szet \u00e9s kivitelez\u00e9s ter\u00fclet\u00e9n. Munk\u00e1ink k\u00f6z\u00f6tt szerepelnek eleg\u00e1ns sz\u00e1llod\u00e1k, \u00e9ttermek, vill\u00e1k, luxuslak\u00e1sok \u00e9s m\u0171eml\u00e9k-fel\u00faj\u00edt\u00e1sok. Hossz\u00fat\u00e1v\u00fa strat\u00e9gi\u00e1nknak\u00a0k\u00f6sz\u00f6nhet\u0151en c\u00e9g\u00fcnk dinamikusan fejl\u0151dik, sz\u00e1mos hazai \u00e9s k\u00fclf\u00f6ldi megrendel\u0151nek dolgozunk. A projekteket a kezdeti tervez\u00e9si folyamatt\u00f3l a kivitelez\u00e9s lebonyol\u00edt\u00e1s\u00e1ig, legt\u00f6bbsz\u00f6r \u00e1tad\u00e1sig v\u00e9gig k\u00eds\u00e9rj\u00fck. Csapatunk jelenleg 15 \u00e1lland\u00f3 [&hellip;]<\/p>\n","protected":false},"author":2,"featured_media":0,"parent":0,"menu_order":0,"comment_status":"closed","ping_status":"closed","template":"elementor_header_footer","meta":{"footnotes":""},"class_list":["post-15667","page","type-page","status-publish","hentry"],"yoast_head":"<!-- This site is optimized with the Yoast SEO plugin v27.5 - https:\/\/yoast.com\/product\/yoast-seo-wordpress\/ -->\n<title>junior bels\u0151\u00e9p\u00edt\u00e9sz - esterpartners<\/title>\n<meta name=\"description\" content=\"A szentendrei este\u2019r partners \u00e9p\u00edt\u00e9szettel, bels\u0151\u00e9p\u00edt\u00e9szettel \u00e9s kivitelez\u00e9ssel foglalkozik hazai \u00e9s nemzetk\u00f6zi szinten. K\u00f6sz\u00f6nhet\u0151en a hossz\u00fa t\u00e1v\u00fa strat\u00e9gi\u00e1nknak az este\u2019r partners er\u0151sen \u00e9s folyamatosan fejl\u0151dik.\" \/>\n<meta name=\"robots\" content=\"index, follow, max-snippet:-1, max-image-preview:large, max-video-preview:-1\" \/>\n<link rel=\"canonical\" href=\"https:\/\/www.esterpartners.com\/hu\/juniorbelsoepitesz\/\" \/>\n<meta property=\"og:locale\" content=\"hu_HU\" \/>\n<meta property=\"og:type\" content=\"article\" \/>\n<meta property=\"og:title\" content=\"junior bels\u0151\u00e9p\u00edt\u00e9sz - esterpartners\" \/>\n<meta property=\"og:description\" content=\"A szentendrei este\u2019r partners \u00e9p\u00edt\u00e9szettel, bels\u0151\u00e9p\u00edt\u00e9szettel \u00e9s kivitelez\u00e9ssel foglalkozik hazai \u00e9s nemzetk\u00f6zi szinten. K\u00f6sz\u00f6nhet\u0151en a hossz\u00fa t\u00e1v\u00fa strat\u00e9gi\u00e1nknak az este\u2019r partners er\u0151sen \u00e9s folyamatosan fejl\u0151dik.\" \/>\n<meta property=\"og:url\" content=\"https:\/\/www.esterpartners.com\/hu\/juniorbelsoepitesz\/\" \/>\n<meta property=\"og:site_name\" content=\"esterpartners\" \/>\n<meta property=\"article:publisher\" content=\"https:\/\/www.facebook.com\/esterpartners\" \/>\n<meta property=\"article:modified_time\" content=\"2025-06-16T13:09:25+00:00\" \/>\n<meta name=\"twitter:card\" content=\"summary_large_image\" \/>\n<meta name=\"twitter:label1\" content=\"Becs\u00fclt olvas\u00e1si id\u0151\" \/>\n\t<meta name=\"twitter:data1\" content=\"2 perc\" \/>\n<script type=\"application\/ld+json\" class=\"yoast-schema-graph\">{\"@context\":\"https:\\\/\\\/schema.org\",\"@graph\":[{\"@type\":\"WebPage\",\"@id\":\"https:\\\/\\\/www.esterpartners.com\\\/juniorbelsoepitesz\\\/\",\"url\":\"https:\\\/\\\/www.esterpartners.com\\\/juniorbelsoepitesz\\\/\",\"name\":\"junior bels\u0151\u00e9p\u00edt\u00e9sz - esterpartners\",\"isPartOf\":{\"@id\":\"https:\\\/\\\/www.esterpartners.com\\\/#website\"},\"datePublished\":\"2021-01-04T13:31:21+00:00\",\"dateModified\":\"2025-06-16T13:09:25+00:00\",\"description\":\"A szentendrei este\u2019r partners \u00e9p\u00edt\u00e9szettel, bels\u0151\u00e9p\u00edt\u00e9szettel \u00e9s kivitelez\u00e9ssel foglalkozik hazai \u00e9s nemzetk\u00f6zi szinten. K\u00f6sz\u00f6nhet\u0151en a hossz\u00fa t\u00e1v\u00fa strat\u00e9gi\u00e1nknak az este\u2019r partners er\u0151sen \u00e9s folyamatosan fejl\u0151dik.\",\"breadcrumb\":{\"@id\":\"https:\\\/\\\/www.esterpartners.com\\\/juniorbelsoepitesz\\\/#breadcrumb\"},\"inLanguage\":\"hu\",\"potentialAction\":[{\"@type\":\"ReadAction\",\"target\":[\"https:\\\/\\\/www.esterpartners.com\\\/juniorbelsoepitesz\\\/\"]}]},{\"@type\":\"BreadcrumbList\",\"@id\":\"https:\\\/\\\/www.esterpartners.com\\\/juniorbelsoepitesz\\\/#breadcrumb\",\"itemListElement\":[{\"@type\":\"ListItem\",\"position\":1,\"name\":\"Home\",\"item\":\"https:\\\/\\\/www.esterpartners.com\\\/\"},{\"@type\":\"ListItem\",\"position\":2,\"name\":\"junior bels\u0151\u00e9p\u00edt\u00e9sz\"}]},{\"@type\":\"WebSite\",\"@id\":\"https:\\\/\\\/www.esterpartners.com\\\/#website\",\"url\":\"https:\\\/\\\/www.esterpartners.com\\\/\",\"name\":\"esterpartners\",\"description\":\"interior architecture\",\"publisher\":{\"@id\":\"https:\\\/\\\/www.esterpartners.com\\\/#organization\"},\"potentialAction\":[{\"@type\":\"SearchAction\",\"target\":{\"@type\":\"EntryPoint\",\"urlTemplate\":\"https:\\\/\\\/www.esterpartners.com\\\/?s={search_term_string}\"},\"query-input\":{\"@type\":\"PropertyValueSpecification\",\"valueRequired\":true,\"valueName\":\"search_term_string\"}}],\"inLanguage\":\"hu\"},{\"@type\":\"Organization\",\"@id\":\"https:\\\/\\\/www.esterpartners.com\\\/#organization\",\"name\":\"esterpartners\",\"url\":\"https:\\\/\\\/www.esterpartners.com\\\/\",\"logo\":{\"@type\":\"ImageObject\",\"inLanguage\":\"hu\",\"@id\":\"https:\\\/\\\/www.esterpartners.com\\\/#\\\/schema\\\/logo\\\/image\\\/\",\"url\":\"https:\\\/\\\/www.esterpartners.com\\\/wp-content\\\/uploads\\\/2023\\\/04\\\/ESTERPARTNERS__logo_full_black.png\",\"contentUrl\":\"https:\\\/\\\/www.esterpartners.com\\\/wp-content\\\/uploads\\\/2023\\\/04\\\/ESTERPARTNERS__logo_full_black.png\",\"width\":2354,\"height\":911,\"caption\":\"esterpartners\"},\"image\":{\"@id\":\"https:\\\/\\\/www.esterpartners.com\\\/#\\\/schema\\\/logo\\\/image\\\/\"},\"sameAs\":[\"https:\\\/\\\/www.facebook.com\\\/esterpartners\"]}]}<\/script>\n<!-- \/ Yoast SEO plugin. -->","yoast_head_json":{"title":"junior bels\u0151\u00e9p\u00edt\u00e9sz - esterpartners","description":"A szentendrei este\u2019r partners \u00e9p\u00edt\u00e9szettel, bels\u0151\u00e9p\u00edt\u00e9szettel \u00e9s kivitelez\u00e9ssel foglalkozik hazai \u00e9s nemzetk\u00f6zi szinten. K\u00f6sz\u00f6nhet\u0151en a hossz\u00fa t\u00e1v\u00fa strat\u00e9gi\u00e1nknak az este\u2019r partners er\u0151sen \u00e9s folyamatosan fejl\u0151dik.","robots":{"index":"index","follow":"follow","max-snippet":"max-snippet:-1","max-image-preview":"max-image-preview:large","max-video-preview":"max-video-preview:-1"},"canonical":"https:\/\/www.esterpartners.com\/hu\/juniorbelsoepitesz\/","og_locale":"hu_HU","og_type":"article","og_title":"junior bels\u0151\u00e9p\u00edt\u00e9sz - esterpartners","og_description":"A szentendrei este\u2019r partners \u00e9p\u00edt\u00e9szettel, bels\u0151\u00e9p\u00edt\u00e9szettel \u00e9s kivitelez\u00e9ssel foglalkozik hazai \u00e9s nemzetk\u00f6zi szinten. K\u00f6sz\u00f6nhet\u0151en a hossz\u00fa t\u00e1v\u00fa strat\u00e9gi\u00e1nknak az este\u2019r partners er\u0151sen \u00e9s folyamatosan fejl\u0151dik.","og_url":"https:\/\/www.esterpartners.com\/hu\/juniorbelsoepitesz\/","og_site_name":"esterpartners","article_publisher":"https:\/\/www.facebook.com\/esterpartners","article_modified_time":"2025-06-16T13:09:25+00:00","twitter_card":"summary_large_image","twitter_misc":{"Becs\u00fclt olvas\u00e1si id\u0151":"2 perc"},"schema":{"@context":"https:\/\/schema.org","@graph":[{"@type":"WebPage","@id":"https:\/\/www.esterpartners.com\/juniorbelsoepitesz\/","url":"https:\/\/www.esterpartners.com\/juniorbelsoepitesz\/","name":"junior bels\u0151\u00e9p\u00edt\u00e9sz - esterpartners","isPartOf":{"@id":"https:\/\/www.esterpartners.com\/#website"},"datePublished":"2021-01-04T13:31:21+00:00","dateModified":"2025-06-16T13:09:25+00:00","description":"A szentendrei este\u2019r partners \u00e9p\u00edt\u00e9szettel, bels\u0151\u00e9p\u00edt\u00e9szettel \u00e9s kivitelez\u00e9ssel foglalkozik hazai \u00e9s nemzetk\u00f6zi szinten. K\u00f6sz\u00f6nhet\u0151en a hossz\u00fa t\u00e1v\u00fa strat\u00e9gi\u00e1nknak az este\u2019r partners er\u0151sen \u00e9s folyamatosan fejl\u0151dik.","breadcrumb":{"@id":"https:\/\/www.esterpartners.com\/juniorbelsoepitesz\/#breadcrumb"},"inLanguage":"hu","potentialAction":[{"@type":"ReadAction","target":["https:\/\/www.esterpartners.com\/juniorbelsoepitesz\/"]}]},{"@type":"BreadcrumbList","@id":"https:\/\/www.esterpartners.com\/juniorbelsoepitesz\/#breadcrumb","itemListElement":[{"@type":"ListItem","position":1,"name":"Home","item":"https:\/\/www.esterpartners.com\/"},{"@type":"ListItem","position":2,"name":"junior bels\u0151\u00e9p\u00edt\u00e9sz"}]},{"@type":"WebSite","@id":"https:\/\/www.esterpartners.com\/#website","url":"https:\/\/www.esterpartners.com\/","name":"esterpartners","description":"interior architecture","publisher":{"@id":"https:\/\/www.esterpartners.com\/#organization"},"potentialAction":[{"@type":"SearchAction","target":{"@type":"EntryPoint","urlTemplate":"https:\/\/www.esterpartners.com\/?s={search_term_string}"},"query-input":{"@type":"PropertyValueSpecification","valueRequired":true,"valueName":"search_term_string"}}],"inLanguage":"hu"},{"@type":"Organization","@id":"https:\/\/www.esterpartners.com\/#organization","name":"esterpartners","url":"https:\/\/www.esterpartners.com\/","logo":{"@type":"ImageObject","inLanguage":"hu","@id":"https:\/\/www.esterpartners.com\/#\/schema\/logo\/image\/","url":"https:\/\/www.esterpartners.com\/wp-content\/uploads\/2023\/04\/ESTERPARTNERS__logo_full_black.png","contentUrl":"https:\/\/www.esterpartners.com\/wp-content\/uploads\/2023\/04\/ESTERPARTNERS__logo_full_black.png","width":2354,"height":911,"caption":"esterpartners"},"image":{"@id":"https:\/\/www.esterpartners.com\/#\/schema\/logo\/image\/"},"sameAs":["https:\/\/www.facebook.com\/esterpartners"]}]}},"_links":{"self":[{"href":"https:\/\/www.esterpartners.com\/hu\/wp-json\/wp\/v2\/pages\/15667","targetHints":{"allow":["GET"]}}],"collection":[{"href":"https:\/\/www.esterpartners.com\/hu\/wp-json\/wp\/v2\/pages"}],"about":[{"href":"https:\/\/www.esterpartners.com\/hu\/wp-json\/wp\/v2\/types\/page"}],"author":[{"embeddable":true,"href":"https:\/\/www.esterpartners.com\/hu\/wp-json\/wp\/v2\/users\/2"}],"replies":[{"embeddable":true,"href":"https:\/\/www.esterpartners.com\/hu\/wp-json\/wp\/v2\/comments?post=15667"}],"version-history":[{"count":0,"href":"https:\/\/www.esterpartners.com\/hu\/wp-json\/wp\/v2\/pages\/15667\/revisions"}],"wp:attachment":[{"href":"https:\/\/www.esterpartners.com\/hu\/wp-json\/wp\/v2\/media?parent=15667"}],"curies":[{"name":"wp","href":"https:\/\/api.w.org\/{rel}","templated":true}]}}