{"id":1615,"date":"2020-06-22T14:52:24","date_gmt":"2020-06-22T14:52:24","guid":{"rendered":"http:\/\/tuzvedelem.tangula.hu\/?page_id=1615"},"modified":"2024-11-04T10:55:26","modified_gmt":"2024-11-04T10:55:26","slug":"contact","status":"publish","type":"page","link":"https:\/\/www.esterpartners.com\/hu\/contact\/","title":{"rendered":"KAPCSOLAT"},"content":{"rendered":"<div data-elementor-type=\"wp-page\" data-elementor-id=\"1615\" class=\"elementor elementor-1615\" data-elementor-post-type=\"page\">\n\t\t\t\t\t\t<section class=\"elementor-section elementor-top-section elementor-element elementor-element-016b4ba elementor-section-boxed elementor-section-height-default elementor-section-height-default\" data-id=\"016b4ba\" data-element_type=\"section\" data-e-type=\"section\" data-settings=\"{&quot;background_background&quot;:&quot;classic&quot;}\">\n\t\t\t\t\t\t<div class=\"elementor-container elementor-column-gap-default\">\n\t\t\t\t\t<div class=\"elementor-column elementor-col-50 elementor-top-column elementor-element elementor-element-5840a79\" data-id=\"5840a79\" data-element_type=\"column\" data-e-type=\"column\">\n\t\t\t<div class=\"elementor-widget-wrap elementor-element-populated\">\n\t\t\t\t\t\t<div class=\"elementor-element elementor-element-b0ecbee elementor-widget elementor-widget-heading\" data-id=\"b0ecbee\" data-element_type=\"widget\" data-e-type=\"widget\" data-widget_type=\"heading.default\">\n\t\t\t\t<div class=\"elementor-widget-container\">\n\t\t\t\t\t<h2 class=\"elementor-heading-title elementor-size-default\">SZENTENDRE<\/h2>\t\t\t\t<\/div>\n\t\t\t\t<\/div>\n\t\t\t\t<div class=\"elementor-element elementor-element-ea6eabd elementor-widget elementor-widget-text-editor\" data-id=\"ea6eabd\" data-element_type=\"widget\" data-e-type=\"widget\" data-widget_type=\"text-editor.default\">\n\t\t\t\t<div class=\"elementor-widget-container\">\n\t\t\t\t\t\t\t\t\t<p style=\"text-align: center;\">Magyarorsz\u00e1g, 2000 Szentendre Kert\u00e9sz utca 10.<br \/>\u00a0+ 36 30 955 3118<\/p><p style=\"text-align: center;\"><span style=\"font-size: inherit; letter-spacing: -0.015em;\">office@esterpartners.com<\/span><\/p>\t\t\t\t\t\t\t\t<\/div>\n\t\t\t\t<\/div>\n\t\t\t\t<div class=\"elementor-element elementor-element-03fac29 elementor-widget elementor-widget-image\" data-id=\"03fac29\" data-element_type=\"widget\" data-e-type=\"widget\" data-widget_type=\"image.default\">\n\t\t\t\t<div class=\"elementor-widget-container\">\n\t\t\t\t\t\t\t\t\t\t\t\t\t\t\t<img fetchpriority=\"high\" decoding=\"async\" width=\"580\" height=\"361\" src=\"https:\/\/www.esterpartners.com\/wp-content\/uploads\/2024\/04\/Ester-muterem_072-1024x638.jpg\" class=\"attachment-large size-large wp-image-28493\" alt=\"\" srcset=\"https:\/\/www.esterpartners.com\/wp-content\/uploads\/2024\/04\/Ester-muterem_072-1024x638.jpg 1024w, https:\/\/www.esterpartners.com\/wp-content\/uploads\/2024\/04\/Ester-muterem_072-300x187.jpg 300w, https:\/\/www.esterpartners.com\/wp-content\/uploads\/2024\/04\/Ester-muterem_072-768x478.jpg 768w, https:\/\/www.esterpartners.com\/wp-content\/uploads\/2024\/04\/Ester-muterem_072-1536x957.jpg 1536w, https:\/\/www.esterpartners.com\/wp-content\/uploads\/2024\/04\/Ester-muterem_072-2048x1275.jpg 2048w, https:\/\/www.esterpartners.com\/wp-content\/uploads\/2024\/04\/Ester-muterem_072-18x12.jpg 18w, https:\/\/www.esterpartners.com\/wp-content\/uploads\/2024\/04\/Ester-muterem_072-1200x747.jpg 1200w, https:\/\/www.esterpartners.com\/wp-content\/uploads\/2024\/04\/Ester-muterem_072-1980x1233.jpg 1980w\" sizes=\"(max-width: 580px) 100vw, 580px\" \/>\t\t\t\t\t\t\t\t\t\t\t\t\t\t\t<\/div>\n\t\t\t\t<\/div>\n\t\t\t\t\t<\/div>\n\t\t<\/div>\n\t\t\t\t<div class=\"elementor-column elementor-col-50 elementor-top-column elementor-element elementor-element-dace1fd\" data-id=\"dace1fd\" data-element_type=\"column\" data-e-type=\"column\">\n\t\t\t<div class=\"elementor-widget-wrap elementor-element-populated\">\n\t\t\t\t\t\t<div class=\"elementor-element elementor-element-ab126a6 elementor-widget elementor-widget-heading\" data-id=\"ab126a6\" data-element_type=\"widget\" data-e-type=\"widget\" data-widget_type=\"heading.default\">\n\t\t\t\t<div class=\"elementor-widget-container\">\n\t\t\t\t\t<h2 class=\"elementor-heading-title elementor-size-default\">MILANO<\/h2>\t\t\t\t<\/div>\n\t\t\t\t<\/div>\n\t\t\t\t<div class=\"elementor-element elementor-element-607b98c elementor-widget elementor-widget-text-editor\" data-id=\"607b98c\" data-element_type=\"widget\" data-e-type=\"widget\" data-widget_type=\"text-editor.default\">\n\t\t\t\t<div class=\"elementor-widget-container\">\n\t\t\t\t\t\t\t\t\t<p style=\"text-align: center;\">18 Via Bernardino Telesio,\u00a0 20145 Milano, Italy<br \/>+36 30 368 9824<\/p><p style=\"text-align: center;\"><span style=\"font-size: inherit; letter-spacing: -0.015em;\">office@esterpartners.com<\/span><\/p>\t\t\t\t\t\t\t\t<\/div>\n\t\t\t\t<\/div>\n\t\t\t\t<div class=\"elementor-element elementor-element-b744bf3 elementor-widget elementor-widget-image\" data-id=\"b744bf3\" data-element_type=\"widget\" data-e-type=\"widget\" data-widget_type=\"image.default\">\n\t\t\t\t<div class=\"elementor-widget-container\">\n\t\t\t\t\t\t\t\t\t\t\t\t\t\t\t<img decoding=\"async\" width=\"580\" height=\"387\" src=\"https:\/\/www.esterpartners.com\/wp-content\/uploads\/2020\/09\/esterpartners_contact_milano.jpg\" class=\"attachment-large size-large wp-image-4246\" alt=\"\" srcset=\"https:\/\/www.esterpartners.com\/wp-content\/uploads\/2020\/09\/esterpartners_contact_milano.jpg 960w, https:\/\/www.esterpartners.com\/wp-content\/uploads\/2020\/09\/esterpartners_contact_milano-300x200.jpg 300w, https:\/\/www.esterpartners.com\/wp-content\/uploads\/2020\/09\/esterpartners_contact_milano-768x512.jpg 768w, https:\/\/www.esterpartners.com\/wp-content\/uploads\/2020\/09\/esterpartners_contact_milano-16x12.jpg 16w\" sizes=\"(max-width: 580px) 100vw, 580px\" \/>\t\t\t\t\t\t\t\t\t\t\t\t\t\t\t<\/div>\n\t\t\t\t<\/div>\n\t\t\t\t\t<\/div>\n\t\t<\/div>\n\t\t\t\t\t<\/div>\n\t\t<\/section>\n\t\t\t\t<section class=\"elementor-section elementor-top-section elementor-element elementor-element-8bd7d96 elementor-section-boxed elementor-section-height-default elementor-section-height-default\" data-id=\"8bd7d96\" data-element_type=\"section\" data-e-type=\"section\" data-settings=\"{&quot;background_background&quot;:&quot;classic&quot;}\">\n\t\t\t\t\t\t<div class=\"elementor-container elementor-column-gap-default\">\n\t\t\t\t\t<div class=\"elementor-column elementor-col-100 elementor-top-column elementor-element elementor-element-ace8046\" data-id=\"ace8046\" data-element_type=\"column\" data-e-type=\"column\">\n\t\t\t<div class=\"elementor-widget-wrap elementor-element-populated\">\n\t\t\t\t\t\t<div class=\"elementor-element elementor-element-330a5d4 elementor-widget elementor-widget-heading\" data-id=\"330a5d4\" data-element_type=\"widget\" data-e-type=\"widget\" data-widget_type=\"heading.default\">\n\t\t\t\t<div class=\"elementor-widget-container\">\n\t\t\t\t\t<h2 class=\"elementor-heading-title elementor-size-default\">ST\u00daDI\u00d3\n\n<\/h2>\t\t\t\t<\/div>\n\t\t\t\t<\/div>\n\t\t\t\t<div class=\"elementor-element elementor-element-02055ef elementor-widget elementor-widget-heading\" data-id=\"02055ef\" data-element_type=\"widget\" data-e-type=\"widget\" data-widget_type=\"heading.default\">\n\t\t\t\t<div class=\"elementor-widget-container\">\n\t\t\t\t\t<h2 class=\"elementor-heading-title elementor-size-default\"><a href=\"mailto:office@esterpartners.com\">office@esterpartners.com<\/a><\/h2>\t\t\t\t<\/div>\n\t\t\t\t<\/div>\n\t\t\t\t<div class=\"elementor-element elementor-element-85cf700 elementor-widget elementor-widget-heading\" data-id=\"85cf700\" data-element_type=\"widget\" data-e-type=\"widget\" data-widget_type=\"heading.default\">\n\t\t\t\t<div class=\"elementor-widget-container\">\n\t\t\t\t\t<h2 class=\"elementor-heading-title elementor-size-default\">SAJT\u00d3\n\n<\/h2>\t\t\t\t<\/div>\n\t\t\t\t<\/div>\n\t\t\t\t<div class=\"elementor-element elementor-element-321f67e elementor-widget elementor-widget-heading\" data-id=\"321f67e\" data-element_type=\"widget\" data-e-type=\"widget\" data-widget_type=\"heading.default\">\n\t\t\t\t<div class=\"elementor-widget-container\">\n\t\t\t\t\t<h2 class=\"elementor-heading-title elementor-size-default\"><a href=\"mailto:office@esterpartners.com\">office@esterpartners.com<\/a><\/h2>\t\t\t\t<\/div>\n\t\t\t\t<\/div>\n\t\t\t\t<div class=\"elementor-element elementor-element-321dbf0 elementor-widget elementor-widget-heading\" data-id=\"321dbf0\" data-element_type=\"widget\" data-e-type=\"widget\" data-widget_type=\"heading.default\">\n\t\t\t\t<div class=\"elementor-widget-container\">\n\t\t\t\t\t<h2 class=\"elementor-heading-title elementor-size-default\">SALES\n\n<\/h2>\t\t\t\t<\/div>\n\t\t\t\t<\/div>\n\t\t\t\t<div class=\"elementor-element elementor-element-c46ea7d elementor-widget elementor-widget-heading\" data-id=\"c46ea7d\" data-element_type=\"widget\" data-e-type=\"widget\" data-widget_type=\"heading.default\">\n\t\t\t\t<div class=\"elementor-widget-container\">\n\t\t\t\t\t<h2 class=\"elementor-heading-title elementor-size-default\"><a href=\"mailto:sales@sani-world.hu\">sales@sani-world.hu<\/a><\/h2>\t\t\t\t<\/div>\n\t\t\t\t<\/div>\n\t\t\t\t<div class=\"elementor-element elementor-element-690d65e elementor-widget elementor-widget-heading\" data-id=\"690d65e\" data-element_type=\"widget\" data-e-type=\"widget\" data-widget_type=\"heading.default\">\n\t\t\t\t<div class=\"elementor-widget-container\">\n\t\t\t\t\t<h2 class=\"elementor-heading-title elementor-size-default\">KIVITELEZ\u00c9S\n\n<\/h2>\t\t\t\t<\/div>\n\t\t\t\t<\/div>\n\t\t\t\t<div class=\"elementor-element elementor-element-03961ce elementor-widget elementor-widget-heading\" data-id=\"03961ce\" data-element_type=\"widget\" data-e-type=\"widget\" data-widget_type=\"heading.default\">\n\t\t\t\t<div class=\"elementor-widget-container\">\n\t\t\t\t\t<h2 class=\"elementor-heading-title elementor-size-default\"><a href=\"mailto:construction@sani-world.hu\">construction@sani-world.hu<\/a><\/h2>\t\t\t\t<\/div>\n\t\t\t\t<\/div>\n\t\t\t\t<div class=\"elementor-element elementor-element-4d610f3 elementor-widget elementor-widget-heading\" data-id=\"4d610f3\" data-element_type=\"widget\" data-e-type=\"widget\" data-widget_type=\"heading.default\">\n\t\t\t\t<div class=\"elementor-widget-container\">\n\t\t\t\t\t<h2 class=\"elementor-heading-title elementor-size-default\">KARRIER\n\n<\/h2>\t\t\t\t<\/div>\n\t\t\t\t<\/div>\n\t\t\t\t<div class=\"elementor-element elementor-element-ca8cfd8 elementor-widget elementor-widget-heading\" data-id=\"ca8cfd8\" data-element_type=\"widget\" data-e-type=\"widget\" data-widget_type=\"heading.default\">\n\t\t\t\t<div class=\"elementor-widget-container\">\n\t\t\t\t\t<h2 class=\"elementor-heading-title elementor-size-default\"><a href=\"mailto:office@esterpartners.com\">office@esterpartners.com<\/a><\/h2>\t\t\t\t<\/div>\n\t\t\t\t<\/div>\n\t\t\t\t\t<\/div>\n\t\t<\/div>\n\t\t\t\t\t<\/div>\n\t\t<\/section>\n\t\t\t\t<\/div>","protected":false},"excerpt":{"rendered":"<p>SZENTENDRE 10 Kert\u00e9sz Street, 2000 Szentendre, Hungary\u00a0+ 36 30 955 3118 office@esterpartners.com MILANO 18 Via Bernardino Telesio,\u00a0 20145 Milano, Italy+36 30 368 9824 office@esterpartners.com STUDIO office@esterpartners.com PRESS office@esterpartners.com SALES sales@sani-world.hu CONSTRUCTION construction@sani-world.hu CAREER office@esterpartners.com<\/p>","protected":false},"author":1,"featured_media":0,"parent":0,"menu_order":0,"comment_status":"closed","ping_status":"closed","template":"elementor_header_footer","meta":{"footnotes":""},"class_list":["post-1615","page","type-page","status-publish","hentry"],"yoast_head":"<!-- This site is optimized with the Yoast SEO plugin v27.4 - https:\/\/yoast.com\/product\/yoast-seo-wordpress\/ -->\n<title>CONTACT - esterpartners<\/title>\n<meta name=\"description\" content=\"Szentendr\u00e9n tal\u00e1lhat\u00f3 irod\u00e1nk portf\u00f3li\u00f3j\u00e1t sz\u00e9lesk\u00f6r\u0171 \u00e9p\u00edt\u00e9szeti \u00e9s bels\u0151\u00e9p\u00edt\u00e9szeti munk\u00e1k alkotj\u00e1k, amelyeket megrendel\u0151ink ig\u00e9nye szerint saj\u00e1t magunk kivitelez\u00fcnk.\" \/>\n<meta name=\"robots\" content=\"index, follow, max-snippet:-1, max-image-preview:large, max-video-preview:-1\" \/>\n<link rel=\"canonical\" href=\"https:\/\/www.esterpartners.com\/hu\/contact\/\" \/>\n<meta property=\"og:locale\" content=\"hu_HU\" \/>\n<meta property=\"og:type\" content=\"article\" \/>\n<meta property=\"og:title\" content=\"CONTACT - esterpartners\" \/>\n<meta property=\"og:description\" content=\"Szentendr\u00e9n tal\u00e1lhat\u00f3 irod\u00e1nk portf\u00f3li\u00f3j\u00e1t sz\u00e9lesk\u00f6r\u0171 \u00e9p\u00edt\u00e9szeti \u00e9s bels\u0151\u00e9p\u00edt\u00e9szeti munk\u00e1k alkotj\u00e1k, amelyeket megrendel\u0151ink ig\u00e9nye szerint saj\u00e1t magunk kivitelez\u00fcnk.\" \/>\n<meta property=\"og:url\" content=\"https:\/\/www.esterpartners.com\/hu\/contact\/\" \/>\n<meta property=\"og:site_name\" content=\"esterpartners\" \/>\n<meta property=\"article:publisher\" content=\"https:\/\/www.facebook.com\/esterpartners\" \/>\n<meta property=\"article:modified_time\" content=\"2024-11-04T10:55:26+00:00\" \/>\n<meta property=\"og:image\" content=\"https:\/\/www.esterpartners.com\/wp-content\/uploads\/2024\/04\/Ester-muterem_072-scaled.jpg\" \/>\n\t<meta property=\"og:image:width\" content=\"2560\" \/>\n\t<meta property=\"og:image:height\" content=\"1594\" \/>\n\t<meta property=\"og:image:type\" content=\"image\/jpeg\" \/>\n<meta name=\"twitter:card\" content=\"summary_large_image\" \/>\n<meta name=\"twitter:label1\" content=\"Becs\u00fclt olvas\u00e1si id\u0151\" \/>\n\t<meta name=\"twitter:data1\" content=\"1 perc\" \/>\n<script type=\"application\/ld+json\" class=\"yoast-schema-graph\">{\"@context\":\"https:\\\/\\\/schema.org\",\"@graph\":[{\"@type\":\"WebPage\",\"@id\":\"https:\\\/\\\/www.esterpartners.com\\\/contact\\\/\",\"url\":\"https:\\\/\\\/www.esterpartners.com\\\/contact\\\/\",\"name\":\"CONTACT - esterpartners\",\"isPartOf\":{\"@id\":\"https:\\\/\\\/www.esterpartners.com\\\/#website\"},\"primaryImageOfPage\":{\"@id\":\"https:\\\/\\\/www.esterpartners.com\\\/contact\\\/#primaryimage\"},\"image\":{\"@id\":\"https:\\\/\\\/www.esterpartners.com\\\/contact\\\/#primaryimage\"},\"thumbnailUrl\":\"https:\\\/\\\/www.esterpartners.com\\\/wp-content\\\/uploads\\\/2024\\\/04\\\/Ester-muterem_072-1024x638.jpg\",\"datePublished\":\"2020-06-22T14:52:24+00:00\",\"dateModified\":\"2024-11-04T10:55:26+00:00\",\"description\":\"Szentendr\u00e9n tal\u00e1lhat\u00f3 irod\u00e1nk portf\u00f3li\u00f3j\u00e1t sz\u00e9lesk\u00f6r\u0171 \u00e9p\u00edt\u00e9szeti \u00e9s bels\u0151\u00e9p\u00edt\u00e9szeti munk\u00e1k alkotj\u00e1k, amelyeket megrendel\u0151ink ig\u00e9nye szerint saj\u00e1t magunk kivitelez\u00fcnk.\",\"breadcrumb\":{\"@id\":\"https:\\\/\\\/www.esterpartners.com\\\/contact\\\/#breadcrumb\"},\"inLanguage\":\"hu\",\"potentialAction\":[{\"@type\":\"ReadAction\",\"target\":[\"https:\\\/\\\/www.esterpartners.com\\\/contact\\\/\"]}]},{\"@type\":\"ImageObject\",\"inLanguage\":\"hu\",\"@id\":\"https:\\\/\\\/www.esterpartners.com\\\/contact\\\/#primaryimage\",\"url\":\"https:\\\/\\\/www.esterpartners.com\\\/wp-content\\\/uploads\\\/2024\\\/04\\\/Ester-muterem_072-1024x638.jpg\",\"contentUrl\":\"https:\\\/\\\/www.esterpartners.com\\\/wp-content\\\/uploads\\\/2024\\\/04\\\/Ester-muterem_072-1024x638.jpg\"},{\"@type\":\"BreadcrumbList\",\"@id\":\"https:\\\/\\\/www.esterpartners.com\\\/contact\\\/#breadcrumb\",\"itemListElement\":[{\"@type\":\"ListItem\",\"position\":1,\"name\":\"Home\",\"item\":\"https:\\\/\\\/www.esterpartners.com\\\/\"},{\"@type\":\"ListItem\",\"position\":2,\"name\":\"CONTACT\"}]},{\"@type\":\"WebSite\",\"@id\":\"https:\\\/\\\/www.esterpartners.com\\\/#website\",\"url\":\"https:\\\/\\\/www.esterpartners.com\\\/\",\"name\":\"esterpartners\",\"description\":\"interior architecture\",\"publisher\":{\"@id\":\"https:\\\/\\\/www.esterpartners.com\\\/#organization\"},\"potentialAction\":[{\"@type\":\"SearchAction\",\"target\":{\"@type\":\"EntryPoint\",\"urlTemplate\":\"https:\\\/\\\/www.esterpartners.com\\\/?s={search_term_string}\"},\"query-input\":{\"@type\":\"PropertyValueSpecification\",\"valueRequired\":true,\"valueName\":\"search_term_string\"}}],\"inLanguage\":\"hu\"},{\"@type\":\"Organization\",\"@id\":\"https:\\\/\\\/www.esterpartners.com\\\/#organization\",\"name\":\"esterpartners\",\"url\":\"https:\\\/\\\/www.esterpartners.com\\\/\",\"logo\":{\"@type\":\"ImageObject\",\"inLanguage\":\"hu\",\"@id\":\"https:\\\/\\\/www.esterpartners.com\\\/#\\\/schema\\\/logo\\\/image\\\/\",\"url\":\"https:\\\/\\\/www.esterpartners.com\\\/wp-content\\\/uploads\\\/2023\\\/04\\\/ESTERPARTNERS__logo_full_black.png\",\"contentUrl\":\"https:\\\/\\\/www.esterpartners.com\\\/wp-content\\\/uploads\\\/2023\\\/04\\\/ESTERPARTNERS__logo_full_black.png\",\"width\":2354,\"height\":911,\"caption\":\"esterpartners\"},\"image\":{\"@id\":\"https:\\\/\\\/www.esterpartners.com\\\/#\\\/schema\\\/logo\\\/image\\\/\"},\"sameAs\":[\"https:\\\/\\\/www.facebook.com\\\/esterpartners\"]}]}<\/script>\n<!-- \/ Yoast SEO plugin. -->","yoast_head_json":{"title":"CONTACT - esterpartners","description":"Szentendr\u00e9n tal\u00e1lhat\u00f3 irod\u00e1nk portf\u00f3li\u00f3j\u00e1t sz\u00e9lesk\u00f6r\u0171 \u00e9p\u00edt\u00e9szeti \u00e9s bels\u0151\u00e9p\u00edt\u00e9szeti munk\u00e1k alkotj\u00e1k, amelyeket megrendel\u0151ink ig\u00e9nye szerint saj\u00e1t magunk kivitelez\u00fcnk.","robots":{"index":"index","follow":"follow","max-snippet":"max-snippet:-1","max-image-preview":"max-image-preview:large","max-video-preview":"max-video-preview:-1"},"canonical":"https:\/\/www.esterpartners.com\/hu\/contact\/","og_locale":"hu_HU","og_type":"article","og_title":"CONTACT - esterpartners","og_description":"Szentendr\u00e9n tal\u00e1lhat\u00f3 irod\u00e1nk portf\u00f3li\u00f3j\u00e1t sz\u00e9lesk\u00f6r\u0171 \u00e9p\u00edt\u00e9szeti \u00e9s bels\u0151\u00e9p\u00edt\u00e9szeti munk\u00e1k alkotj\u00e1k, amelyeket megrendel\u0151ink ig\u00e9nye szerint saj\u00e1t magunk kivitelez\u00fcnk.","og_url":"https:\/\/www.esterpartners.com\/hu\/contact\/","og_site_name":"esterpartners","article_publisher":"https:\/\/www.facebook.com\/esterpartners","article_modified_time":"2024-11-04T10:55:26+00:00","og_image":[{"width":2560,"height":1594,"url":"https:\/\/www.esterpartners.com\/wp-content\/uploads\/2024\/04\/Ester-muterem_072-scaled.jpg","type":"image\/jpeg"}],"twitter_card":"summary_large_image","twitter_misc":{"Becs\u00fclt olvas\u00e1si id\u0151":"1 perc"},"schema":{"@context":"https:\/\/schema.org","@graph":[{"@type":"WebPage","@id":"https:\/\/www.esterpartners.com\/contact\/","url":"https:\/\/www.esterpartners.com\/contact\/","name":"CONTACT - esterpartners","isPartOf":{"@id":"https:\/\/www.esterpartners.com\/#website"},"primaryImageOfPage":{"@id":"https:\/\/www.esterpartners.com\/contact\/#primaryimage"},"image":{"@id":"https:\/\/www.esterpartners.com\/contact\/#primaryimage"},"thumbnailUrl":"https:\/\/www.esterpartners.com\/wp-content\/uploads\/2024\/04\/Ester-muterem_072-1024x638.jpg","datePublished":"2020-06-22T14:52:24+00:00","dateModified":"2024-11-04T10:55:26+00:00","description":"Szentendr\u00e9n tal\u00e1lhat\u00f3 irod\u00e1nk portf\u00f3li\u00f3j\u00e1t sz\u00e9lesk\u00f6r\u0171 \u00e9p\u00edt\u00e9szeti \u00e9s bels\u0151\u00e9p\u00edt\u00e9szeti munk\u00e1k alkotj\u00e1k, amelyeket megrendel\u0151ink ig\u00e9nye szerint saj\u00e1t magunk kivitelez\u00fcnk.","breadcrumb":{"@id":"https:\/\/www.esterpartners.com\/contact\/#breadcrumb"},"inLanguage":"hu","potentialAction":[{"@type":"ReadAction","target":["https:\/\/www.esterpartners.com\/contact\/"]}]},{"@type":"ImageObject","inLanguage":"hu","@id":"https:\/\/www.esterpartners.com\/contact\/#primaryimage","url":"https:\/\/www.esterpartners.com\/wp-content\/uploads\/2024\/04\/Ester-muterem_072-1024x638.jpg","contentUrl":"https:\/\/www.esterpartners.com\/wp-content\/uploads\/2024\/04\/Ester-muterem_072-1024x638.jpg"},{"@type":"BreadcrumbList","@id":"https:\/\/www.esterpartners.com\/contact\/#breadcrumb","itemListElement":[{"@type":"ListItem","position":1,"name":"Home","item":"https:\/\/www.esterpartners.com\/"},{"@type":"ListItem","position":2,"name":"CONTACT"}]},{"@type":"WebSite","@id":"https:\/\/www.esterpartners.com\/#website","url":"https:\/\/www.esterpartners.com\/","name":"esterpartners","description":"interior architecture","publisher":{"@id":"https:\/\/www.esterpartners.com\/#organization"},"potentialAction":[{"@type":"SearchAction","target":{"@type":"EntryPoint","urlTemplate":"https:\/\/www.esterpartners.com\/?s={search_term_string}"},"query-input":{"@type":"PropertyValueSpecification","valueRequired":true,"valueName":"search_term_string"}}],"inLanguage":"hu"},{"@type":"Organization","@id":"https:\/\/www.esterpartners.com\/#organization","name":"esterpartners","url":"https:\/\/www.esterpartners.com\/","logo":{"@type":"ImageObject","inLanguage":"hu","@id":"https:\/\/www.esterpartners.com\/#\/schema\/logo\/image\/","url":"https:\/\/www.esterpartners.com\/wp-content\/uploads\/2023\/04\/ESTERPARTNERS__logo_full_black.png","contentUrl":"https:\/\/www.esterpartners.com\/wp-content\/uploads\/2023\/04\/ESTERPARTNERS__logo_full_black.png","width":2354,"height":911,"caption":"esterpartners"},"image":{"@id":"https:\/\/www.esterpartners.com\/#\/schema\/logo\/image\/"},"sameAs":["https:\/\/www.facebook.com\/esterpartners"]}]}},"_links":{"self":[{"href":"https:\/\/www.esterpartners.com\/hu\/wp-json\/wp\/v2\/pages\/1615","targetHints":{"allow":["GET"]}}],"collection":[{"href":"https:\/\/www.esterpartners.com\/hu\/wp-json\/wp\/v2\/pages"}],"about":[{"href":"https:\/\/www.esterpartners.com\/hu\/wp-json\/wp\/v2\/types\/page"}],"author":[{"embeddable":true,"href":"https:\/\/www.esterpartners.com\/hu\/wp-json\/wp\/v2\/users\/1"}],"replies":[{"embeddable":true,"href":"https:\/\/www.esterpartners.com\/hu\/wp-json\/wp\/v2\/comments?post=1615"}],"version-history":[{"count":0,"href":"https:\/\/www.esterpartners.com\/hu\/wp-json\/wp\/v2\/pages\/1615\/revisions"}],"wp:attachment":[{"href":"https:\/\/www.esterpartners.com\/hu\/wp-json\/wp\/v2\/media?parent=1615"}],"curies":[{"name":"wp","href":"https:\/\/api.w.org\/{rel}","templated":true}]}}