{"id":21022,"date":"2022-05-31T08:12:26","date_gmt":"2022-05-31T08:12:26","guid":{"rendered":"https:\/\/www.esterpartners.com\/?page_id=21022"},"modified":"2024-11-04T10:48:27","modified_gmt":"2024-11-04T10:48:27","slug":"services","status":"publish","type":"page","link":"https:\/\/www.esterpartners.com\/hu\/services\/","title":{"rendered":"SZOLG\u00c1LTAT\u00c1SOK"},"content":{"rendered":"<div data-elementor-type=\"wp-page\" data-elementor-id=\"21022\" class=\"elementor elementor-21022\" data-elementor-post-type=\"page\">\n\t\t\t\t\t\t<section class=\"elementor-section elementor-top-section elementor-element elementor-element-06648fc elementor-section-boxed elementor-section-height-default elementor-section-height-default\" data-id=\"06648fc\" data-element_type=\"section\" data-e-type=\"section\" data-settings=\"{&quot;background_background&quot;:&quot;classic&quot;}\">\n\t\t\t\t\t\t<div class=\"elementor-container elementor-column-gap-default\">\n\t\t\t\t\t<div class=\"elementor-column elementor-col-100 elementor-top-column elementor-element elementor-element-f1e0363\" data-id=\"f1e0363\" data-element_type=\"column\" data-e-type=\"column\">\n\t\t\t<div class=\"elementor-widget-wrap elementor-element-populated\">\n\t\t\t\t\t\t<div class=\"elementor-element elementor-element-054d266 elementor-widget elementor-widget-heading\" data-id=\"054d266\" data-element_type=\"widget\" data-e-type=\"widget\" data-widget_type=\"heading.default\">\n\t\t\t\t<div class=\"elementor-widget-container\">\n\t\t\t\t\t<h2 class=\"elementor-heading-title elementor-size-default\">INTERIOR ARCHITECTURE AND INTERIOR DESIGN SERVICES<\/h2>\t\t\t\t<\/div>\n\t\t\t\t<\/div>\n\t\t\t\t\t<\/div>\n\t\t<\/div>\n\t\t\t\t\t<\/div>\n\t\t<\/section>\n\t\t\t\t<section class=\"elementor-section elementor-top-section elementor-element elementor-element-58a6d470 elementor-section-boxed elementor-section-height-default elementor-section-height-default\" data-id=\"58a6d470\" data-element_type=\"section\" data-e-type=\"section\" data-settings=\"{&quot;background_background&quot;:&quot;classic&quot;}\">\n\t\t\t\t\t\t<div class=\"elementor-container elementor-column-gap-default\">\n\t\t\t\t\t<div class=\"elementor-column elementor-col-25 elementor-top-column elementor-element elementor-element-88bb22b\" data-id=\"88bb22b\" data-element_type=\"column\" data-e-type=\"column\">\n\t\t\t<div class=\"elementor-widget-wrap elementor-element-populated\">\n\t\t\t\t\t\t<div class=\"elementor-element elementor-element-9c7210b elementor-cta--skin-classic elementor-animated-content elementor-widget elementor-widget-call-to-action\" data-id=\"9c7210b\" data-element_type=\"widget\" data-e-type=\"widget\" data-widget_type=\"call-to-action.default\">\n\t\t\t\t<div class=\"elementor-widget-container\">\n\t\t\t\t\t\t\t<div class=\"elementor-cta\">\n\t\t\t\t\t<div class=\"elementor-cta__bg-wrapper\">\n\t\t\t\t<div class=\"elementor-cta__bg elementor-bg\" style=\"background-image: url(https:\/\/www.esterpartners.com\/wp-content\/uploads\/2024\/07\/SPACE-PLANNING-scaled.jpg);\" role=\"img\" aria-label=\"SPACE PLANNING\"><\/div>\n\t\t\t\t<div class=\"elementor-cta__bg-overlay\"><\/div>\n\t\t\t<\/div>\n\t\t\t\t\t\t\t<div class=\"elementor-cta__content\">\n\t\t\t\t\n\t\t\t\t\t\t\t\t\t<h2 class=\"elementor-cta__title elementor-cta__content-item elementor-content-item\">\n\t\t\t\t\t\tKONCEPTERVEZ\u00c9S \t\t\t\t\t<\/h2>\n\t\t\t\t\n\t\t\t\t\t\t\t\t\t<div class=\"elementor-cta__description elementor-cta__content-item elementor-content-item\">\n\t\t\t\t\t\tmegjelen\u00e9s \u00e9s \u00e9rz\u00e9s <br>\n\nt\u00e9rrendez\u00e9s <br>\n\nvirtu\u00e1lis tervez\u00e9s <br>\t\t\t\t\t<\/div>\n\t\t\t\t\n\t\t\t\t\t\t\t<\/div>\n\t\t\t\t\t\t<\/div>\n\t\t\t\t\t\t<\/div>\n\t\t\t\t<\/div>\n\t\t\t\t\t<\/div>\n\t\t<\/div>\n\t\t\t\t<div class=\"elementor-column elementor-col-25 elementor-top-column elementor-element elementor-element-890c583\" data-id=\"890c583\" data-element_type=\"column\" data-e-type=\"column\">\n\t\t\t<div class=\"elementor-widget-wrap elementor-element-populated\">\n\t\t\t\t\t\t<div class=\"elementor-element elementor-element-6c004d56 elementor-cta--skin-classic elementor-animated-content elementor-widget elementor-widget-call-to-action\" data-id=\"6c004d56\" data-element_type=\"widget\" data-e-type=\"widget\" data-widget_type=\"call-to-action.default\">\n\t\t\t\t<div class=\"elementor-widget-container\">\n\t\t\t\t\t\t\t<div class=\"elementor-cta\">\n\t\t\t\t\t<div class=\"elementor-cta__bg-wrapper\">\n\t\t\t\t<div class=\"elementor-cta__bg elementor-bg\" style=\"background-image: url(https:\/\/www.esterpartners.com\/wp-content\/uploads\/2024\/08\/DSC_0014-1-1024x678.jpg);\" role=\"img\" aria-label=\"DSC_0014 (1)\"><\/div>\n\t\t\t\t<div class=\"elementor-cta__bg-overlay\"><\/div>\n\t\t\t<\/div>\n\t\t\t\t\t\t\t<div class=\"elementor-cta__content\">\n\t\t\t\t\n\t\t\t\t\t\t\t\t\t<h2 class=\"elementor-cta__title elementor-cta__content-item elementor-content-item\">\n\t\t\t\t\t\tTERVEZ\u00c9SI FEJLESZT\u00c9S \t\t\t\t\t<\/h2>\n\t\t\t\t\n\t\t\t\t\t\t\t\t\t<div class=\"elementor-cta__description elementor-cta__content-item elementor-content-item\">\n\t\t\t\t\t\tm\u0171szaki tervek <br>\n\nr\u00e9szletes rajz <br>\n\nspecifik\u00e1ci\u00f3 - FFE &amp; BOQ\t\t\t\t\t<\/div>\n\t\t\t\t\n\t\t\t\t\t\t\t<\/div>\n\t\t\t\t\t\t<\/div>\n\t\t\t\t\t\t<\/div>\n\t\t\t\t<\/div>\n\t\t\t\t\t<\/div>\n\t\t<\/div>\n\t\t\t\t<div class=\"elementor-column elementor-col-25 elementor-top-column elementor-element elementor-element-5f2bc20f\" data-id=\"5f2bc20f\" data-element_type=\"column\" data-e-type=\"column\">\n\t\t\t<div class=\"elementor-widget-wrap elementor-element-populated\">\n\t\t\t\t\t\t<div class=\"elementor-element elementor-element-58e4232 elementor-cta--skin-classic elementor-animated-content elementor-widget elementor-widget-call-to-action\" data-id=\"58e4232\" data-element_type=\"widget\" data-e-type=\"widget\" data-widget_type=\"call-to-action.default\">\n\t\t\t\t<div class=\"elementor-widget-container\">\n\t\t\t\t\t\t\t<div class=\"elementor-cta\">\n\t\t\t\t\t<div class=\"elementor-cta__bg-wrapper\">\n\t\t\t\t<div class=\"elementor-cta__bg elementor-bg\" style=\"background-image: url(https:\/\/www.esterpartners.com\/wp-content\/uploads\/2024\/08\/20230206_szonyegminta_narancsos-08.jpg);\" role=\"img\" aria-label=\"20230206_szonyegminta_narancsos-08\"><\/div>\n\t\t\t\t<div class=\"elementor-cta__bg-overlay\"><\/div>\n\t\t\t<\/div>\n\t\t\t\t\t\t\t<div class=\"elementor-cta__content\">\n\t\t\t\t\n\t\t\t\t\t\t\t\t\t<h2 class=\"elementor-cta__title elementor-cta__content-item elementor-content-item\">\n\t\t\t\t\t\tGRAFIKAI TERVEZ\u00c9S\t\t\t\t\t<\/h2>\n\t\t\t\t\n\t\t\t\t\t\t\t\t\t<div class=\"elementor-cta__description elementor-cta__content-item elementor-content-item\">\n\t\t\t\t\t\tmintatervez\u00e9s <br>\n\nm\u00e1rka\u00e9p\u00edt\u00e9s <br>\n\nr\u00e9szletrajzok\t\t\t\t\t<\/div>\n\t\t\t\t\n\t\t\t\t\t\t\t<\/div>\n\t\t\t\t\t\t<\/div>\n\t\t\t\t\t\t<\/div>\n\t\t\t\t<\/div>\n\t\t\t\t\t<\/div>\n\t\t<\/div>\n\t\t\t\t<div class=\"elementor-column elementor-col-25 elementor-top-column elementor-element elementor-element-1126439\" data-id=\"1126439\" data-element_type=\"column\" data-e-type=\"column\">\n\t\t\t<div class=\"elementor-widget-wrap elementor-element-populated\">\n\t\t\t\t\t\t<div class=\"elementor-element elementor-element-6ac28cb2 elementor-cta--skin-classic elementor-animated-content elementor-widget elementor-widget-call-to-action\" data-id=\"6ac28cb2\" data-element_type=\"widget\" data-e-type=\"widget\" data-widget_type=\"call-to-action.default\">\n\t\t\t\t<div class=\"elementor-widget-container\">\n\t\t\t\t\t\t\t<div class=\"elementor-cta\">\n\t\t\t\t\t<div class=\"elementor-cta__bg-wrapper\">\n\t\t\t\t<div class=\"elementor-cta__bg elementor-bg\" style=\"background-image: url(https:\/\/www.esterpartners.com\/wp-content\/uploads\/2023\/11\/231119-VIL1-135-1024x669.jpg);\" role=\"img\" aria-label=\"\"><\/div>\n\t\t\t\t<div class=\"elementor-cta__bg-overlay\"><\/div>\n\t\t\t<\/div>\n\t\t\t\t\t\t\t<div class=\"elementor-cta__content\">\n\t\t\t\t\n\t\t\t\t\t\t\t\t\t<h2 class=\"elementor-cta__title elementor-cta__content-item elementor-content-item\">\n\t\t\t\t\t\tVIL\u00c1G\u00cdT\u00c1STERVEZ\u00c9S\t\t\t\t\t<\/h2>\n\t\t\t\t\n\t\t\t\t\t\t\t\t\t<div class=\"elementor-cta__description elementor-cta__content-item elementor-content-item\">\n\t\t\t\t\t\tvil\u00e1g\u00edt\u00e1si koncepci\u00f3 <br>\n\nvil\u00e1g\u00edt\u00e1si m\u00e9retez\u00e9s <br>\n\nl\u00e1mpa specifik\u00e1ci\u00f3\t\t\t\t\t<\/div>\n\t\t\t\t\n\t\t\t\t\t\t\t<\/div>\n\t\t\t\t\t\t<\/div>\n\t\t\t\t\t\t<\/div>\n\t\t\t\t<\/div>\n\t\t\t\t\t<\/div>\n\t\t<\/div>\n\t\t\t\t\t<\/div>\n\t\t<\/section>\n\t\t\t\t<section class=\"elementor-section elementor-top-section elementor-element elementor-element-8c5e28d elementor-section-boxed elementor-section-height-default elementor-section-height-default\" data-id=\"8c5e28d\" data-element_type=\"section\" data-e-type=\"section\" data-settings=\"{&quot;background_background&quot;:&quot;classic&quot;}\">\n\t\t\t\t\t\t<div class=\"elementor-container elementor-column-gap-default\">\n\t\t\t\t\t<div class=\"elementor-column elementor-col-100 elementor-top-column elementor-element elementor-element-0f45c48\" data-id=\"0f45c48\" data-element_type=\"column\" data-e-type=\"column\">\n\t\t\t<div class=\"elementor-widget-wrap elementor-element-populated\">\n\t\t\t\t\t\t<div class=\"elementor-element elementor-element-81cea26 elementor-widget elementor-widget-heading\" data-id=\"81cea26\" data-element_type=\"widget\" data-e-type=\"widget\" data-widget_type=\"heading.default\">\n\t\t\t\t<div class=\"elementor-widget-container\">\n\t\t\t\t\t<h2 class=\"elementor-heading-title elementor-size-default\">design-build<\/h2>\t\t\t\t<\/div>\n\t\t\t\t<\/div>\n\t\t\t\t\t<\/div>\n\t\t<\/div>\n\t\t\t\t\t<\/div>\n\t\t<\/section>\n\t\t\t\t<section class=\"elementor-section elementor-top-section elementor-element elementor-element-c3fa5f6 elementor-section-boxed elementor-section-height-default elementor-section-height-default\" data-id=\"c3fa5f6\" data-element_type=\"section\" data-e-type=\"section\" data-settings=\"{&quot;background_background&quot;:&quot;classic&quot;}\">\n\t\t\t\t\t\t<div class=\"elementor-container elementor-column-gap-default\">\n\t\t\t\t\t<div class=\"elementor-column elementor-col-33 elementor-top-column elementor-element elementor-element-24a72ed\" data-id=\"24a72ed\" data-element_type=\"column\" data-e-type=\"column\">\n\t\t\t<div class=\"elementor-widget-wrap elementor-element-populated\">\n\t\t\t\t\t\t<div class=\"elementor-element elementor-element-04d97bc elementor-cta--skin-classic elementor-animated-content elementor-widget elementor-widget-call-to-action\" data-id=\"04d97bc\" data-element_type=\"widget\" data-e-type=\"widget\" data-widget_type=\"call-to-action.default\">\n\t\t\t\t<div class=\"elementor-widget-container\">\n\t\t\t\t\t\t\t<div class=\"elementor-cta\">\n\t\t\t\t\t<div class=\"elementor-cta__bg-wrapper\">\n\t\t\t\t<div class=\"elementor-cta__bg elementor-bg\" style=\"background-image: url(https:\/\/www.esterpartners.com\/wp-content\/uploads\/2024\/08\/EM0C6070-1024x683.jpg);\" role=\"img\" aria-label=\"EM0C6070\"><\/div>\n\t\t\t\t<div class=\"elementor-cta__bg-overlay\"><\/div>\n\t\t\t<\/div>\n\t\t\t\t\t\t\t<div class=\"elementor-cta__content\">\n\t\t\t\t\n\t\t\t\t\t\t\t\t\t<h2 class=\"elementor-cta__title elementor-cta__content-item elementor-content-item\">\n\t\t\t\t\t\tFIT OUT\t\t\t\t\t<\/h2>\n\t\t\t\t\n\t\t\t\t\t\t\t\t\t<div class=\"elementor-cta__description elementor-cta__content-item elementor-content-item\">\n\t\t\t\t\t\t\u00e9rt\u00e9kn\u00f6vel\u00e9s <br>\n\nk\u00f6lts\u00e9gbecsl\u00e9s \u00e9s BOQ <br>\n\nprojektmenedzsment\t\t\t\t\t<\/div>\n\t\t\t\t\n\t\t\t\t\t\t\t<\/div>\n\t\t\t\t\t\t<\/div>\n\t\t\t\t\t\t<\/div>\n\t\t\t\t<\/div>\n\t\t\t\t\t<\/div>\n\t\t<\/div>\n\t\t\t\t<div class=\"elementor-column elementor-col-33 elementor-top-column elementor-element elementor-element-35bd1bf\" data-id=\"35bd1bf\" data-element_type=\"column\" data-e-type=\"column\">\n\t\t\t<div class=\"elementor-widget-wrap elementor-element-populated\">\n\t\t\t\t\t\t<div class=\"elementor-element elementor-element-224aebb elementor-cta--skin-classic elementor-animated-content elementor-widget elementor-widget-call-to-action\" data-id=\"224aebb\" data-element_type=\"widget\" data-e-type=\"widget\" data-widget_type=\"call-to-action.default\">\n\t\t\t\t<div class=\"elementor-widget-container\">\n\t\t\t\t\t\t\t<div class=\"elementor-cta\">\n\t\t\t\t\t<div class=\"elementor-cta__bg-wrapper\">\n\t\t\t\t<div class=\"elementor-cta__bg elementor-bg\" style=\"background-image: url(https:\/\/www.esterpartners.com\/wp-content\/uploads\/2024\/07\/CUSTOM-PIECE-1024x765.jpg);\" role=\"img\" aria-label=\"CUSTOM PIECE\"><\/div>\n\t\t\t\t<div class=\"elementor-cta__bg-overlay\"><\/div>\n\t\t\t<\/div>\n\t\t\t\t\t\t\t<div class=\"elementor-cta__content\">\n\t\t\t\t\n\t\t\t\t\t\t\t\t\t<h2 class=\"elementor-cta__title elementor-cta__content-item elementor-content-item\">\n\t\t\t\t\t\tEGYEDI B\u00daTOROK\t\t\t\t\t<\/h2>\n\t\t\t\t\n\t\t\t\t\t\t\t\t\t<div class=\"elementor-cta__description elementor-cta__content-item elementor-content-item\">\n\t\t\t\t\t\tk\u00e9zzel k\u00e9sz\u00edtett megold\u00e1sok <br>\n\ntestreszabott berendez\u00e9sek <br>\n\nanyagk\u00eds\u00e9rletek\t\t\t\t\t<\/div>\n\t\t\t\t\n\t\t\t\t\t\t\t<\/div>\n\t\t\t\t\t\t<\/div>\n\t\t\t\t\t\t<\/div>\n\t\t\t\t<\/div>\n\t\t\t\t\t<\/div>\n\t\t<\/div>\n\t\t\t\t<div class=\"elementor-column elementor-col-33 elementor-top-column elementor-element elementor-element-36c75be\" data-id=\"36c75be\" data-element_type=\"column\" data-e-type=\"column\">\n\t\t\t<div class=\"elementor-widget-wrap elementor-element-populated\">\n\t\t\t\t\t\t<div class=\"elementor-element elementor-element-cf783dd elementor-cta--skin-classic elementor-animated-content elementor-widget elementor-widget-call-to-action\" data-id=\"cf783dd\" data-element_type=\"widget\" data-e-type=\"widget\" data-widget_type=\"call-to-action.default\">\n\t\t\t\t<div class=\"elementor-widget-container\">\n\t\t\t\t\t\t\t<div class=\"elementor-cta\">\n\t\t\t\t\t<div class=\"elementor-cta__bg-wrapper\">\n\t\t\t\t<div class=\"elementor-cta__bg elementor-bg\" style=\"background-image: url(https:\/\/www.esterpartners.com\/wp-content\/uploads\/2021\/09\/02_emerald_033-1024x732.jpg);\" role=\"img\" aria-label=\"02_emerald_033\"><\/div>\n\t\t\t\t<div class=\"elementor-cta__bg-overlay\"><\/div>\n\t\t\t<\/div>\n\t\t\t\t\t\t\t<div class=\"elementor-cta__content\">\n\t\t\t\t\n\t\t\t\t\t\t\t\t\t<h2 class=\"elementor-cta__title elementor-cta__content-item elementor-content-item\">\n\t\t\t\t\t\tV\u00c1S\u00c1RL\u00c1S \t\t\t\t\t<\/h2>\n\t\t\t\t\n\t\t\t\t\t\t\t\t\t<div class=\"elementor-cta__description elementor-cta__content-item elementor-content-item\">\n\t\t\t\t\t\tspecifik\u00e1ci\u00f3 <br> k\u00f6lts\u00e9gvet\u00e9si gazd\u00e1lkod\u00e1s <br>aj\u00e1nlatk\u00e9r\u00e9s\t\t\t\t\t<\/div>\n\t\t\t\t\n\t\t\t\t\t\t\t<\/div>\n\t\t\t\t\t\t<\/div>\n\t\t\t\t\t\t<\/div>\n\t\t\t\t<\/div>\n\t\t\t\t\t<\/div>\n\t\t<\/div>\n\t\t\t\t\t<\/div>\n\t\t<\/section>\n\t\t\t\t<section class=\"elementor-section elementor-top-section elementor-element elementor-element-2f84419 elementor-section-boxed elementor-section-height-default elementor-section-height-default\" data-id=\"2f84419\" data-element_type=\"section\" data-e-type=\"section\" data-settings=\"{&quot;background_background&quot;:&quot;classic&quot;}\">\n\t\t\t\t\t\t<div class=\"elementor-container elementor-column-gap-default\">\n\t\t\t\t\t<div class=\"elementor-column elementor-col-100 elementor-top-column elementor-element elementor-element-82078d5\" data-id=\"82078d5\" data-element_type=\"column\" data-e-type=\"column\" data-settings=\"{&quot;background_background&quot;:&quot;classic&quot;}\">\n\t\t\t<div class=\"elementor-widget-wrap elementor-element-populated\">\n\t\t\t\t\t\t<div class=\"elementor-element elementor-element-2353931 elementor-widget elementor-widget-heading\" data-id=\"2353931\" data-element_type=\"widget\" data-e-type=\"widget\" data-widget_type=\"heading.default\">\n\t\t\t\t<div class=\"elementor-widget-container\">\n\t\t\t\t\t<h2 class=\"elementor-heading-title elementor-size-default\">KAPCSOLATFELV\u00c9TEL\n<\/h2>\t\t\t\t<\/div>\n\t\t\t\t<\/div>\n\t\t\t\t<div class=\"elementor-element elementor-element-1ff8a31 elementor-widget elementor-widget-text-editor\" data-id=\"1ff8a31\" data-element_type=\"widget\" data-e-type=\"widget\" data-widget_type=\"text-editor.default\">\n\t\t\t\t<div class=\"elementor-widget-container\">\n\t\t\t\t\t\t\t\t\t<p>office@esterpartners.com<\/p>\t\t\t\t\t\t\t\t<\/div>\n\t\t\t\t<\/div>\n\t\t\t\t<div class=\"elementor-element elementor-element-d114db5 elementor-widget elementor-widget-text-editor\" data-id=\"d114db5\" data-element_type=\"widget\" data-e-type=\"widget\" data-widget_type=\"text-editor.default\">\n\t\t\t\t<div class=\"elementor-widget-container\">\n\t\t\t\t\t\t\t\t\t<p>+36 30 955 3118<\/p>\t\t\t\t\t\t\t\t<\/div>\n\t\t\t\t<\/div>\n\t\t\t\t\t<\/div>\n\t\t<\/div>\n\t\t\t\t\t<\/div>\n\t\t<\/section>\n\t\t\t\t<\/div>","protected":false},"excerpt":{"rendered":"<p>INTERIOR ARCHITECTURE AND INTERIOR DESIGN SERVICES CONCEPT DESIGN look &#038; feel space planning virtual design design development technical layouts detailed drawing specification \u2013 FFE &#038; BOQ GRAPHIC DESIGN pattern design branding detail drawings LIGHTING DESIGN lighting concept lighting dimensioning lamp specification design-build FIT OUT value engeenering cost estimation and BOQ project management CUSTOM MADE INTERIORS [&hellip;]<\/p>\n","protected":false},"author":2,"featured_media":0,"parent":0,"menu_order":0,"comment_status":"closed","ping_status":"closed","template":"elementor_header_footer","meta":{"footnotes":""},"class_list":["post-21022","page","type-page","status-publish","hentry"],"yoast_head":"<!-- This site is optimized with the Yoast SEO plugin v27.4 - https:\/\/yoast.com\/product\/yoast-seo-wordpress\/ -->\n<title>SERVICES - esterpartners<\/title>\n<meta name=\"robots\" content=\"index, follow, max-snippet:-1, max-image-preview:large, max-video-preview:-1\" \/>\n<link rel=\"canonical\" href=\"https:\/\/www.esterpartners.com\/hu\/services\/\" \/>\n<meta property=\"og:locale\" content=\"hu_HU\" \/>\n<meta property=\"og:type\" content=\"article\" \/>\n<meta property=\"og:title\" content=\"SERVICES - esterpartners\" \/>\n<meta property=\"og:description\" content=\"INTERIOR ARCHITECTURE AND INTERIOR DESIGN SERVICES CONCEPT DESIGN look &#038; feel space planning virtual design design development technical layouts detailed drawing specification \u2013 FFE &#038; BOQ GRAPHIC DESIGN pattern design branding detail drawings LIGHTING DESIGN lighting concept lighting dimensioning lamp specification design-build FIT OUT value engeenering cost estimation and BOQ project management CUSTOM MADE INTERIORS [&hellip;]\" \/>\n<meta property=\"og:url\" content=\"https:\/\/www.esterpartners.com\/hu\/services\/\" \/>\n<meta property=\"og:site_name\" content=\"esterpartners\" \/>\n<meta property=\"article:publisher\" content=\"https:\/\/www.facebook.com\/esterpartners\" \/>\n<meta property=\"article:modified_time\" content=\"2024-11-04T10:48:27+00:00\" \/>\n<meta name=\"twitter:card\" content=\"summary_large_image\" \/>\n<meta name=\"twitter:label1\" content=\"Becs\u00fclt olvas\u00e1si id\u0151\" \/>\n\t<meta name=\"twitter:data1\" content=\"1 perc\" \/>\n<script type=\"application\/ld+json\" class=\"yoast-schema-graph\">{\"@context\":\"https:\\\/\\\/schema.org\",\"@graph\":[{\"@type\":\"WebPage\",\"@id\":\"https:\\\/\\\/www.esterpartners.com\\\/services\\\/\",\"url\":\"https:\\\/\\\/www.esterpartners.com\\\/services\\\/\",\"name\":\"SERVICES - esterpartners\",\"isPartOf\":{\"@id\":\"https:\\\/\\\/www.esterpartners.com\\\/#website\"},\"datePublished\":\"2022-05-31T08:12:26+00:00\",\"dateModified\":\"2024-11-04T10:48:27+00:00\",\"breadcrumb\":{\"@id\":\"https:\\\/\\\/www.esterpartners.com\\\/services\\\/#breadcrumb\"},\"inLanguage\":\"hu\",\"potentialAction\":[{\"@type\":\"ReadAction\",\"target\":[\"https:\\\/\\\/www.esterpartners.com\\\/services\\\/\"]}]},{\"@type\":\"BreadcrumbList\",\"@id\":\"https:\\\/\\\/www.esterpartners.com\\\/services\\\/#breadcrumb\",\"itemListElement\":[{\"@type\":\"ListItem\",\"position\":1,\"name\":\"Home\",\"item\":\"https:\\\/\\\/www.esterpartners.com\\\/\"},{\"@type\":\"ListItem\",\"position\":2,\"name\":\"SERVICES\"}]},{\"@type\":\"WebSite\",\"@id\":\"https:\\\/\\\/www.esterpartners.com\\\/#website\",\"url\":\"https:\\\/\\\/www.esterpartners.com\\\/\",\"name\":\"esterpartners\",\"description\":\"interior architecture\",\"publisher\":{\"@id\":\"https:\\\/\\\/www.esterpartners.com\\\/#organization\"},\"potentialAction\":[{\"@type\":\"SearchAction\",\"target\":{\"@type\":\"EntryPoint\",\"urlTemplate\":\"https:\\\/\\\/www.esterpartners.com\\\/?s={search_term_string}\"},\"query-input\":{\"@type\":\"PropertyValueSpecification\",\"valueRequired\":true,\"valueName\":\"search_term_string\"}}],\"inLanguage\":\"hu\"},{\"@type\":\"Organization\",\"@id\":\"https:\\\/\\\/www.esterpartners.com\\\/#organization\",\"name\":\"esterpartners\",\"url\":\"https:\\\/\\\/www.esterpartners.com\\\/\",\"logo\":{\"@type\":\"ImageObject\",\"inLanguage\":\"hu\",\"@id\":\"https:\\\/\\\/www.esterpartners.com\\\/#\\\/schema\\\/logo\\\/image\\\/\",\"url\":\"https:\\\/\\\/www.esterpartners.com\\\/wp-content\\\/uploads\\\/2023\\\/04\\\/ESTERPARTNERS__logo_full_black.png\",\"contentUrl\":\"https:\\\/\\\/www.esterpartners.com\\\/wp-content\\\/uploads\\\/2023\\\/04\\\/ESTERPARTNERS__logo_full_black.png\",\"width\":2354,\"height\":911,\"caption\":\"esterpartners\"},\"image\":{\"@id\":\"https:\\\/\\\/www.esterpartners.com\\\/#\\\/schema\\\/logo\\\/image\\\/\"},\"sameAs\":[\"https:\\\/\\\/www.facebook.com\\\/esterpartners\"]}]}<\/script>\n<!-- \/ Yoast SEO plugin. -->","yoast_head_json":{"title":"SERVICES - esterpartners","robots":{"index":"index","follow":"follow","max-snippet":"max-snippet:-1","max-image-preview":"max-image-preview:large","max-video-preview":"max-video-preview:-1"},"canonical":"https:\/\/www.esterpartners.com\/hu\/services\/","og_locale":"hu_HU","og_type":"article","og_title":"SERVICES - esterpartners","og_description":"INTERIOR ARCHITECTURE AND INTERIOR DESIGN SERVICES CONCEPT DESIGN look &#038; feel space planning virtual design design development technical layouts detailed drawing specification \u2013 FFE &#038; BOQ GRAPHIC DESIGN pattern design branding detail drawings LIGHTING DESIGN lighting concept lighting dimensioning lamp specification design-build FIT OUT value engeenering cost estimation and BOQ project management CUSTOM MADE INTERIORS [&hellip;]","og_url":"https:\/\/www.esterpartners.com\/hu\/services\/","og_site_name":"esterpartners","article_publisher":"https:\/\/www.facebook.com\/esterpartners","article_modified_time":"2024-11-04T10:48:27+00:00","twitter_card":"summary_large_image","twitter_misc":{"Becs\u00fclt olvas\u00e1si id\u0151":"1 perc"},"schema":{"@context":"https:\/\/schema.org","@graph":[{"@type":"WebPage","@id":"https:\/\/www.esterpartners.com\/services\/","url":"https:\/\/www.esterpartners.com\/services\/","name":"SERVICES - esterpartners","isPartOf":{"@id":"https:\/\/www.esterpartners.com\/#website"},"datePublished":"2022-05-31T08:12:26+00:00","dateModified":"2024-11-04T10:48:27+00:00","breadcrumb":{"@id":"https:\/\/www.esterpartners.com\/services\/#breadcrumb"},"inLanguage":"hu","potentialAction":[{"@type":"ReadAction","target":["https:\/\/www.esterpartners.com\/services\/"]}]},{"@type":"BreadcrumbList","@id":"https:\/\/www.esterpartners.com\/services\/#breadcrumb","itemListElement":[{"@type":"ListItem","position":1,"name":"Home","item":"https:\/\/www.esterpartners.com\/"},{"@type":"ListItem","position":2,"name":"SERVICES"}]},{"@type":"WebSite","@id":"https:\/\/www.esterpartners.com\/#website","url":"https:\/\/www.esterpartners.com\/","name":"esterpartners","description":"interior architecture","publisher":{"@id":"https:\/\/www.esterpartners.com\/#organization"},"potentialAction":[{"@type":"SearchAction","target":{"@type":"EntryPoint","urlTemplate":"https:\/\/www.esterpartners.com\/?s={search_term_string}"},"query-input":{"@type":"PropertyValueSpecification","valueRequired":true,"valueName":"search_term_string"}}],"inLanguage":"hu"},{"@type":"Organization","@id":"https:\/\/www.esterpartners.com\/#organization","name":"esterpartners","url":"https:\/\/www.esterpartners.com\/","logo":{"@type":"ImageObject","inLanguage":"hu","@id":"https:\/\/www.esterpartners.com\/#\/schema\/logo\/image\/","url":"https:\/\/www.esterpartners.com\/wp-content\/uploads\/2023\/04\/ESTERPARTNERS__logo_full_black.png","contentUrl":"https:\/\/www.esterpartners.com\/wp-content\/uploads\/2023\/04\/ESTERPARTNERS__logo_full_black.png","width":2354,"height":911,"caption":"esterpartners"},"image":{"@id":"https:\/\/www.esterpartners.com\/#\/schema\/logo\/image\/"},"sameAs":["https:\/\/www.facebook.com\/esterpartners"]}]}},"_links":{"self":[{"href":"https:\/\/www.esterpartners.com\/hu\/wp-json\/wp\/v2\/pages\/21022","targetHints":{"allow":["GET"]}}],"collection":[{"href":"https:\/\/www.esterpartners.com\/hu\/wp-json\/wp\/v2\/pages"}],"about":[{"href":"https:\/\/www.esterpartners.com\/hu\/wp-json\/wp\/v2\/types\/page"}],"author":[{"embeddable":true,"href":"https:\/\/www.esterpartners.com\/hu\/wp-json\/wp\/v2\/users\/2"}],"replies":[{"embeddable":true,"href":"https:\/\/www.esterpartners.com\/hu\/wp-json\/wp\/v2\/comments?post=21022"}],"version-history":[{"count":0,"href":"https:\/\/www.esterpartners.com\/hu\/wp-json\/wp\/v2\/pages\/21022\/revisions"}],"wp:attachment":[{"href":"https:\/\/www.esterpartners.com\/hu\/wp-json\/wp\/v2\/media?parent=21022"}],"curies":[{"name":"wp","href":"https:\/\/api.w.org\/{rel}","templated":true}]}}