{"id":29349,"date":"2024-07-03T17:34:48","date_gmt":"2024-07-03T17:34:48","guid":{"rendered":"https:\/\/www.esterpartners.com\/?page_id=29349"},"modified":"2024-07-09T19:38:35","modified_gmt":"2024-07-09T19:38:35","slug":"about-us","status":"publish","type":"page","link":"https:\/\/www.esterpartners.com\/hu\/about-us\/","title":{"rendered":"R\u00d3LUNK"},"content":{"rendered":"<div data-elementor-type=\"wp-page\" data-elementor-id=\"29349\" class=\"elementor elementor-29349\" data-elementor-post-type=\"page\">\n\t\t\t\t\t\t<section class=\"elementor-section elementor-top-section elementor-element elementor-element-c155c61 elementor-section-boxed elementor-section-height-default elementor-section-height-default\" data-id=\"c155c61\" data-element_type=\"section\" data-e-type=\"section\" data-settings=\"{&quot;background_background&quot;:&quot;classic&quot;}\">\n\t\t\t\t\t\t<div class=\"elementor-container elementor-column-gap-default\">\n\t\t\t\t\t<div class=\"elementor-column elementor-col-50 elementor-top-column elementor-element elementor-element-ebf6c42\" data-id=\"ebf6c42\" data-element_type=\"column\" data-e-type=\"column\">\n\t\t\t<div class=\"elementor-widget-wrap elementor-element-populated\">\n\t\t\t\t\t\t<div class=\"elementor-element elementor-element-e83fee4 elementor-widget elementor-widget-image\" data-id=\"e83fee4\" data-element_type=\"widget\" data-e-type=\"widget\" data-widget_type=\"image.default\">\n\t\t\t\t<div class=\"elementor-widget-container\">\n\t\t\t\t\t\t\t\t\t\t\t\t\t\t\t<img fetchpriority=\"high\" decoding=\"async\" width=\"580\" height=\"773\" src=\"https:\/\/www.esterpartners.com\/wp-content\/uploads\/2024\/07\/17-768x1024.jpg\" class=\"attachment-large size-large wp-image-29355\" alt=\"\" srcset=\"https:\/\/www.esterpartners.com\/wp-content\/uploads\/2024\/07\/17-768x1024.jpg 768w, https:\/\/www.esterpartners.com\/wp-content\/uploads\/2024\/07\/17-225x300.jpg 225w, https:\/\/www.esterpartners.com\/wp-content\/uploads\/2024\/07\/17-1152x1536.jpg 1152w, https:\/\/www.esterpartners.com\/wp-content\/uploads\/2024\/07\/17-1536x2048.jpg 1536w, https:\/\/www.esterpartners.com\/wp-content\/uploads\/2024\/07\/17-9x12.jpg 9w, https:\/\/www.esterpartners.com\/wp-content\/uploads\/2024\/07\/17-1200x1600.jpg 1200w, https:\/\/www.esterpartners.com\/wp-content\/uploads\/2024\/07\/17-1980x2640.jpg 1980w, https:\/\/www.esterpartners.com\/wp-content\/uploads\/2024\/07\/17-scaled.jpg 1920w\" sizes=\"(max-width: 580px) 100vw, 580px\" \/>\t\t\t\t\t\t\t\t\t\t\t\t\t\t\t<\/div>\n\t\t\t\t<\/div>\n\t\t\t\t\t<\/div>\n\t\t<\/div>\n\t\t\t\t<div class=\"elementor-column elementor-col-50 elementor-top-column elementor-element elementor-element-346b01f\" data-id=\"346b01f\" data-element_type=\"column\" data-e-type=\"column\">\n\t\t\t<div class=\"elementor-widget-wrap elementor-element-populated\">\n\t\t\t\t\t\t<div class=\"elementor-element elementor-element-b6add94 elementor-widget elementor-widget-heading\" data-id=\"b6add94\" data-element_type=\"widget\" data-e-type=\"widget\" data-widget_type=\"heading.default\">\n\t\t\t\t<div class=\"elementor-widget-container\">\n\t\t\t\t\t<h2 class=\"elementor-heading-title elementor-size-default\">R\u00d3LUNK<\/h2>\t\t\t\t<\/div>\n\t\t\t\t<\/div>\n\t\t\t\t<div class=\"elementor-element elementor-element-10d2332 elementor-widget elementor-widget-text-editor\" data-id=\"10d2332\" data-element_type=\"widget\" data-e-type=\"widget\" data-widget_type=\"text-editor.default\">\n\t\t\t\t<div class=\"elementor-widget-container\">\n\t\t\t\t\t\t\t\t\t<p><strong><i>este\u2019r partners<\/i><\/strong>\u00a0Radn\u00f3czy Eszter vezet\u0151 tervez\u0151 2005-ben alap\u00edtotta az ESTE'R PARTNERS st\u00fadi\u00f3t, mely f\u0151leg BELS\u0150\u00c9P\u00cdT\u00c9SZETI \u00e9s \u00c9P\u00cdT\u00c9SZETI projektekkel\u00a0<i>(sz\u00e1llod\u00e1k, \u00e9ttermek, b\u00e1rok, irod\u00e1k, gal\u00e9ri\u00e1k, \u00fczleti helyis\u00e9gek,<\/i>\u00a0valamint PROJECT MANAGEMENTTEL \u00e9s KREAT\u00cdV TERM\u00c9KTERVEZ\u00c9SSEL foglalkozik<\/p><p>Radn\u00f3czy Eszter a mil\u00e1n\u00f3i Design School Milano \u00e9s Bocconi Egyetemen tanult \u00e9p\u00edt\u00e9szetet \u00e9s designt, valamint a budapesti Corvinus Egyetemen szerzett \u00fczleti diplom\u00e1t. Csal\u00e1dja sz\u00fcl\u0151v\u00e1ros\u00e1ban, Szentendr\u00e9n ind\u00edtotta el saj\u00e1t design st\u00fadi\u00f3j\u00e1t, azzal a c\u00e9llal, hogy olyan maradand\u00f3, \u00f6nazonos design koncepci\u00f3kat dolgozzon ki, amelyek garant\u00e1lj\u00e1k a projektek sikeress\u00e9g\u00e9t.<\/p><p>A lehetetlenre t\u00f6rekedve\u00a0<b>az este'r partners<\/b>\u00a0szem\u00e9lyre szabott bels\u0151\u00e9p\u00edt\u00e9szeti tervez\u00e9ssel ragadja meg minden egyes \u00fcgyf\u00e9l\u00a0<b>l\u00e9nyeg\u00e9t \u00e9s egy\u00e9nis\u00e9g\u00e9t.<\/b><\/p>\t\t\t\t\t\t\t\t<\/div>\n\t\t\t\t<\/div>\n\t\t\t\t\t<\/div>\n\t\t<\/div>\n\t\t\t\t\t<\/div>\n\t\t<\/section>\n\t\t\t\t<\/div>","protected":false},"excerpt":{"rendered":"<p>ABOUT US este&#8217;r partners\u00a0was founded in 2005 by designer Eszter Radn\u00f3czy, and it operates in the fields of INTERIOR DESIGN AND ARCHITECTURE\u00a0(hotels, restaurants, bars, offices, galleries, retail spaces,\u00a0historical reconstruction and high-end residences),\u00a0PROJECT MANAGEMENT and CREATIVE PRODUCT DESIGN. Ms Eszter Radn\u00f3czy studied architecture and design at the Design School Milano and Bocconi University, Milan and also [&hellip;]<\/p>\n","protected":false},"author":2,"featured_media":28472,"parent":0,"menu_order":0,"comment_status":"closed","ping_status":"closed","template":"elementor_header_footer","meta":{"footnotes":""},"class_list":["post-29349","page","type-page","status-publish","has-post-thumbnail","hentry"],"yoast_head":"<!-- This site is optimized with the Yoast SEO plugin v27.5 - https:\/\/yoast.com\/product\/yoast-seo-wordpress\/ -->\n<title>ABOUT US - esterpartners<\/title>\n<meta name=\"robots\" content=\"index, follow, max-snippet:-1, max-image-preview:large, max-video-preview:-1\" \/>\n<link rel=\"canonical\" href=\"https:\/\/www.esterpartners.com\/hu\/about-us\/\" \/>\n<meta property=\"og:locale\" content=\"hu_HU\" \/>\n<meta property=\"og:type\" content=\"article\" \/>\n<meta property=\"og:title\" content=\"ABOUT US - esterpartners\" \/>\n<meta property=\"og:description\" content=\"ABOUT US este&#8217;r partners\u00a0was founded in 2005 by designer Eszter Radn\u00f3czy, and it operates in the fields of INTERIOR DESIGN AND ARCHITECTURE\u00a0(hotels, restaurants, bars, offices, galleries, retail spaces,\u00a0historical reconstruction and high-end residences),\u00a0PROJECT MANAGEMENT and CREATIVE PRODUCT DESIGN. Ms Eszter Radn\u00f3czy studied architecture and design at the Design School Milano and Bocconi University, Milan and also [&hellip;]\" \/>\n<meta property=\"og:url\" content=\"https:\/\/www.esterpartners.com\/hu\/about-us\/\" \/>\n<meta property=\"og:site_name\" content=\"esterpartners\" \/>\n<meta property=\"article:publisher\" content=\"https:\/\/www.facebook.com\/esterpartners\" \/>\n<meta property=\"article:modified_time\" content=\"2024-07-09T19:38:35+00:00\" \/>\n<meta property=\"og:image\" content=\"https:\/\/www.esterpartners.com\/wp-content\/uploads\/2024\/04\/EM0C7667-scaled-e1720030712940.jpg\" \/>\n\t<meta property=\"og:image:width\" content=\"2163\" \/>\n\t<meta property=\"og:image:height\" content=\"1706\" \/>\n\t<meta property=\"og:image:type\" content=\"image\/jpeg\" \/>\n<meta name=\"twitter:card\" content=\"summary_large_image\" \/>\n<meta name=\"twitter:label1\" content=\"Becs\u00fclt olvas\u00e1si id\u0151\" \/>\n\t<meta name=\"twitter:data1\" content=\"1 perc\" \/>\n<script type=\"application\/ld+json\" class=\"yoast-schema-graph\">{\"@context\":\"https:\\\/\\\/schema.org\",\"@graph\":[{\"@type\":\"WebPage\",\"@id\":\"https:\\\/\\\/www.esterpartners.com\\\/about-us\\\/\",\"url\":\"https:\\\/\\\/www.esterpartners.com\\\/about-us\\\/\",\"name\":\"ABOUT US - esterpartners\",\"isPartOf\":{\"@id\":\"https:\\\/\\\/www.esterpartners.com\\\/#website\"},\"primaryImageOfPage\":{\"@id\":\"https:\\\/\\\/www.esterpartners.com\\\/about-us\\\/#primaryimage\"},\"image\":{\"@id\":\"https:\\\/\\\/www.esterpartners.com\\\/about-us\\\/#primaryimage\"},\"thumbnailUrl\":\"https:\\\/\\\/www.esterpartners.com\\\/wp-content\\\/uploads\\\/2024\\\/04\\\/EM0C7667-scaled-e1720030712940.jpg\",\"datePublished\":\"2024-07-03T17:34:48+00:00\",\"dateModified\":\"2024-07-09T19:38:35+00:00\",\"breadcrumb\":{\"@id\":\"https:\\\/\\\/www.esterpartners.com\\\/about-us\\\/#breadcrumb\"},\"inLanguage\":\"hu\",\"potentialAction\":[{\"@type\":\"ReadAction\",\"target\":[\"https:\\\/\\\/www.esterpartners.com\\\/about-us\\\/\"]}]},{\"@type\":\"ImageObject\",\"inLanguage\":\"hu\",\"@id\":\"https:\\\/\\\/www.esterpartners.com\\\/about-us\\\/#primaryimage\",\"url\":\"https:\\\/\\\/www.esterpartners.com\\\/wp-content\\\/uploads\\\/2024\\\/04\\\/EM0C7667-scaled-e1720030712940.jpg\",\"contentUrl\":\"https:\\\/\\\/www.esterpartners.com\\\/wp-content\\\/uploads\\\/2024\\\/04\\\/EM0C7667-scaled-e1720030712940.jpg\",\"width\":2163,\"height\":1706},{\"@type\":\"BreadcrumbList\",\"@id\":\"https:\\\/\\\/www.esterpartners.com\\\/about-us\\\/#breadcrumb\",\"itemListElement\":[{\"@type\":\"ListItem\",\"position\":1,\"name\":\"Home\",\"item\":\"https:\\\/\\\/www.esterpartners.com\\\/\"},{\"@type\":\"ListItem\",\"position\":2,\"name\":\"ABOUT US\"}]},{\"@type\":\"WebSite\",\"@id\":\"https:\\\/\\\/www.esterpartners.com\\\/#website\",\"url\":\"https:\\\/\\\/www.esterpartners.com\\\/\",\"name\":\"esterpartners\",\"description\":\"interior architecture\",\"publisher\":{\"@id\":\"https:\\\/\\\/www.esterpartners.com\\\/#organization\"},\"potentialAction\":[{\"@type\":\"SearchAction\",\"target\":{\"@type\":\"EntryPoint\",\"urlTemplate\":\"https:\\\/\\\/www.esterpartners.com\\\/?s={search_term_string}\"},\"query-input\":{\"@type\":\"PropertyValueSpecification\",\"valueRequired\":true,\"valueName\":\"search_term_string\"}}],\"inLanguage\":\"hu\"},{\"@type\":\"Organization\",\"@id\":\"https:\\\/\\\/www.esterpartners.com\\\/#organization\",\"name\":\"esterpartners\",\"url\":\"https:\\\/\\\/www.esterpartners.com\\\/\",\"logo\":{\"@type\":\"ImageObject\",\"inLanguage\":\"hu\",\"@id\":\"https:\\\/\\\/www.esterpartners.com\\\/#\\\/schema\\\/logo\\\/image\\\/\",\"url\":\"https:\\\/\\\/www.esterpartners.com\\\/wp-content\\\/uploads\\\/2023\\\/04\\\/ESTERPARTNERS__logo_full_black.png\",\"contentUrl\":\"https:\\\/\\\/www.esterpartners.com\\\/wp-content\\\/uploads\\\/2023\\\/04\\\/ESTERPARTNERS__logo_full_black.png\",\"width\":2354,\"height\":911,\"caption\":\"esterpartners\"},\"image\":{\"@id\":\"https:\\\/\\\/www.esterpartners.com\\\/#\\\/schema\\\/logo\\\/image\\\/\"},\"sameAs\":[\"https:\\\/\\\/www.facebook.com\\\/esterpartners\"]}]}<\/script>\n<!-- \/ Yoast SEO plugin. -->","yoast_head_json":{"title":"ABOUT US - esterpartners","robots":{"index":"index","follow":"follow","max-snippet":"max-snippet:-1","max-image-preview":"max-image-preview:large","max-video-preview":"max-video-preview:-1"},"canonical":"https:\/\/www.esterpartners.com\/hu\/about-us\/","og_locale":"hu_HU","og_type":"article","og_title":"ABOUT US - esterpartners","og_description":"ABOUT US este&#8217;r partners\u00a0was founded in 2005 by designer Eszter Radn\u00f3czy, and it operates in the fields of INTERIOR DESIGN AND ARCHITECTURE\u00a0(hotels, restaurants, bars, offices, galleries, retail spaces,\u00a0historical reconstruction and high-end residences),\u00a0PROJECT MANAGEMENT and CREATIVE PRODUCT DESIGN. Ms Eszter Radn\u00f3czy studied architecture and design at the Design School Milano and Bocconi University, Milan and also [&hellip;]","og_url":"https:\/\/www.esterpartners.com\/hu\/about-us\/","og_site_name":"esterpartners","article_publisher":"https:\/\/www.facebook.com\/esterpartners","article_modified_time":"2024-07-09T19:38:35+00:00","og_image":[{"width":2163,"height":1706,"url":"https:\/\/www.esterpartners.com\/wp-content\/uploads\/2024\/04\/EM0C7667-scaled-e1720030712940.jpg","type":"image\/jpeg"}],"twitter_card":"summary_large_image","twitter_misc":{"Becs\u00fclt olvas\u00e1si id\u0151":"1 perc"},"schema":{"@context":"https:\/\/schema.org","@graph":[{"@type":"WebPage","@id":"https:\/\/www.esterpartners.com\/about-us\/","url":"https:\/\/www.esterpartners.com\/about-us\/","name":"ABOUT US - esterpartners","isPartOf":{"@id":"https:\/\/www.esterpartners.com\/#website"},"primaryImageOfPage":{"@id":"https:\/\/www.esterpartners.com\/about-us\/#primaryimage"},"image":{"@id":"https:\/\/www.esterpartners.com\/about-us\/#primaryimage"},"thumbnailUrl":"https:\/\/www.esterpartners.com\/wp-content\/uploads\/2024\/04\/EM0C7667-scaled-e1720030712940.jpg","datePublished":"2024-07-03T17:34:48+00:00","dateModified":"2024-07-09T19:38:35+00:00","breadcrumb":{"@id":"https:\/\/www.esterpartners.com\/about-us\/#breadcrumb"},"inLanguage":"hu","potentialAction":[{"@type":"ReadAction","target":["https:\/\/www.esterpartners.com\/about-us\/"]}]},{"@type":"ImageObject","inLanguage":"hu","@id":"https:\/\/www.esterpartners.com\/about-us\/#primaryimage","url":"https:\/\/www.esterpartners.com\/wp-content\/uploads\/2024\/04\/EM0C7667-scaled-e1720030712940.jpg","contentUrl":"https:\/\/www.esterpartners.com\/wp-content\/uploads\/2024\/04\/EM0C7667-scaled-e1720030712940.jpg","width":2163,"height":1706},{"@type":"BreadcrumbList","@id":"https:\/\/www.esterpartners.com\/about-us\/#breadcrumb","itemListElement":[{"@type":"ListItem","position":1,"name":"Home","item":"https:\/\/www.esterpartners.com\/"},{"@type":"ListItem","position":2,"name":"ABOUT US"}]},{"@type":"WebSite","@id":"https:\/\/www.esterpartners.com\/#website","url":"https:\/\/www.esterpartners.com\/","name":"esterpartners","description":"interior architecture","publisher":{"@id":"https:\/\/www.esterpartners.com\/#organization"},"potentialAction":[{"@type":"SearchAction","target":{"@type":"EntryPoint","urlTemplate":"https:\/\/www.esterpartners.com\/?s={search_term_string}"},"query-input":{"@type":"PropertyValueSpecification","valueRequired":true,"valueName":"search_term_string"}}],"inLanguage":"hu"},{"@type":"Organization","@id":"https:\/\/www.esterpartners.com\/#organization","name":"esterpartners","url":"https:\/\/www.esterpartners.com\/","logo":{"@type":"ImageObject","inLanguage":"hu","@id":"https:\/\/www.esterpartners.com\/#\/schema\/logo\/image\/","url":"https:\/\/www.esterpartners.com\/wp-content\/uploads\/2023\/04\/ESTERPARTNERS__logo_full_black.png","contentUrl":"https:\/\/www.esterpartners.com\/wp-content\/uploads\/2023\/04\/ESTERPARTNERS__logo_full_black.png","width":2354,"height":911,"caption":"esterpartners"},"image":{"@id":"https:\/\/www.esterpartners.com\/#\/schema\/logo\/image\/"},"sameAs":["https:\/\/www.facebook.com\/esterpartners"]}]}},"_links":{"self":[{"href":"https:\/\/www.esterpartners.com\/hu\/wp-json\/wp\/v2\/pages\/29349","targetHints":{"allow":["GET"]}}],"collection":[{"href":"https:\/\/www.esterpartners.com\/hu\/wp-json\/wp\/v2\/pages"}],"about":[{"href":"https:\/\/www.esterpartners.com\/hu\/wp-json\/wp\/v2\/types\/page"}],"author":[{"embeddable":true,"href":"https:\/\/www.esterpartners.com\/hu\/wp-json\/wp\/v2\/users\/2"}],"replies":[{"embeddable":true,"href":"https:\/\/www.esterpartners.com\/hu\/wp-json\/wp\/v2\/comments?post=29349"}],"version-history":[{"count":0,"href":"https:\/\/www.esterpartners.com\/hu\/wp-json\/wp\/v2\/pages\/29349\/revisions"}],"wp:featuredmedia":[{"embeddable":true,"href":"https:\/\/www.esterpartners.com\/hu\/wp-json\/wp\/v2\/media\/28472"}],"wp:attachment":[{"href":"https:\/\/www.esterpartners.com\/hu\/wp-json\/wp\/v2\/media?parent=29349"}],"curies":[{"name":"wp","href":"https:\/\/api.w.org\/{rel}","templated":true}]}}