{"id":29370,"date":"2024-07-03T18:15:19","date_gmt":"2024-07-03T18:15:19","guid":{"rendered":"https:\/\/www.esterpartners.com\/?page_id=29370"},"modified":"2024-07-09T19:46:57","modified_gmt":"2024-07-09T19:46:57","slug":"our-team","status":"publish","type":"page","link":"https:\/\/www.esterpartners.com\/hu\/our-team\/","title":{"rendered":"MUNKAT\u00c1RSAINK"},"content":{"rendered":"<div data-elementor-type=\"wp-page\" data-elementor-id=\"29370\" class=\"elementor elementor-29370\" data-elementor-post-type=\"page\">\n\t\t\t\t\t\t<section class=\"elementor-section elementor-top-section elementor-element elementor-element-139b3c4 elementor-section-boxed elementor-section-height-default elementor-section-height-default\" data-id=\"139b3c4\" data-element_type=\"section\" data-e-type=\"section\" data-settings=\"{&quot;background_background&quot;:&quot;classic&quot;}\">\n\t\t\t\t\t\t<div class=\"elementor-container elementor-column-gap-default\">\n\t\t\t\t\t<div class=\"elementor-column elementor-col-50 elementor-top-column elementor-element elementor-element-6d36ea8\" data-id=\"6d36ea8\" data-element_type=\"column\" data-e-type=\"column\">\n\t\t\t<div class=\"elementor-widget-wrap elementor-element-populated\">\n\t\t\t\t\t\t<div class=\"elementor-element elementor-element-ce74af6 elementor-widget elementor-widget-image\" data-id=\"ce74af6\" data-element_type=\"widget\" data-e-type=\"widget\" data-widget_type=\"image.default\">\n\t\t\t\t<div class=\"elementor-widget-container\">\n\t\t\t\t\t\t\t\t\t\t\t\t\t\t\t<img fetchpriority=\"high\" decoding=\"async\" width=\"580\" height=\"458\" src=\"https:\/\/www.esterpartners.com\/wp-content\/uploads\/2024\/04\/EM0C7667-scaled-e1720030712940-1024x808.jpg\" class=\"attachment-large size-large wp-image-28472\" alt=\"\" srcset=\"https:\/\/www.esterpartners.com\/wp-content\/uploads\/2024\/04\/EM0C7667-scaled-e1720030712940-1024x808.jpg 1024w, https:\/\/www.esterpartners.com\/wp-content\/uploads\/2024\/04\/EM0C7667-scaled-e1720030712940-300x237.jpg 300w, https:\/\/www.esterpartners.com\/wp-content\/uploads\/2024\/04\/EM0C7667-scaled-e1720030712940-768x606.jpg 768w, https:\/\/www.esterpartners.com\/wp-content\/uploads\/2024\/04\/EM0C7667-scaled-e1720030712940-1536x1211.jpg 1536w, https:\/\/www.esterpartners.com\/wp-content\/uploads\/2024\/04\/EM0C7667-scaled-e1720030712940-2048x1615.jpg 2048w, https:\/\/www.esterpartners.com\/wp-content\/uploads\/2024\/04\/EM0C7667-scaled-e1720030712940-15x12.jpg 15w, https:\/\/www.esterpartners.com\/wp-content\/uploads\/2024\/04\/EM0C7667-scaled-e1720030712940-1200x946.jpg 1200w, https:\/\/www.esterpartners.com\/wp-content\/uploads\/2024\/04\/EM0C7667-scaled-e1720030712940-1980x1562.jpg 1980w\" sizes=\"(max-width: 580px) 100vw, 580px\" \/>\t\t\t\t\t\t\t\t\t\t\t\t\t\t\t<\/div>\n\t\t\t\t<\/div>\n\t\t\t\t\t<\/div>\n\t\t<\/div>\n\t\t\t\t<div class=\"elementor-column elementor-col-50 elementor-top-column elementor-element elementor-element-2fd14c0\" data-id=\"2fd14c0\" data-element_type=\"column\" data-e-type=\"column\">\n\t\t\t<div class=\"elementor-widget-wrap elementor-element-populated\">\n\t\t\t\t\t\t<div class=\"elementor-element elementor-element-b00b54f elementor-widget elementor-widget-heading\" data-id=\"b00b54f\" data-element_type=\"widget\" data-e-type=\"widget\" data-widget_type=\"heading.default\">\n\t\t\t\t<div class=\"elementor-widget-container\">\n\t\t\t\t\t<h2 class=\"elementor-heading-title elementor-size-default\">A CSAPAT<\/h2>\t\t\t\t<\/div>\n\t\t\t\t<\/div>\n\t\t\t\t<div class=\"elementor-element elementor-element-4e7179a elementor-widget elementor-widget-text-editor\" data-id=\"4e7179a\" data-element_type=\"widget\" data-e-type=\"widget\" data-widget_type=\"text-editor.default\">\n\t\t\t\t<div class=\"elementor-widget-container\">\n\t\t\t\t\t\t\t\t\t<p>A csapat egy adott projekten egy sor konzult\u00e1ci\u00f3n kereszt\u00fcl dolgozik. \u00d6sszetett tervez\u00e9si feladatok eset\u00e9n\u00a0<b>az este'r partners\u00a0<\/b>appoints an architect as a project manager who is responsible for\u00a0<span lang=\"en-US\">aki a tervez\u00e9si \u00e9s tervez\u00e9si munk\u00e1k mellett a projekt \u00fctemterveinek \u00e9s hat\u00e1rid\u0151knek a kidolgoz\u00e1s\u00e1\u00e9rt \u00e9s fel\u00fcgyelet\u00e9\u00e9rt, a helysz\u00edni tervez\u00e9s ir\u00e1ny\u00edt\u00e1s\u00e1\u00e9rt,<\/span>valamint a vonatkoz\u00f3 el\u0151\u00edr\u00e1soknak \u00e9s szabv\u00e1nyoknak val\u00f3 megfelel\u00e9s biztos\u00edt\u00e1s\u00e1\u00e9rt felel.<\/p><p><b>az este'r partners\u00a0<\/b>facilitates\u00a0<span lang=\"en-US\">a kommunik\u00e1ci\u00f3t\u00a0<\/span>az \u00f6sszes \u00e9rintett f\u00e9llel: befektet\u0151kkel, kivitelez\u0151kkel, fejleszt\u0151kkel. A\u00a0<b><span lang=\"en-US\">vezet\u0151 \u00e9p\u00edt\u00e9sz<\/span><\/b><span lang=\"en-US\">\u00a0<\/span>fel\u00fcgyeli\u00a0<span lang=\"en-US\">the entire\u00a0<b>design process<\/b>\u00a0to ensure the client&#8217;s specifications, budget, and timeline are met.<\/span>\u00a0\u00d6sszetett projektek eset\u00e9n m\u00e1s \u00e9p\u00edt\u00e9szek is r\u00e9szt vesznek a munk\u00e1ban.<\/p><p>A tervez\u00e9s folyamata sor\u00e1n k\u00fcl\u00f6n\u00f6s hangs\u00falyt fektet\u00fcnk az egyes projektek t\u00e1mogat\u00e1s\u00e1ra.<\/p><p>During the years, our office established a wide range of\u00a0<strong>international relationships.\u00a0<\/strong><\/p>\t\t\t\t\t\t\t\t<\/div>\n\t\t\t\t<\/div>\n\t\t\t\t\t<\/div>\n\t\t<\/div>\n\t\t\t\t\t<\/div>\n\t\t<\/section>\n\t\t\t\t<\/div>","protected":false},"excerpt":{"rendered":"<p>THE TEAM The team works on a given project via a series of consultations. For complex design tasks\u00a0este\u2019r partners\u00a0appoints an architect as a project manager who is responsible for\u00a0developing and overseeing project schedules and timelines, managing site planning, and ensuring compliance with all relevant regulations and standards, besides planning and design work. este\u2019r partners\u00a0facilitates\u00a0communication\u00a0with all [&hellip;]<\/p>\n","protected":false},"author":2,"featured_media":29355,"parent":0,"menu_order":0,"comment_status":"closed","ping_status":"closed","template":"elementor_header_footer","meta":{"footnotes":""},"class_list":["post-29370","page","type-page","status-publish","has-post-thumbnail","hentry"],"yoast_head":"<!-- This site is optimized with the Yoast SEO plugin v27.4 - https:\/\/yoast.com\/product\/yoast-seo-wordpress\/ -->\n<title>OUR TEAM - esterpartners<\/title>\n<meta name=\"robots\" content=\"index, follow, max-snippet:-1, max-image-preview:large, max-video-preview:-1\" \/>\n<link rel=\"canonical\" href=\"https:\/\/www.esterpartners.com\/hu\/our-team\/\" \/>\n<meta property=\"og:locale\" content=\"hu_HU\" \/>\n<meta property=\"og:type\" content=\"article\" \/>\n<meta property=\"og:title\" content=\"OUR TEAM - esterpartners\" \/>\n<meta property=\"og:description\" content=\"THE TEAM The team works on a given project via a series of consultations. For complex design tasks\u00a0este\u2019r partners\u00a0appoints an architect as a project manager who is responsible for\u00a0developing and overseeing project schedules and timelines, managing site planning, and ensuring compliance with all relevant regulations and standards, besides planning and design work. este\u2019r partners\u00a0facilitates\u00a0communication\u00a0with all [&hellip;]\" \/>\n<meta property=\"og:url\" content=\"https:\/\/www.esterpartners.com\/hu\/our-team\/\" \/>\n<meta property=\"og:site_name\" content=\"esterpartners\" \/>\n<meta property=\"article:publisher\" content=\"https:\/\/www.facebook.com\/esterpartners\" \/>\n<meta property=\"article:modified_time\" content=\"2024-07-09T19:46:57+00:00\" \/>\n<meta property=\"og:image\" content=\"https:\/\/www.esterpartners.com\/wp-content\/uploads\/2024\/07\/17-scaled.jpg\" \/>\n\t<meta property=\"og:image:width\" content=\"1920\" \/>\n\t<meta property=\"og:image:height\" content=\"2560\" \/>\n\t<meta property=\"og:image:type\" content=\"image\/jpeg\" \/>\n<meta name=\"twitter:card\" content=\"summary_large_image\" \/>\n<meta name=\"twitter:label1\" content=\"Becs\u00fclt olvas\u00e1si id\u0151\" \/>\n\t<meta name=\"twitter:data1\" content=\"1 perc\" \/>\n<script type=\"application\/ld+json\" class=\"yoast-schema-graph\">{\"@context\":\"https:\\\/\\\/schema.org\",\"@graph\":[{\"@type\":\"WebPage\",\"@id\":\"https:\\\/\\\/www.esterpartners.com\\\/our-team\\\/\",\"url\":\"https:\\\/\\\/www.esterpartners.com\\\/our-team\\\/\",\"name\":\"OUR TEAM - esterpartners\",\"isPartOf\":{\"@id\":\"https:\\\/\\\/www.esterpartners.com\\\/#website\"},\"primaryImageOfPage\":{\"@id\":\"https:\\\/\\\/www.esterpartners.com\\\/our-team\\\/#primaryimage\"},\"image\":{\"@id\":\"https:\\\/\\\/www.esterpartners.com\\\/our-team\\\/#primaryimage\"},\"thumbnailUrl\":\"https:\\\/\\\/www.esterpartners.com\\\/wp-content\\\/uploads\\\/2024\\\/07\\\/17-scaled.jpg\",\"datePublished\":\"2024-07-03T18:15:19+00:00\",\"dateModified\":\"2024-07-09T19:46:57+00:00\",\"breadcrumb\":{\"@id\":\"https:\\\/\\\/www.esterpartners.com\\\/our-team\\\/#breadcrumb\"},\"inLanguage\":\"hu\",\"potentialAction\":[{\"@type\":\"ReadAction\",\"target\":[\"https:\\\/\\\/www.esterpartners.com\\\/our-team\\\/\"]}]},{\"@type\":\"ImageObject\",\"inLanguage\":\"hu\",\"@id\":\"https:\\\/\\\/www.esterpartners.com\\\/our-team\\\/#primaryimage\",\"url\":\"https:\\\/\\\/www.esterpartners.com\\\/wp-content\\\/uploads\\\/2024\\\/07\\\/17-scaled.jpg\",\"contentUrl\":\"https:\\\/\\\/www.esterpartners.com\\\/wp-content\\\/uploads\\\/2024\\\/07\\\/17-scaled.jpg\",\"width\":1920,\"height\":2560},{\"@type\":\"BreadcrumbList\",\"@id\":\"https:\\\/\\\/www.esterpartners.com\\\/our-team\\\/#breadcrumb\",\"itemListElement\":[{\"@type\":\"ListItem\",\"position\":1,\"name\":\"Home\",\"item\":\"https:\\\/\\\/www.esterpartners.com\\\/\"},{\"@type\":\"ListItem\",\"position\":2,\"name\":\"OUR TEAM\"}]},{\"@type\":\"WebSite\",\"@id\":\"https:\\\/\\\/www.esterpartners.com\\\/#website\",\"url\":\"https:\\\/\\\/www.esterpartners.com\\\/\",\"name\":\"esterpartners\",\"description\":\"interior architecture\",\"publisher\":{\"@id\":\"https:\\\/\\\/www.esterpartners.com\\\/#organization\"},\"potentialAction\":[{\"@type\":\"SearchAction\",\"target\":{\"@type\":\"EntryPoint\",\"urlTemplate\":\"https:\\\/\\\/www.esterpartners.com\\\/?s={search_term_string}\"},\"query-input\":{\"@type\":\"PropertyValueSpecification\",\"valueRequired\":true,\"valueName\":\"search_term_string\"}}],\"inLanguage\":\"hu\"},{\"@type\":\"Organization\",\"@id\":\"https:\\\/\\\/www.esterpartners.com\\\/#organization\",\"name\":\"esterpartners\",\"url\":\"https:\\\/\\\/www.esterpartners.com\\\/\",\"logo\":{\"@type\":\"ImageObject\",\"inLanguage\":\"hu\",\"@id\":\"https:\\\/\\\/www.esterpartners.com\\\/#\\\/schema\\\/logo\\\/image\\\/\",\"url\":\"https:\\\/\\\/www.esterpartners.com\\\/wp-content\\\/uploads\\\/2023\\\/04\\\/ESTERPARTNERS__logo_full_black.png\",\"contentUrl\":\"https:\\\/\\\/www.esterpartners.com\\\/wp-content\\\/uploads\\\/2023\\\/04\\\/ESTERPARTNERS__logo_full_black.png\",\"width\":2354,\"height\":911,\"caption\":\"esterpartners\"},\"image\":{\"@id\":\"https:\\\/\\\/www.esterpartners.com\\\/#\\\/schema\\\/logo\\\/image\\\/\"},\"sameAs\":[\"https:\\\/\\\/www.facebook.com\\\/esterpartners\"]}]}<\/script>\n<!-- \/ Yoast SEO plugin. -->","yoast_head_json":{"title":"OUR TEAM - esterpartners","robots":{"index":"index","follow":"follow","max-snippet":"max-snippet:-1","max-image-preview":"max-image-preview:large","max-video-preview":"max-video-preview:-1"},"canonical":"https:\/\/www.esterpartners.com\/hu\/our-team\/","og_locale":"hu_HU","og_type":"article","og_title":"OUR TEAM - esterpartners","og_description":"THE TEAM The team works on a given project via a series of consultations. For complex design tasks\u00a0este\u2019r partners\u00a0appoints an architect as a project manager who is responsible for\u00a0developing and overseeing project schedules and timelines, managing site planning, and ensuring compliance with all relevant regulations and standards, besides planning and design work. este\u2019r partners\u00a0facilitates\u00a0communication\u00a0with all [&hellip;]","og_url":"https:\/\/www.esterpartners.com\/hu\/our-team\/","og_site_name":"esterpartners","article_publisher":"https:\/\/www.facebook.com\/esterpartners","article_modified_time":"2024-07-09T19:46:57+00:00","og_image":[{"width":1920,"height":2560,"url":"https:\/\/www.esterpartners.com\/wp-content\/uploads\/2024\/07\/17-scaled.jpg","type":"image\/jpeg"}],"twitter_card":"summary_large_image","twitter_misc":{"Becs\u00fclt olvas\u00e1si id\u0151":"1 perc"},"schema":{"@context":"https:\/\/schema.org","@graph":[{"@type":"WebPage","@id":"https:\/\/www.esterpartners.com\/our-team\/","url":"https:\/\/www.esterpartners.com\/our-team\/","name":"OUR TEAM - esterpartners","isPartOf":{"@id":"https:\/\/www.esterpartners.com\/#website"},"primaryImageOfPage":{"@id":"https:\/\/www.esterpartners.com\/our-team\/#primaryimage"},"image":{"@id":"https:\/\/www.esterpartners.com\/our-team\/#primaryimage"},"thumbnailUrl":"https:\/\/www.esterpartners.com\/wp-content\/uploads\/2024\/07\/17-scaled.jpg","datePublished":"2024-07-03T18:15:19+00:00","dateModified":"2024-07-09T19:46:57+00:00","breadcrumb":{"@id":"https:\/\/www.esterpartners.com\/our-team\/#breadcrumb"},"inLanguage":"hu","potentialAction":[{"@type":"ReadAction","target":["https:\/\/www.esterpartners.com\/our-team\/"]}]},{"@type":"ImageObject","inLanguage":"hu","@id":"https:\/\/www.esterpartners.com\/our-team\/#primaryimage","url":"https:\/\/www.esterpartners.com\/wp-content\/uploads\/2024\/07\/17-scaled.jpg","contentUrl":"https:\/\/www.esterpartners.com\/wp-content\/uploads\/2024\/07\/17-scaled.jpg","width":1920,"height":2560},{"@type":"BreadcrumbList","@id":"https:\/\/www.esterpartners.com\/our-team\/#breadcrumb","itemListElement":[{"@type":"ListItem","position":1,"name":"Home","item":"https:\/\/www.esterpartners.com\/"},{"@type":"ListItem","position":2,"name":"OUR TEAM"}]},{"@type":"WebSite","@id":"https:\/\/www.esterpartners.com\/#website","url":"https:\/\/www.esterpartners.com\/","name":"esterpartners","description":"interior architecture","publisher":{"@id":"https:\/\/www.esterpartners.com\/#organization"},"potentialAction":[{"@type":"SearchAction","target":{"@type":"EntryPoint","urlTemplate":"https:\/\/www.esterpartners.com\/?s={search_term_string}"},"query-input":{"@type":"PropertyValueSpecification","valueRequired":true,"valueName":"search_term_string"}}],"inLanguage":"hu"},{"@type":"Organization","@id":"https:\/\/www.esterpartners.com\/#organization","name":"esterpartners","url":"https:\/\/www.esterpartners.com\/","logo":{"@type":"ImageObject","inLanguage":"hu","@id":"https:\/\/www.esterpartners.com\/#\/schema\/logo\/image\/","url":"https:\/\/www.esterpartners.com\/wp-content\/uploads\/2023\/04\/ESTERPARTNERS__logo_full_black.png","contentUrl":"https:\/\/www.esterpartners.com\/wp-content\/uploads\/2023\/04\/ESTERPARTNERS__logo_full_black.png","width":2354,"height":911,"caption":"esterpartners"},"image":{"@id":"https:\/\/www.esterpartners.com\/#\/schema\/logo\/image\/"},"sameAs":["https:\/\/www.facebook.com\/esterpartners"]}]}},"_links":{"self":[{"href":"https:\/\/www.esterpartners.com\/hu\/wp-json\/wp\/v2\/pages\/29370","targetHints":{"allow":["GET"]}}],"collection":[{"href":"https:\/\/www.esterpartners.com\/hu\/wp-json\/wp\/v2\/pages"}],"about":[{"href":"https:\/\/www.esterpartners.com\/hu\/wp-json\/wp\/v2\/types\/page"}],"author":[{"embeddable":true,"href":"https:\/\/www.esterpartners.com\/hu\/wp-json\/wp\/v2\/users\/2"}],"replies":[{"embeddable":true,"href":"https:\/\/www.esterpartners.com\/hu\/wp-json\/wp\/v2\/comments?post=29370"}],"version-history":[{"count":0,"href":"https:\/\/www.esterpartners.com\/hu\/wp-json\/wp\/v2\/pages\/29370\/revisions"}],"wp:featuredmedia":[{"embeddable":true,"href":"https:\/\/www.esterpartners.com\/hu\/wp-json\/wp\/v2\/media\/29355"}],"wp:attachment":[{"href":"https:\/\/www.esterpartners.com\/hu\/wp-json\/wp\/v2\/media?parent=29370"}],"curies":[{"name":"wp","href":"https:\/\/api.w.org\/{rel}","templated":true}]}}