{"id":32437,"date":"2025-03-12T12:49:11","date_gmt":"2025-03-12T12:49:11","guid":{"rendered":"https:\/\/www.esterpartners.com\/?page_id=32437"},"modified":"2025-03-12T13:13:31","modified_gmt":"2025-03-12T13:13:31","slug":"petit-bois-vision-plan","status":"publish","type":"page","link":"https:\/\/www.esterpartners.com\/hu\/petit-bois-vision-plan\/","title":{"rendered":"PETIT BOIS VISION PLAN"},"content":{"rendered":"<div data-elementor-type=\"wp-page\" data-elementor-id=\"32437\" class=\"elementor elementor-32437\" data-elementor-post-type=\"page\">\n\t\t\t\t\t\t<section class=\"elementor-section elementor-top-section elementor-element elementor-element-5437836d elementor-section-content-middle elementor-section-boxed elementor-section-height-default elementor-section-height-default\" data-id=\"5437836d\" data-element_type=\"section\" data-e-type=\"section\">\n\t\t\t\t\t\t<div class=\"elementor-container elementor-column-gap-default\">\n\t\t\t\t\t<div class=\"elementor-column elementor-col-100 elementor-top-column elementor-element elementor-element-2a531a07\" data-id=\"2a531a07\" data-element_type=\"column\" data-e-type=\"column\">\n\t\t\t<div class=\"elementor-widget-wrap elementor-element-populated\">\n\t\t\t\t\t\t<div class=\"elementor-element elementor-element-6f8a6d74 elementor-widget elementor-widget-heading\" data-id=\"6f8a6d74\" data-element_type=\"widget\" data-e-type=\"widget\" data-widget_type=\"heading.default\">\n\t\t\t\t<div class=\"elementor-widget-container\">\n\t\t\t\t\t<h2 class=\"elementor-heading-title elementor-size-small\">PETIT BOIS VISION PLAN<\/h2>\t\t\t\t<\/div>\n\t\t\t\t<\/div>\n\t\t\t\t\t<\/div>\n\t\t<\/div>\n\t\t\t\t\t<\/div>\n\t\t<\/section>\n\t\t\t\t<section class=\"elementor-section elementor-top-section elementor-element elementor-element-23ba5b5b elementor-section-boxed elementor-section-height-default elementor-section-height-default\" data-id=\"23ba5b5b\" data-element_type=\"section\" data-e-type=\"section\">\n\t\t\t\t\t\t<div class=\"elementor-container elementor-column-gap-default\">\n\t\t\t\t\t<div class=\"elementor-column elementor-col-100 elementor-top-column elementor-element elementor-element-3d22a011\" data-id=\"3d22a011\" data-element_type=\"column\" data-e-type=\"column\">\n\t\t\t<div class=\"elementor-widget-wrap elementor-element-populated\">\n\t\t\t\t\t\t<div class=\"elementor-element elementor-element-10b25c35 elementor-widget elementor-widget-gallery\" data-id=\"10b25c35\" data-element_type=\"widget\" data-e-type=\"widget\" data-settings=\"{&quot;gallery_layout&quot;:&quot;masonry&quot;,&quot;columns&quot;:1,&quot;gap&quot;:{&quot;unit&quot;:&quot;px&quot;,&quot;size&quot;:22,&quot;sizes&quot;:[]},&quot;columns_tablet&quot;:2,&quot;columns_mobile&quot;:1,&quot;gap_tablet&quot;:{&quot;unit&quot;:&quot;px&quot;,&quot;size&quot;:10,&quot;sizes&quot;:[]},&quot;gap_mobile&quot;:{&quot;unit&quot;:&quot;px&quot;,&quot;size&quot;:10,&quot;sizes&quot;:[]},&quot;link_to&quot;:&quot;file&quot;,&quot;overlay_background&quot;:&quot;yes&quot;,&quot;content_hover_animation&quot;:&quot;fade-in&quot;}\" data-widget_type=\"gallery.default\">\n\t\t\t\t<div class=\"elementor-widget-container\">\n\t\t\t\t\t\t\t<div class=\"elementor-gallery__container\">\n\t\t\t\t\t\t\t<a class=\"e-gallery-item elementor-gallery-item elementor-animated-content\" href=\"https:\/\/www.esterpartners.com\/wp-content\/uploads\/2024\/08\/LAKI-3-scaled.jpg\" data-elementor-open-lightbox=\"yes\" data-elementor-lightbox-slideshow=\"10b25c35\" data-e-action-hash=\"#elementor-action%3Aaction%3Dlightbox%26settings%3DeyJpZCI6MzAyMDAsInVybCI6Imh0dHBzOlwvXC93d3cuZXN0ZXJwYXJ0bmVycy5jb21cL3dwLWNvbnRlbnRcL3VwbG9hZHNcLzIwMjRcLzA4XC9MQUtJLTMtc2NhbGVkLmpwZyIsInNsaWRlc2hvdyI6IjEwYjI1YzM1In0%3D\">\n\t\t\t\t\t<div class=\"e-gallery-image elementor-gallery-item__image\" data-thumbnail=\"https:\/\/www.esterpartners.com\/wp-content\/uploads\/2024\/08\/LAKI-3-2048x1366.jpg\" data-width=\"2048\" data-height=\"1366\" aria-label=\"\" role=\"img\" ><\/div>\n\t\t\t\t\t\t\t\t\t\t\t<div class=\"elementor-gallery-item__overlay\"><\/div>\n\t\t\t\t\t\t\t\t\t\t\t\t\t\t<\/a>\n\t\t\t\t\t\t\t<a class=\"e-gallery-item elementor-gallery-item elementor-animated-content\" href=\"https:\/\/www.esterpartners.com\/wp-content\/uploads\/2024\/08\/LAKI-2-scaled.jpg\" data-elementor-open-lightbox=\"yes\" data-elementor-lightbox-slideshow=\"10b25c35\" data-e-action-hash=\"#elementor-action%3Aaction%3Dlightbox%26settings%3DeyJpZCI6MzAxOTksInVybCI6Imh0dHBzOlwvXC93d3cuZXN0ZXJwYXJ0bmVycy5jb21cL3dwLWNvbnRlbnRcL3VwbG9hZHNcLzIwMjRcLzA4XC9MQUtJLTItc2NhbGVkLmpwZyIsInNsaWRlc2hvdyI6IjEwYjI1YzM1In0%3D\">\n\t\t\t\t\t<div class=\"e-gallery-image elementor-gallery-item__image\" data-thumbnail=\"https:\/\/www.esterpartners.com\/wp-content\/uploads\/2024\/08\/LAKI-2-2048x1706.jpg\" data-width=\"2048\" data-height=\"1706\" aria-label=\"\" role=\"img\" ><\/div>\n\t\t\t\t\t\t\t\t\t\t\t<div class=\"elementor-gallery-item__overlay\"><\/div>\n\t\t\t\t\t\t\t\t\t\t\t\t\t\t<\/a>\n\t\t\t\t\t\t\t<a class=\"e-gallery-item elementor-gallery-item elementor-animated-content\" href=\"https:\/\/www.esterpartners.com\/wp-content\/uploads\/2024\/08\/LAKI-1-scaled.jpg\" data-elementor-open-lightbox=\"yes\" data-elementor-lightbox-slideshow=\"10b25c35\" data-e-action-hash=\"#elementor-action%3Aaction%3Dlightbox%26settings%3DeyJpZCI6MzAxOTgsInVybCI6Imh0dHBzOlwvXC93d3cuZXN0ZXJwYXJ0bmVycy5jb21cL3dwLWNvbnRlbnRcL3VwbG9hZHNcLzIwMjRcLzA4XC9MQUtJLTEtc2NhbGVkLmpwZyIsInNsaWRlc2hvdyI6IjEwYjI1YzM1In0%3D\">\n\t\t\t\t\t<div class=\"e-gallery-image elementor-gallery-item__image\" data-thumbnail=\"https:\/\/www.esterpartners.com\/wp-content\/uploads\/2024\/08\/LAKI-1-2048x1638.jpg\" data-width=\"2048\" data-height=\"1638\" aria-label=\"\" role=\"img\" ><\/div>\n\t\t\t\t\t\t\t\t\t\t\t<div class=\"elementor-gallery-item__overlay\"><\/div>\n\t\t\t\t\t\t\t\t\t\t\t\t\t\t<\/a>\n\t\t\t\t\t\t\t<a class=\"e-gallery-item elementor-gallery-item elementor-animated-content\" href=\"https:\/\/www.esterpartners.com\/wp-content\/uploads\/2023\/01\/laki_lakosztaly3_01.jpg\" data-elementor-open-lightbox=\"yes\" data-elementor-lightbox-slideshow=\"10b25c35\" data-e-action-hash=\"#elementor-action%3Aaction%3Dlightbox%26settings%3DeyJpZCI6MjM1OTQsInVybCI6Imh0dHBzOlwvXC93d3cuZXN0ZXJwYXJ0bmVycy5jb21cL3dwLWNvbnRlbnRcL3VwbG9hZHNcLzIwMjNcLzAxXC9sYWtpX2xha29zenRhbHkzXzAxLmpwZyIsInNsaWRlc2hvdyI6IjEwYjI1YzM1In0%3D\">\n\t\t\t\t\t<div class=\"e-gallery-image elementor-gallery-item__image\" data-thumbnail=\"https:\/\/www.esterpartners.com\/wp-content\/uploads\/2023\/01\/laki_lakosztaly3_01.jpg\" data-width=\"2000\" data-height=\"1600\" aria-label=\"\" role=\"img\" ><\/div>\n\t\t\t\t\t\t\t\t\t\t\t<div class=\"elementor-gallery-item__overlay\"><\/div>\n\t\t\t\t\t\t\t\t\t\t\t\t\t\t<\/a>\n\t\t\t\t\t\t\t<a class=\"e-gallery-item elementor-gallery-item elementor-animated-content\" href=\"https:\/\/www.esterpartners.com\/wp-content\/uploads\/2023\/01\/10_laki_lakosztaly1_06-scaled.jpg\" data-elementor-open-lightbox=\"yes\" data-elementor-lightbox-slideshow=\"10b25c35\" data-e-action-hash=\"#elementor-action%3Aaction%3Dlightbox%26settings%3DeyJpZCI6MjM1OTMsInVybCI6Imh0dHBzOlwvXC93d3cuZXN0ZXJwYXJ0bmVycy5jb21cL3dwLWNvbnRlbnRcL3VwbG9hZHNcLzIwMjNcLzAxXC8xMF9sYWtpX2xha29zenRhbHkxXzA2LXNjYWxlZC5qcGciLCJzbGlkZXNob3ciOiIxMGIyNWMzNSJ9\">\n\t\t\t\t\t<div class=\"e-gallery-image elementor-gallery-item__image\" data-thumbnail=\"https:\/\/www.esterpartners.com\/wp-content\/uploads\/2023\/01\/10_laki_lakosztaly1_06-2048x1706.jpg\" data-width=\"2048\" data-height=\"1706\" aria-label=\"\" role=\"img\" ><\/div>\n\t\t\t\t\t\t\t\t\t\t\t<div class=\"elementor-gallery-item__overlay\"><\/div>\n\t\t\t\t\t\t\t\t\t\t\t\t\t\t<\/a>\n\t\t\t\t\t\t\t<a class=\"e-gallery-item elementor-gallery-item elementor-animated-content\" href=\"https:\/\/www.esterpartners.com\/wp-content\/uploads\/2023\/01\/09_laki_lakosztaly1_04-scaled.jpg\" data-elementor-open-lightbox=\"yes\" data-elementor-lightbox-slideshow=\"10b25c35\" data-e-action-hash=\"#elementor-action%3Aaction%3Dlightbox%26settings%3DeyJpZCI6MjM1OTIsInVybCI6Imh0dHBzOlwvXC93d3cuZXN0ZXJwYXJ0bmVycy5jb21cL3dwLWNvbnRlbnRcL3VwbG9hZHNcLzIwMjNcLzAxXC8wOV9sYWtpX2xha29zenRhbHkxXzA0LXNjYWxlZC5qcGciLCJzbGlkZXNob3ciOiIxMGIyNWMzNSJ9\">\n\t\t\t\t\t<div class=\"e-gallery-image elementor-gallery-item__image\" data-thumbnail=\"https:\/\/www.esterpartners.com\/wp-content\/uploads\/2023\/01\/09_laki_lakosztaly1_04-2048x1241.jpg\" data-width=\"2048\" data-height=\"1241\" aria-label=\"\" role=\"img\" ><\/div>\n\t\t\t\t\t\t\t\t\t\t\t<div class=\"elementor-gallery-item__overlay\"><\/div>\n\t\t\t\t\t\t\t\t\t\t\t\t\t\t<\/a>\n\t\t\t\t\t\t\t<a class=\"e-gallery-item elementor-gallery-item elementor-animated-content\" href=\"https:\/\/www.esterpartners.com\/wp-content\/uploads\/2023\/01\/08laki_lakosztaly1_02-scaled.jpg\" data-elementor-open-lightbox=\"yes\" data-elementor-lightbox-slideshow=\"10b25c35\" data-e-action-hash=\"#elementor-action%3Aaction%3Dlightbox%26settings%3DeyJpZCI6MjM1OTEsInVybCI6Imh0dHBzOlwvXC93d3cuZXN0ZXJwYXJ0bmVycy5jb21cL3dwLWNvbnRlbnRcL3VwbG9hZHNcLzIwMjNcLzAxXC8wOGxha2lfbGFrb3N6dGFseTFfMDItc2NhbGVkLmpwZyIsInNsaWRlc2hvdyI6IjEwYjI1YzM1In0%3D\">\n\t\t\t\t\t<div class=\"e-gallery-image elementor-gallery-item__image\" data-thumbnail=\"https:\/\/www.esterpartners.com\/wp-content\/uploads\/2023\/01\/08laki_lakosztaly1_02-2048x1241.jpg\" data-width=\"2048\" data-height=\"1241\" aria-label=\"\" role=\"img\" ><\/div>\n\t\t\t\t\t\t\t\t\t\t\t<div class=\"elementor-gallery-item__overlay\"><\/div>\n\t\t\t\t\t\t\t\t\t\t\t\t\t\t<\/a>\n\t\t\t\t\t\t\t<a class=\"e-gallery-item elementor-gallery-item elementor-animated-content\" href=\"https:\/\/www.esterpartners.com\/wp-content\/uploads\/2023\/01\/07_laki_szoba1_03-scaled-e1673873002913.jpg\" data-elementor-open-lightbox=\"yes\" data-elementor-lightbox-slideshow=\"10b25c35\" data-e-action-hash=\"#elementor-action%3Aaction%3Dlightbox%26settings%3DeyJpZCI6MjM1OTAsInVybCI6Imh0dHBzOlwvXC93d3cuZXN0ZXJwYXJ0bmVycy5jb21cL3dwLWNvbnRlbnRcL3VwbG9hZHNcLzIwMjNcLzAxXC8wN19sYWtpX3N6b2JhMV8wMy1zY2FsZWQtZTE2NzM4NzMwMDI5MTMuanBnIiwic2xpZGVzaG93IjoiMTBiMjVjMzUifQ%3D%3D\">\n\t\t\t\t\t<div class=\"e-gallery-image elementor-gallery-item__image\" data-thumbnail=\"https:\/\/www.esterpartners.com\/wp-content\/uploads\/2023\/01\/07_laki_szoba1_03-2048x1706.jpg\" data-width=\"2048\" data-height=\"1706\" aria-label=\"\" role=\"img\" ><\/div>\n\t\t\t\t\t\t\t\t\t\t\t<div class=\"elementor-gallery-item__overlay\"><\/div>\n\t\t\t\t\t\t\t\t\t\t\t\t\t\t<\/a>\n\t\t\t\t\t\t\t<a class=\"e-gallery-item elementor-gallery-item elementor-animated-content\" href=\"https:\/\/www.esterpartners.com\/wp-content\/uploads\/2023\/01\/06_laki_szoba1_02-scaled.jpg\" data-elementor-open-lightbox=\"yes\" data-elementor-lightbox-slideshow=\"10b25c35\" data-e-action-hash=\"#elementor-action%3Aaction%3Dlightbox%26settings%3DeyJpZCI6MjM1ODksInVybCI6Imh0dHBzOlwvXC93d3cuZXN0ZXJwYXJ0bmVycy5jb21cL3dwLWNvbnRlbnRcL3VwbG9hZHNcLzIwMjNcLzAxXC8wNl9sYWtpX3N6b2JhMV8wMi1zY2FsZWQuanBnIiwic2xpZGVzaG93IjoiMTBiMjVjMzUifQ%3D%3D\">\n\t\t\t\t\t<div class=\"e-gallery-image elementor-gallery-item__image\" data-thumbnail=\"https:\/\/www.esterpartners.com\/wp-content\/uploads\/2023\/01\/06_laki_szoba1_02-2048x1706.jpg\" data-width=\"2048\" data-height=\"1706\" aria-label=\"\" role=\"img\" ><\/div>\n\t\t\t\t\t\t\t\t\t\t\t<div class=\"elementor-gallery-item__overlay\"><\/div>\n\t\t\t\t\t\t\t\t\t\t\t\t\t\t<\/a>\n\t\t\t\t\t<\/div>\n\t\t\t\t\t<\/div>\n\t\t\t\t<\/div>\n\t\t\t\t\t<\/div>\n\t\t<\/div>\n\t\t\t\t\t<\/div>\n\t\t<\/section>\n\t\t\t\t<\/div>","protected":false},"excerpt":{"rendered":"<p>PETIT BOIS VISION PLAN<\/p>","protected":false},"author":2,"featured_media":23593,"parent":0,"menu_order":0,"comment_status":"closed","ping_status":"closed","template":"elementor_header_footer","meta":{"footnotes":""},"class_list":["post-32437","page","type-page","status-publish","has-post-thumbnail","hentry"],"yoast_head":"<!-- This site is optimized with the Yoast SEO plugin v27.5 - https:\/\/yoast.com\/product\/yoast-seo-wordpress\/ -->\n<title>PETIT BOIS VISION PLAN - esterpartners<\/title>\n<meta name=\"robots\" content=\"index, follow, max-snippet:-1, max-image-preview:large, max-video-preview:-1\" \/>\n<link rel=\"canonical\" href=\"https:\/\/www.esterpartners.com\/hu\/petit-bois-vision-plan\/\" \/>\n<meta property=\"og:locale\" content=\"hu_HU\" \/>\n<meta property=\"og:type\" content=\"article\" \/>\n<meta property=\"og:title\" content=\"PETIT BOIS VISION PLAN - esterpartners\" \/>\n<meta property=\"og:description\" content=\"PETIT BOIS VISION PLAN\" \/>\n<meta property=\"og:url\" content=\"https:\/\/www.esterpartners.com\/hu\/petit-bois-vision-plan\/\" \/>\n<meta property=\"og:site_name\" content=\"esterpartners\" \/>\n<meta property=\"article:publisher\" content=\"https:\/\/www.facebook.com\/esterpartners\" \/>\n<meta property=\"article:modified_time\" content=\"2025-03-12T13:13:31+00:00\" \/>\n<meta property=\"og:image\" content=\"https:\/\/www.esterpartners.com\/wp-content\/uploads\/2023\/01\/10_laki_lakosztaly1_06-scaled.jpg\" \/>\n\t<meta property=\"og:image:width\" content=\"2560\" \/>\n\t<meta property=\"og:image:height\" content=\"2133\" \/>\n\t<meta property=\"og:image:type\" content=\"image\/jpeg\" \/>\n<meta name=\"twitter:card\" content=\"summary_large_image\" \/>\n<meta name=\"twitter:label1\" content=\"Becs\u00fclt olvas\u00e1si id\u0151\" \/>\n\t<meta name=\"twitter:data1\" content=\"1 perc\" \/>\n<script type=\"application\/ld+json\" class=\"yoast-schema-graph\">{\"@context\":\"https:\\\/\\\/schema.org\",\"@graph\":[{\"@type\":\"WebPage\",\"@id\":\"https:\\\/\\\/www.esterpartners.com\\\/petit-bois-vision-plan\\\/\",\"url\":\"https:\\\/\\\/www.esterpartners.com\\\/petit-bois-vision-plan\\\/\",\"name\":\"PETIT BOIS VISION PLAN - esterpartners\",\"isPartOf\":{\"@id\":\"https:\\\/\\\/www.esterpartners.com\\\/#website\"},\"primaryImageOfPage\":{\"@id\":\"https:\\\/\\\/www.esterpartners.com\\\/petit-bois-vision-plan\\\/#primaryimage\"},\"image\":{\"@id\":\"https:\\\/\\\/www.esterpartners.com\\\/petit-bois-vision-plan\\\/#primaryimage\"},\"thumbnailUrl\":\"https:\\\/\\\/www.esterpartners.com\\\/wp-content\\\/uploads\\\/2023\\\/01\\\/10_laki_lakosztaly1_06-scaled.jpg\",\"datePublished\":\"2025-03-12T12:49:11+00:00\",\"dateModified\":\"2025-03-12T13:13:31+00:00\",\"breadcrumb\":{\"@id\":\"https:\\\/\\\/www.esterpartners.com\\\/petit-bois-vision-plan\\\/#breadcrumb\"},\"inLanguage\":\"hu\",\"potentialAction\":[{\"@type\":\"ReadAction\",\"target\":[\"https:\\\/\\\/www.esterpartners.com\\\/petit-bois-vision-plan\\\/\"]}]},{\"@type\":\"ImageObject\",\"inLanguage\":\"hu\",\"@id\":\"https:\\\/\\\/www.esterpartners.com\\\/petit-bois-vision-plan\\\/#primaryimage\",\"url\":\"https:\\\/\\\/www.esterpartners.com\\\/wp-content\\\/uploads\\\/2023\\\/01\\\/10_laki_lakosztaly1_06-scaled.jpg\",\"contentUrl\":\"https:\\\/\\\/www.esterpartners.com\\\/wp-content\\\/uploads\\\/2023\\\/01\\\/10_laki_lakosztaly1_06-scaled.jpg\",\"width\":2560,\"height\":2133},{\"@type\":\"BreadcrumbList\",\"@id\":\"https:\\\/\\\/www.esterpartners.com\\\/petit-bois-vision-plan\\\/#breadcrumb\",\"itemListElement\":[{\"@type\":\"ListItem\",\"position\":1,\"name\":\"Home\",\"item\":\"https:\\\/\\\/www.esterpartners.com\\\/\"},{\"@type\":\"ListItem\",\"position\":2,\"name\":\"PETIT BOIS VISION PLAN\"}]},{\"@type\":\"WebSite\",\"@id\":\"https:\\\/\\\/www.esterpartners.com\\\/#website\",\"url\":\"https:\\\/\\\/www.esterpartners.com\\\/\",\"name\":\"esterpartners\",\"description\":\"interior architecture\",\"publisher\":{\"@id\":\"https:\\\/\\\/www.esterpartners.com\\\/#organization\"},\"potentialAction\":[{\"@type\":\"SearchAction\",\"target\":{\"@type\":\"EntryPoint\",\"urlTemplate\":\"https:\\\/\\\/www.esterpartners.com\\\/?s={search_term_string}\"},\"query-input\":{\"@type\":\"PropertyValueSpecification\",\"valueRequired\":true,\"valueName\":\"search_term_string\"}}],\"inLanguage\":\"hu\"},{\"@type\":\"Organization\",\"@id\":\"https:\\\/\\\/www.esterpartners.com\\\/#organization\",\"name\":\"esterpartners\",\"url\":\"https:\\\/\\\/www.esterpartners.com\\\/\",\"logo\":{\"@type\":\"ImageObject\",\"inLanguage\":\"hu\",\"@id\":\"https:\\\/\\\/www.esterpartners.com\\\/#\\\/schema\\\/logo\\\/image\\\/\",\"url\":\"https:\\\/\\\/www.esterpartners.com\\\/wp-content\\\/uploads\\\/2023\\\/04\\\/ESTERPARTNERS__logo_full_black.png\",\"contentUrl\":\"https:\\\/\\\/www.esterpartners.com\\\/wp-content\\\/uploads\\\/2023\\\/04\\\/ESTERPARTNERS__logo_full_black.png\",\"width\":2354,\"height\":911,\"caption\":\"esterpartners\"},\"image\":{\"@id\":\"https:\\\/\\\/www.esterpartners.com\\\/#\\\/schema\\\/logo\\\/image\\\/\"},\"sameAs\":[\"https:\\\/\\\/www.facebook.com\\\/esterpartners\"]}]}<\/script>\n<!-- \/ Yoast SEO plugin. -->","yoast_head_json":{"title":"PETIT BOIS VISION PLAN - esterpartners","robots":{"index":"index","follow":"follow","max-snippet":"max-snippet:-1","max-image-preview":"max-image-preview:large","max-video-preview":"max-video-preview:-1"},"canonical":"https:\/\/www.esterpartners.com\/hu\/petit-bois-vision-plan\/","og_locale":"hu_HU","og_type":"article","og_title":"PETIT BOIS VISION PLAN - esterpartners","og_description":"PETIT BOIS VISION PLAN","og_url":"https:\/\/www.esterpartners.com\/hu\/petit-bois-vision-plan\/","og_site_name":"esterpartners","article_publisher":"https:\/\/www.facebook.com\/esterpartners","article_modified_time":"2025-03-12T13:13:31+00:00","og_image":[{"width":2560,"height":2133,"url":"https:\/\/www.esterpartners.com\/wp-content\/uploads\/2023\/01\/10_laki_lakosztaly1_06-scaled.jpg","type":"image\/jpeg"}],"twitter_card":"summary_large_image","twitter_misc":{"Becs\u00fclt olvas\u00e1si id\u0151":"1 perc"},"schema":{"@context":"https:\/\/schema.org","@graph":[{"@type":"WebPage","@id":"https:\/\/www.esterpartners.com\/petit-bois-vision-plan\/","url":"https:\/\/www.esterpartners.com\/petit-bois-vision-plan\/","name":"PETIT BOIS VISION PLAN - esterpartners","isPartOf":{"@id":"https:\/\/www.esterpartners.com\/#website"},"primaryImageOfPage":{"@id":"https:\/\/www.esterpartners.com\/petit-bois-vision-plan\/#primaryimage"},"image":{"@id":"https:\/\/www.esterpartners.com\/petit-bois-vision-plan\/#primaryimage"},"thumbnailUrl":"https:\/\/www.esterpartners.com\/wp-content\/uploads\/2023\/01\/10_laki_lakosztaly1_06-scaled.jpg","datePublished":"2025-03-12T12:49:11+00:00","dateModified":"2025-03-12T13:13:31+00:00","breadcrumb":{"@id":"https:\/\/www.esterpartners.com\/petit-bois-vision-plan\/#breadcrumb"},"inLanguage":"hu","potentialAction":[{"@type":"ReadAction","target":["https:\/\/www.esterpartners.com\/petit-bois-vision-plan\/"]}]},{"@type":"ImageObject","inLanguage":"hu","@id":"https:\/\/www.esterpartners.com\/petit-bois-vision-plan\/#primaryimage","url":"https:\/\/www.esterpartners.com\/wp-content\/uploads\/2023\/01\/10_laki_lakosztaly1_06-scaled.jpg","contentUrl":"https:\/\/www.esterpartners.com\/wp-content\/uploads\/2023\/01\/10_laki_lakosztaly1_06-scaled.jpg","width":2560,"height":2133},{"@type":"BreadcrumbList","@id":"https:\/\/www.esterpartners.com\/petit-bois-vision-plan\/#breadcrumb","itemListElement":[{"@type":"ListItem","position":1,"name":"Home","item":"https:\/\/www.esterpartners.com\/"},{"@type":"ListItem","position":2,"name":"PETIT BOIS VISION PLAN"}]},{"@type":"WebSite","@id":"https:\/\/www.esterpartners.com\/#website","url":"https:\/\/www.esterpartners.com\/","name":"esterpartners","description":"interior architecture","publisher":{"@id":"https:\/\/www.esterpartners.com\/#organization"},"potentialAction":[{"@type":"SearchAction","target":{"@type":"EntryPoint","urlTemplate":"https:\/\/www.esterpartners.com\/?s={search_term_string}"},"query-input":{"@type":"PropertyValueSpecification","valueRequired":true,"valueName":"search_term_string"}}],"inLanguage":"hu"},{"@type":"Organization","@id":"https:\/\/www.esterpartners.com\/#organization","name":"esterpartners","url":"https:\/\/www.esterpartners.com\/","logo":{"@type":"ImageObject","inLanguage":"hu","@id":"https:\/\/www.esterpartners.com\/#\/schema\/logo\/image\/","url":"https:\/\/www.esterpartners.com\/wp-content\/uploads\/2023\/04\/ESTERPARTNERS__logo_full_black.png","contentUrl":"https:\/\/www.esterpartners.com\/wp-content\/uploads\/2023\/04\/ESTERPARTNERS__logo_full_black.png","width":2354,"height":911,"caption":"esterpartners"},"image":{"@id":"https:\/\/www.esterpartners.com\/#\/schema\/logo\/image\/"},"sameAs":["https:\/\/www.facebook.com\/esterpartners"]}]}},"_links":{"self":[{"href":"https:\/\/www.esterpartners.com\/hu\/wp-json\/wp\/v2\/pages\/32437","targetHints":{"allow":["GET"]}}],"collection":[{"href":"https:\/\/www.esterpartners.com\/hu\/wp-json\/wp\/v2\/pages"}],"about":[{"href":"https:\/\/www.esterpartners.com\/hu\/wp-json\/wp\/v2\/types\/page"}],"author":[{"embeddable":true,"href":"https:\/\/www.esterpartners.com\/hu\/wp-json\/wp\/v2\/users\/2"}],"replies":[{"embeddable":true,"href":"https:\/\/www.esterpartners.com\/hu\/wp-json\/wp\/v2\/comments?post=32437"}],"version-history":[{"count":0,"href":"https:\/\/www.esterpartners.com\/hu\/wp-json\/wp\/v2\/pages\/32437\/revisions"}],"wp:featuredmedia":[{"embeddable":true,"href":"https:\/\/www.esterpartners.com\/hu\/wp-json\/wp\/v2\/media\/23593"}],"wp:attachment":[{"href":"https:\/\/www.esterpartners.com\/hu\/wp-json\/wp\/v2\/media?parent=32437"}],"curies":[{"name":"wp","href":"https:\/\/api.w.org\/{rel}","templated":true}]}}